{"id":1010,"date":"2018-10-18T09:11:52","date_gmt":"2018-10-18T09:11:52","guid":{"rendered":"http:\/\/efimezotur.mediacenter11.hu\/?page_id=1010"},"modified":"2019-10-08T11:54:04","modified_gmt":"2019-10-08T10:54:04","slug":"lelki-egeszseg-vilagnapja","status":"publish","type":"page","link":"https:\/\/efimezotur.hu\/?page_id=1010","title":{"rendered":"Lelki Eg\u00e9szs\u00e9g Vil\u00e1gnapja"},"content":{"rendered":"<p style=\"text-align: center;\">1992 \u00f3ta<b> okt\u00f3ber 10<\/b>-\u00e9n van a <b>Lelki Eg\u00e9szs\u00e9g Vil\u00e1gnapja<\/b>.<\/p>\n<p style=\"text-align: left;\">Ez a nap ebben az \u00e9vben haz\u00e1nkban egybeesik egy, az Eg\u00e9szs\u00e9g\u00fcgyi Vil\u00e1gszervezet (WHO) Magyarorsz\u00e1gi Irod\u00e1j\u00e1nak megb\u00edz\u00e1s\u00e1b\u00f3l \u00e9s t\u00e1mogat\u00e1s\u00e1val k\u00e9sz\u00fclt t\u00e1j\u00e9koztat\u00f3 film megjelen\u00e9s\u00e9vel, amelyet ez\u00faton adunk k\u00f6zre \u00d6nnek \u00e9s munkat\u00e1rsainak tov\u00e1bbi sz\u00edves felhaszn\u00e1l\u00e1sra.<u><\/u><u><\/u><\/p>\n<p style=\"text-align: left;\"><u><\/u>&nbsp;<u><\/u><\/p>\n<p style=\"text-align: left;\">A vide\u00f3 magyar producer-, \u00fajs\u00e1g\u00edr\u00f3- \u00e9s szerkeszt\u0151csapat egy\u00fcttm\u0171k\u00f6d\u00e9s\u00e9vel k\u00e9sz\u00fclt egy skizofr\u00e9ni\u00e1val \u00e9l\u0151 magyar fiatalember \u00e9s feles\u00e9ge val\u00f3s \u00e9let\u00e9r\u0151l \u00e9s tapasztalatair\u00f3l. A veszpr\u00e9mi Oravetz D\u00e1niel m\u00e9g egyetemi hallgat\u00f3 volt, amikor a szkizofr\u00e9nia els\u0151 t\u00fcnetei jelentkeztek n\u00e1la, \u00e9s az\u00f3ta k\u00fczd egy olyan betegs\u00e9ggel, amely kihat az eg\u00e9sz \u00e9let\u00e9re, kih\u00edv\u00e1st jelenthet az eg\u00e9szs\u00e9g\u00e9re, a csal\u00e1di \u00e9let\u00e9re, a munkak\u00e9pess\u00e9g\u00e9re \u00e9s minden m\u00e1sra a szem\u00e9lye k\u00f6r\u00fcl. <u><\/u><u><\/u><\/p>\n<p style=\"text-align: left;\">A film hiteles besz\u00e1mol\u00f3 arr\u00f3l, hogy az emberek hogyan tudnak megbirk\u00f3zni s\u00falyos ment\u00e1lis betegs\u00e9gekkel, ha eg\u00e9szs\u00e9g\u00fcgyi szakemberek gondoskodnak r\u00f3luk, szeretteik \u00e9s a k\u00f6z\u00f6ss\u00e9g elfogadja \u00e9s t\u00e1mogatja \u0151ket, \u00edgy tehets\u00e9g\u00fcket, k\u00e9pess\u00e9geiket a t\u00e1rsadalom jav\u00e1ra haszn\u00e1lhatj\u00e1k.<u><\/u><u><\/u><\/p>\n<p style=\"text-align: left;\">B\u00e1r az idei Lelki Eg\u00e9szs\u00e9g Vil\u00e1gnapja f\u0151 t\u00e9m\u00e1ja az \u00f6ngyilkoss\u00e1g, a vide\u00f3t azok sz\u00e1m\u00e1ra szeretn\u00e9nk eljuttatni az eg\u00e9szs\u00e9gfejleszt\u00e9si irod\u00e1kat is bevonva, akik rem\u00e9nytelennek \u00e9rzik helyzet\u00fcket, vagy elbizonytalanodtak, mert ment\u00e1lis beteg van a csal\u00e1djukban. Dani t\u00f6rt\u00e9nete b\u00e1tor\u00edthatja \u0151ket, \u00e9s rem\u00e9nyt adhat nekik.<u><\/u><u><\/u><\/p>\n<p style=\"text-align: center;\"><u><\/u>&nbsp;<u><\/u><\/p>\n<p style=\"text-align: center;\">A vide\u00f3 (magyarul angol felirattal) a k\u00f6vetkez\u0151 oldalon tal\u00e1lhat\u00f3:<u><\/u><u><\/u><\/p>\n<p style=\"text-align: center;\">\u2022 A WHO Magyarorsz\u00e1g oldala: <a href=\"http:\/\/www.euro.who.int\/en\/countries\/hungary\/_recache\" target=\"_blank\" rel=\"noopener noreferrer\">http:\/\/www.euro.who.int\/en\/countries\/hungary\/_recache<\/a><\/p>\n<p style=\"text-align: center;\">\u2022 A WHO nem fert\u0151z\u0151 betegs\u00e9gekr\u0151l sz\u00f3l\u00f3 eur\u00f3pai oldala: <a href=\"http:\/\/www.euro.who.int\/en\/health-topics\/noncommunicable-diseases\/mental-health\/videogallery\" target=\"_blank\" rel=\"noopener noreferrer\"> http:\/\/www.euro.who.int\/en\/health-topics\/noncommunicable-diseases\/mental-health\/videogallery<\/a><\/p>\n<p><u><\/u>&nbsp;<u><\/u><\/p>\n<p>Rem\u00e9lj\u00fck, hogy a vide\u00f3t inspir\u00e1l\u00f3nak tal\u00e1lj\u00e1k!<\/p>\n<p>&nbsp;<\/p>\n<p style=\"text-align: center;\">N\u00e9peg\u00e9szs\u00e9g\u00fcgy fejleszt\u00e9se a ment\u00e1lis eg\u00e9szs\u00e9g ter\u00fclet\u00e9n a Mez\u0151t\u00fari j\u00e1r\u00e1sban<\/p>\n<p style=\"text-align: center;\">EFOP-1.8.20-17-2017-00018<\/p>\n<p style=\"text-align: center;\"><strong>&nbsp;Lelki Eg\u00e9szs\u00e9g Vil\u00e1gnapja<\/strong><\/p>\n<p>Ha meg kellene hat\u00e1roznunk az eg\u00e9szs\u00e9g fogalm\u00e1t, a legt\u00f6bben val\u00f3sz\u00edn\u0171leg arra gondoln\u00e1nk, hogy az az eg\u00e9szs\u00e9ges ember, aki semmilyen betegs\u00e9gben nem szenved. Az Eg\u00e9szs\u00e9g\u00fcgyi Vil\u00e1gszervezet (WHO) megfogalmaz\u00e1sa szerint azonban az eg\u00e9szs\u00e9g fogalma t\u00falmutat a betegs\u00e9g hi\u00e1ny\u00e1n, sokkal ink\u00e1bb \u201ea teljes testi, lelki \u00e9s szoci\u00e1lis j\u00f3ll\u00e9t \u00e1llapot\u00e1t\u201d \u00e9rthetj\u00fck rajta. Ahogy ezt a szervezet defin\u00edci\u00f3j\u00e1ban is kiemeli, az emberi j\u00f3ll\u00e9t alapvet\u0151 eleme a ment\u00e1lis eg\u00e9szs\u00e9g. Ennek megfelel\u0151en a lelki eg\u00e9szs\u00e9g megfogalmaz\u00e1sa sor\u00e1n szint\u00e9n nem csak a ment\u00e1lis betegs\u00e9gek hi\u00e1nya \u00e9rtend\u0151, hanem egy olyan \u201ej\u00f3ll\u00e9ti \u00e1llapotra gondolhatunk, amelyben az egy\u00e9n felismeri saj\u00e1t k\u00e9pess\u00e9geit, meg tud k\u00fczdeni a mindennapi \u00e9letben \u00e1ltal\u00e1nosan el\u0151fordul\u00f3 stressz faktorokkal, produkt\u00edv munkav\u00e9gz\u00e9sre k\u00e9pes \u00e9s hozz\u00e1j\u00e1rul a k\u00f6z\u00f6ss\u00e9g m\u0171k\u00f6d\u00e9s\u00e9hez\u201d.<\/p>\n<p>A t\u00e9ma fontoss\u00e1g\u00e1t felismerve a Lelki Eg\u00e9szs\u00e9g Vil\u00e1gsz\u00f6vets\u00e9ge (WFMH) 1992 \u00f3ta tartja okt\u00f3ber 10-\u00e9t a Lelki Eg\u00e9szs\u00e9g Vil\u00e1gnapj\u00e1nak. A szervezet c\u00e9lkit\u0171z\u00e9sei k\u00f6z\u00f6tt szerepel, hogy kihangs\u00falyozza a lelki eg\u00e9szs\u00e9g meg\u0151rz\u00e9s\u00e9nek jelent\u0151s\u00e9g\u00e9t, illetve a ment\u00e1lis \u00e9s \u00e9rzelmi zavarok megel\u0151z\u00e9s\u00e9t, valamint azon szem\u00e9lyek megfelel\u0151 ell\u00e1t\u00e1s\u00e1t, fel\u00e9p\u00fcl\u00e9s\u00e9nek seg\u00edt\u00e9s\u00e9t, akik valamilyen hasonl\u00f3 betegs\u00e9gben szenvednek.&nbsp; A vil\u00e1gsz\u00f6vets\u00e9g minden \u00e9vben egy-egy kiemelt t\u00e9m\u00e1val foglalkozik, kor\u00e1bban t\u00f6bbek k\u00f6z\u00f6tt szerepelt a depresszi\u00f3, a kr\u00f3nikus betegs\u00e9gek, a skizofr\u00e9nia \u00e9s a gyermekek ment\u00e1lis eg\u00e9szs\u00e9g\u00e9nek k\u00e9rd\u00e9sk\u00f6re is. Az idei \u00e9v f\u00f3kusza a \u201efiatalok ment\u00e1lis eg\u00e9szs\u00e9ge a v\u00e1ltoz\u00f3 vil\u00e1gban\u201d.<\/p>\n<p>Ez a koroszt\u00e1ly napjainkban ugyanis hossz\u00fa id\u0151ket t\u00f6lt a sz\u00e1m\u00edt\u00f3g\u00e9p el\u0151tt \u00fclve, az internetet b\u00f6ng\u00e9szve, ahol sz\u00e1mos negat\u00edv hat\u00e1ssal tal\u00e1lkozhatnak, p\u00e9ld\u00e1ul er\u0151szakos videoj\u00e1t\u00e9kokkal, internetes zaklat\u00e1ssal. Szint\u00e9n kiemelend\u0151 a fiatalok k\u00f6r\u00e9ben a vil\u00e1gszerte n\u00f6vekv\u0151 szerhaszn\u00e1lat vagy az \u00f6ngyilkoss\u00e1gi gondolatok, k\u00eds\u00e9rletek megjelen\u00e9se, valamint az \u00e9nk\u00e9phez, \u00f6n\u00e9rt\u00e9kel\u00e9shez kapcsol\u00f3d\u00f3 bizonytalans\u00e1gok. Ezen k\u00edv\u00fcl t\u00f6bb komoly ment\u00e1lis betegs\u00e9g is fiatal feln\u0151ttkorban kezd\u0151dhet, azonban ebben a koroszt\u00e1lyban m\u00e9g keveset tudnak ezekr\u0151l a zavarokr\u00f3l. \u00cdgy mindenk\u00e9ppen fontos, hogy felh\u00edvjuk a figyelmet arra, hogy a serd\u00fcl\u0151k, illetve a fiatal feln\u0151ttek milyen neh\u00e9zs\u00e9gekkel n\u00e9zhetnek szembe. Ugyanis m\u00edg a fizikai, testi panaszokra, probl\u00e9m\u00e1kra azonnal megold\u00e1st \u00e9s ell\u00e1t\u00e1st keres\u00fcnk, a lelki t\u00fcneteinkkel kev\u00e9sb\u00e9 vagyunk hajlamosak seg\u00edts\u00e9get keresni. \u00c9s b\u00e1r a ment\u00e1lis betegs\u00e9gek ter\u00fclete m\u00e9g kev\u00e9sb\u00e9 felt\u00e9rk\u00e9pezett r\u00e9sze az orvosl\u00e1snak, bizonyos ismeretekkel \u00e9s k\u00e9pess\u00e9gekkel m\u00e1r rendelkez\u00fcnk ahhoz, hogy cs\u00f6kkents\u00fck a lelki betegs\u00e9gek okozta nyom\u00e1st \u00e9s terhet az abban szenved\u0151k sz\u00e1m\u00e1ra, legyen sz\u00f3 feln\u0151ttr\u0151l, fiatalr\u00f3l vagy kisgyermekr\u0151l. Merj\u00fcnk besz\u00e9lni a k\u00e9ts\u00e9geinkr\u0151l, f\u00e9lelmeinkr\u0151l, esetleges probl\u00e9m\u00e1inkr\u00f3l, hiszen lelki j\u00f3ll\u00e9t\u00fcnk is legal\u00e1bb annyira fontos, mint fizikai eg\u00e9szs\u00e9g\u00fcnk!<\/p>\n<p>Mint m\u00e1r arr\u00f3l kor\u00e1bban is besz\u00e1moltunk, id\u00e9n szeptemberben alakult meg v\u00e1rosunkban a Lelki Eg\u00e9szs\u00e9g K\u00f6zpont, amelynek c\u00e9lkit\u0171z\u00e9sei azonosak a Lelki Eg\u00e9szs\u00e9g Vil\u00e1gszervezet c\u00e9ljaival. A LEK a tov\u00e1bbiakban k\u00fcl\u00f6n\u00f6s figyelmet fog ford\u00edtani arra, hogy mindenki sz\u00e1m\u00e1ra \u00e9rthet\u0151 form\u00e1ban t\u00e1j\u00e9koztat\u00e1st ny\u00fajtson a mez\u0151t\u00fari kist\u00e9rs\u00e9g lakosai sz\u00e1m\u00e1ra a lelki a lelki eg\u00e9szs\u00e9g t\u00e9mak\u00f6r\u00e9be tartoz\u00f3 jelens\u00e9gekr\u0151l, ill. a leggyakrabban el\u0151fordul\u00f3 lelki betegs\u00e9gekr\u0151l.<\/p>\n<p>&nbsp;<\/p>\n<p style=\"text-align: right;\">T\u00f3th Rita<\/p>\n<p style=\"text-align: right;\">okleveles pszichol\u00f3gus<\/p>\n<p>&nbsp;<\/p>\n<p><strong>El\u00e9rhet\u0151s\u00e9gek:<\/strong><\/p>\n<p>N\u00e9v\/c\u00edm: Mez\u0151t\u00fari K\u00f3rh\u00e1z \u00e9s Rendel\u0151int\u00e9zet<\/p>\n<p>&nbsp;&nbsp;&nbsp;&nbsp;&nbsp;&nbsp;&nbsp;&nbsp;&nbsp;&nbsp;&nbsp;&nbsp;&nbsp; Eg\u00e9szs\u00e9gfejleszt\u00e9si Iroda<\/p>\n<p>&nbsp;&nbsp;&nbsp;&nbsp;&nbsp;&nbsp;&nbsp;&nbsp;&nbsp;&nbsp;&nbsp;&nbsp;&nbsp; 5400 Mez\u0151t\u00far<\/p>\n<p>&nbsp;&nbsp;&nbsp;&nbsp;&nbsp;&nbsp;&nbsp;&nbsp;&nbsp;&nbsp;&nbsp;&nbsp;&nbsp; Kossuth u. 9.-11.<\/p>\n<p>Telefon: 06-56\/550-427<\/p>\n","protected":false},"excerpt":{"rendered":"<p>1992 \u00f3ta okt\u00f3ber 10-\u00e9n van a Lelki Eg\u00e9szs\u00e9g Vil\u00e1gnapja. Ez a nap ebben az \u00e9vben haz\u00e1nkban egybeesik egy, az Eg\u00e9szs\u00e9g\u00fcgyi Vil\u00e1gszervezet (WHO) Magyarorsz\u00e1gi Irod\u00e1j\u00e1nak megb\u00edz\u00e1s\u00e1b\u00f3l \u00e9s t\u00e1mogat\u00e1s\u00e1val k\u00e9sz\u00fclt t\u00e1j\u00e9koztat\u00f3 film megjelen\u00e9s\u00e9vel, amelyet ez\u00faton adunk k\u00f6zre \u00d6nnek \u00e9s munkat\u00e1rsainak tov\u00e1bbi sz\u00edves felhaszn\u00e1l\u00e1sra. &nbsp; A vide\u00f3 magyar producer-, \u00fajs\u00e1g\u00edr\u00f3- \u00e9s szerkeszt\u0151csapat egy\u00fcttm\u0171k\u00f6d\u00e9s\u00e9vel k\u00e9sz\u00fclt egy skizofr\u00e9ni\u00e1val \u00e9l\u0151 magyar [&hellip;]<\/p>\n","protected":false},"author":2,"featured_media":0,"parent":0,"menu_order":0,"comment_status":"closed","ping_status":"closed","template":"","meta":{"ngg_post_thumbnail":0,"footnotes":""},"class_list":["post-1010","page","type-page","status-publish","hentry"],"_links":{"self":[{"href":"https:\/\/efimezotur.hu\/index.php?rest_route=\/wp\/v2\/pages\/1010","targetHints":{"allow":["GET"]}}],"collection":[{"href":"https:\/\/efimezotur.hu\/index.php?rest_route=\/wp\/v2\/pages"}],"about":[{"href":"https:\/\/efimezotur.hu\/index.php?rest_route=\/wp\/v2\/types\/page"}],"author":[{"embeddable":true,"href":"https:\/\/efimezotur.hu\/index.php?rest_route=\/wp\/v2\/users\/2"}],"replies":[{"embeddable":true,"href":"https:\/\/efimezotur.hu\/index.php?rest_route=%2Fwp%2Fv2%2Fcomments&post=1010"}],"version-history":[{"count":6,"href":"https:\/\/efimezotur.hu\/index.php?rest_route=\/wp\/v2\/pages\/1010\/revisions"}],"predecessor-version":[{"id":1488,"href":"https:\/\/efimezotur.hu\/index.php?rest_route=\/wp\/v2\/pages\/1010\/revisions\/1488"}],"wp:attachment":[{"href":"https:\/\/efimezotur.hu\/index.php?rest_route=%2Fwp%2Fv2%2Fmedia&parent=1010"}],"curies":[{"name":"wp","href":"https:\/\/api.w.org\/{rel}","templated":true}]}}