{"id":1046,"date":"2018-10-26T06:18:57","date_gmt":"2018-10-26T06:18:57","guid":{"rendered":"http:\/\/efimezotur.mediacenter11.hu\/?page_id=1046"},"modified":"2019-02-25T13:05:47","modified_gmt":"2019-02-25T12:05:47","slug":"szakmai-anyagok-2","status":"publish","type":"page","link":"https:\/\/efimezotur.hu\/?page_id=1046","title":{"rendered":"Szakmai anyagok"},"content":{"rendered":"<h2 id=\"StBttn1-unk\" class=\"StBttn1-unk_hn7pu4rl\" data-align=\"center\" data-disabled=\"false\" data-margin=\"0\" data-should-use-flex=\"true\" data-state=\"desktop shouldUseFlex center\" data-reactid=\".0.$SITE_ROOT.$desktop_siteRoot.$PAGES_CONTAINER.1.1.$SITE_PAGES.$c1di6_DESKTOP.4.$Cntnrc-7u7.1.$StBttn1-unk\" data-prev-text=\"A helyes testtart\u00e1s\" data-prev-min-width=\"156\" data-prev-width=\"156\"><span class=\"color_24\">El\u0151ad\u00e1sok:<\/span><\/h2>\n<p><a href=\"http:\/\/efimezotur.mediacenter11.hu\/wp-content\/uploads\/2018\/10\/BEMUTATKOZIK-A-LELKI-EG\u00c9SZS\u00c9G-K\u00d6ZPONT..pptx\">BEMUTATKOZIK A LELKI EG\u00c9SZS\u00c9G K\u00d6ZPONT.<\/a><\/p>\n<p><a href=\"http:\/\/efimezotur.mediacenter11.hu\/wp-content\/uploads\/2018\/10\/A-daganatos-betegs\u00e9gek-lelki-vonatkoz\u00e1sai..pptx\">A daganatos betegs\u00e9gek lelki vonatkoz\u00e1sai.<\/a><\/p>\n<p><a href=\"http:\/\/efimezotur.mediacenter11.hu\/wp-content\/uploads\/2018\/10\/Elmag\u00e1nyosod\u00e1s..pptx\">Elmag\u00e1nyosod\u00e1s.<\/a><\/p>\n<p><a href=\"http:\/\/efimezotur.mediacenter11.hu\/wp-content\/uploads\/2018\/10\/\u00c9N-\u00e9s-a-M\u00c1SIK..docx\">\u00c9N \u00e9s a M\u00c1SIK.<\/a><\/p>\n<p><a href=\"http:\/\/efimezotur.mediacenter11.hu\/wp-content\/uploads\/2018\/10\/Gy\u00e1sz-Id\u0151skorban..pptx\">Gy\u00e1sz Id\u0151skorban.<\/a><\/p>\n<p><a href=\"http:\/\/efimezotur.mediacenter11.hu\/wp-content\/uploads\/2018\/10\/K\u00f3rh\u00e1zi-\u00e1pol\u00f3k-\u00e9s-a-ki\u00e9g\u00e9s..pptx\">K\u00f3rh\u00e1zi \u00e1pol\u00f3k \u00e9s a ki\u00e9g\u00e9s.<\/a><\/p>\n<p><a href=\"http:\/\/efimezotur.mediacenter11.hu\/wp-content\/uploads\/2018\/10\/Stressz-\u00e9s-eg\u00e9szs\u00e9g..pptx\">Stressz \u00e9s eg\u00e9szs\u00e9g.<\/a><\/p>\n<p><a href=\"http:\/\/efimezotur.mediacenter11.hu\/wp-content\/uploads\/2018\/10\/Viselked\u00e9ses-f\u00fcgg\u0151s\u00e9gek..pptx\">Viselked\u00e9ses f\u00fcgg\u0151s\u00e9gek.<\/a><\/p>\n<p><a href=\"http:\/\/efimezotur.mediacenter11.hu\/wp-content\/uploads\/2018\/10\/Teljes\u00edtm\u00e9ny-Siker-Kudarc..pptx\">Teljes\u00edtm\u00e9ny, Siker, Kudarc.<\/a><\/p>\n<p><a href=\"http:\/\/efimezotur.mediacenter11.hu\/wp-content\/uploads\/2019\/02\/Piszk\u00e1lnak.pdf\">\u00d6nseg\u00edt\u0151 csoport di\u00e1koknak.<\/a><\/p>\n","protected":false},"excerpt":{"rendered":"<p>El\u0151ad\u00e1sok: BEMUTATKOZIK A LELKI EG\u00c9SZS\u00c9G K\u00d6ZPONT. A daganatos betegs\u00e9gek lelki vonatkoz\u00e1sai. Elmag\u00e1nyosod\u00e1s. \u00c9N \u00e9s a M\u00c1SIK. Gy\u00e1sz Id\u0151skorban. K\u00f3rh\u00e1zi \u00e1pol\u00f3k \u00e9s a ki\u00e9g\u00e9s. Stressz \u00e9s eg\u00e9szs\u00e9g. Viselked\u00e9ses f\u00fcgg\u0151s\u00e9gek. Teljes\u00edtm\u00e9ny, Siker, Kudarc. \u00d6nseg\u00edt\u0151 csoport di\u00e1koknak.<\/p>\n","protected":false},"author":2,"featured_media":0,"parent":0,"menu_order":0,"comment_status":"closed","ping_status":"closed","template":"","meta":{"ngg_post_thumbnail":0,"footnotes":""},"class_list":["post-1046","page","type-page","status-publish","hentry"],"_links":{"self":[{"href":"https:\/\/efimezotur.hu\/index.php?rest_route=\/wp\/v2\/pages\/1046","targetHints":{"allow":["GET"]}}],"collection":[{"href":"https:\/\/efimezotur.hu\/index.php?rest_route=\/wp\/v2\/pages"}],"about":[{"href":"https:\/\/efimezotur.hu\/index.php?rest_route=\/wp\/v2\/types\/page"}],"author":[{"embeddable":true,"href":"https:\/\/efimezotur.hu\/index.php?rest_route=\/wp\/v2\/users\/2"}],"replies":[{"embeddable":true,"href":"https:\/\/efimezotur.hu\/index.php?rest_route=%2Fwp%2Fv2%2Fcomments&post=1046"}],"version-history":[{"count":7,"href":"https:\/\/efimezotur.hu\/index.php?rest_route=\/wp\/v2\/pages\/1046\/revisions"}],"predecessor-version":[{"id":1225,"href":"https:\/\/efimezotur.hu\/index.php?rest_route=\/wp\/v2\/pages\/1046\/revisions\/1225"}],"wp:attachment":[{"href":"https:\/\/efimezotur.hu\/index.php?rest_route=%2Fwp%2Fv2%2Fmedia&parent=1046"}],"curies":[{"name":"wp","href":"https:\/\/api.w.org\/{rel}","templated":true}]}}