{"id":1231,"date":"2019-04-04T08:16:30","date_gmt":"2019-04-04T07:16:30","guid":{"rendered":"http:\/\/efimezotur.mediacenter11.hu\/?page_id=1231"},"modified":"2024-02-28T12:36:45","modified_gmt":"2024-02-28T11:36:45","slug":"csapviz","status":"publish","type":"page","link":"https:\/\/efimezotur.hu\/?page_id=1231","title":{"rendered":"Csapv\u00edz"},"content":{"rendered":"<h1 style=\"text-align: center;\"><span style=\"color: #ff9900;\">Csapv\u00edz<\/span><\/h1>\n<p style=\"text-align: left;\">A Nemzeti N\u00e9peg\u00e9szs\u00e9g\u00fcgyi K\u00f6zpont t\u00f6bb t\u00e1j\u00e9koztat\u00f3 kiadv\u00e1nyon kereszt\u00fcl szeretn\u00e9nk<br \/>\nfelh\u00edvni a lakoss\u00e1g figyelm\u00e9t az eg\u00e9szs\u00e9ges csapv\u00edzre. Az eg\u00e9szs\u00e9ges,<br \/>\nj\u00f3 iv\u00f3vizet kincsnek, \u00e9rt\u00e9knek kell tekinteni, hiszen a<br \/>\nmegfelel\u0151 mennyis\u00e9g\u0171 \u00e9s min\u0151s\u00e9g\u0171 iv\u00f3v\u00edz elengedhetetlen az eg\u00e9szs\u00e9ges<br \/>\nemberi szervezet sz\u00e1m\u00e1ra.<\/p>\n<p>Az iv\u00f3v\u00edzben l\u00e9v\u0151 anyagok nagy r\u00e9sze beker\u00fcl a<br \/>\nszervezetbe, ez\u00e9rt nem mindegy, hogy milyen vizet iszunk. A j\u00f3<br \/>\niv\u00f3v\u00edzben nem lehet eg\u00e9szs\u00e9gre vesz\u00e9lyes k\u00e9miai vagy<br \/>\nmikrobiol\u00f3giai szennyez\u0151 anyag \u00e9s tartalmaznia kell az emberi szervezet<br \/>\nsz\u00e1m\u00e1ra sz\u00fcks\u00e9ges ionokat, valamint friss\u00edt\u0151nek, szomjolt\u00f3nak \u00e9s j\u00f3<br \/>\n\u00edz\u0171nek kell lennie.<\/p>\n<p>Magyarorsz\u00e1g jelent\u0151s \u00e9desv\u00edz k\u00e9szletekkel<br \/>\nrendelkezik, amelyekb\u0151l a lakoss\u00e1g iv\u00f3v\u00edzig\u00e9nye marad\u00e9ktalanul<br \/>\nbiztos\u00edthat\u00f3. Ugyanakkor az iv\u00f3vizeink biztons\u00e1g\u00e1t k\u00fcl\u00f6nb\u00f6z\u0151<br \/>\nterm\u00e9szetes \u00e9s antropog\u00e9n forr\u00e1sokb\u00f3l \u00faj t\u00edpus\u00fa, nem j\u00f3l jellemzett<br \/>\nkock\u00e1zat\u00fa k\u00e9miai \u00e9s mikrobiol\u00f3giai szennyez\u00e9sek vesz\u00e9lyeztetik. Ennek<br \/>\nfelt\u00e1r\u00e1sa \u00e9s az eg\u00e9szs\u00e9ges iv\u00f3v\u00edz rendelkez\u00e9sre \u00e1ll\u00e1s\u00e1nak<br \/>\nbiztos\u00edt\u00e1sa minden \u00e1llampolg\u00e1r r\u00e9sz\u00e9re az orsz\u00e1gnak az Alapt\u00f6rv\u00e9nyben<br \/>\n\u00e9s az eur\u00f3pai uni\u00f3s jogrendben is r\u00f6gz\u00edtett k\u00f6telezetts\u00e9ge.<br \/>\nN\u00e9pszer\u0171s\u00edts\u00fck k\u00f6z\u00f6sen a csapvizet, mert rengeteg t\u00e9vhit terjed a<br \/>\nlakoss\u00e1g k\u00f6r\u00e9ben.<\/p>\n<p><a href=\"http:\/\/efimezotur.hu\/wp-content\/uploads\/2019\/04\/Csapviz_egeszseg_plakat.pdf\">Csapv\u00edz eg\u00e9szs\u00e9g plak\u00e1t<\/a><\/p>\n<p><a href=\"http:\/\/efimezotur.hu\/wp-content\/uploads\/2019\/04\/Csapviz_asvanyviz_szorolap.pdf\">Csapv\u00edz, \u00e1sv\u00e1nyv\u00edz sz\u00f3r\u00f3lap<\/a><\/p>\n","protected":false},"excerpt":{"rendered":"<p>Csapv\u00edz A Nemzeti N\u00e9peg\u00e9szs\u00e9g\u00fcgyi K\u00f6zpont t\u00f6bb t\u00e1j\u00e9koztat\u00f3 kiadv\u00e1nyon kereszt\u00fcl szeretn\u00e9nk felh\u00edvni a lakoss\u00e1g figyelm\u00e9t az eg\u00e9szs\u00e9ges csapv\u00edzre. Az eg\u00e9szs\u00e9ges, j\u00f3 iv\u00f3vizet kincsnek, \u00e9rt\u00e9knek kell tekinteni, hiszen a megfelel\u0151 mennyis\u00e9g\u0171 \u00e9s min\u0151s\u00e9g\u0171 iv\u00f3v\u00edz elengedhetetlen az eg\u00e9szs\u00e9ges emberi szervezet sz\u00e1m\u00e1ra. Az iv\u00f3v\u00edzben l\u00e9v\u0151 anyagok nagy r\u00e9sze beker\u00fcl a szervezetbe, ez\u00e9rt nem mindegy, hogy milyen vizet iszunk. A [&hellip;]<\/p>\n","protected":false},"author":2,"featured_media":0,"parent":0,"menu_order":0,"comment_status":"closed","ping_status":"closed","template":"","meta":{"ngg_post_thumbnail":0,"footnotes":""},"class_list":["post-1231","page","type-page","status-publish","hentry"],"_links":{"self":[{"href":"https:\/\/efimezotur.hu\/index.php?rest_route=\/wp\/v2\/pages\/1231","targetHints":{"allow":["GET"]}}],"collection":[{"href":"https:\/\/efimezotur.hu\/index.php?rest_route=\/wp\/v2\/pages"}],"about":[{"href":"https:\/\/efimezotur.hu\/index.php?rest_route=\/wp\/v2\/types\/page"}],"author":[{"embeddable":true,"href":"https:\/\/efimezotur.hu\/index.php?rest_route=\/wp\/v2\/users\/2"}],"replies":[{"embeddable":true,"href":"https:\/\/efimezotur.hu\/index.php?rest_route=%2Fwp%2Fv2%2Fcomments&post=1231"}],"version-history":[{"count":20,"href":"https:\/\/efimezotur.hu\/index.php?rest_route=\/wp\/v2\/pages\/1231\/revisions"}],"predecessor-version":[{"id":1970,"href":"https:\/\/efimezotur.hu\/index.php?rest_route=\/wp\/v2\/pages\/1231\/revisions\/1970"}],"wp:attachment":[{"href":"https:\/\/efimezotur.hu\/index.php?rest_route=%2Fwp%2Fv2%2Fmedia&parent=1231"}],"curies":[{"name":"wp","href":"https:\/\/api.w.org\/{rel}","templated":true}]}}