{"id":1235,"date":"2019-04-04T08:17:34","date_gmt":"2019-04-04T07:17:34","guid":{"rendered":"http:\/\/efimezotur.mediacenter11.hu\/?page_id=1235"},"modified":"2019-04-04T09:10:13","modified_gmt":"2019-04-04T08:10:13","slug":"rajzpalyazat-inairq-projekt","status":"publish","type":"page","link":"https:\/\/efimezotur.hu\/?page_id=1235","title":{"rendered":"Rajzp\u00e1ly\u00e1zat-InAirQ projekt"},"content":{"rendered":"<h1 style=\"text-align: center;\"><span style=\"color: #ff9900;\"><strong>Rajzp\u00e1ly\u00e1zat-InAirQ projekt<\/strong><\/span><\/h1>\n<p>\u00dagy gondoljuk, hogy az eg\u00e9szs\u00e9gre val\u00f3 nevel\u00e9st sohasem lehet el\u00e9g kor\u00e1n kezdeni. Ez\u00e9rt p\u00e1ly\u00e1zatot hirdet\u00fcnk az \u00e1ltal\u00e1nos iskol\u00e1k als\u00f3- \u00e9s fels\u0151 tagozatos di\u00e1kjai sz\u00e1m\u00e1ra.<\/p>\n<p>A p\u00e1ly\u00e1zat els\u0151dleges c\u00e9lja, hogy r\u00e1ir\u00e1ny\u00edtsuk a gyermekek figyelm\u00e9t a bel- \u00e9s k\u00fclt\u00e9ri l\u00e9gszennyez\u00e9s fontoss\u00e1g\u00e1ra \u00e9s az alkot\u00e1sokon kereszt\u00fcl szeretn\u00e9nk megismerni gondolatvil\u00e1gukat arr\u00f3l, hogy hogyan lehet cs\u00f6kkenteni a bel- \u00e9s k\u00fclt\u00e9ri l\u00e9gszennyezetts\u00e9get, illetve mit gondolnak az eg\u00e9szs\u00e9ges leveg\u0151r\u0151l.<\/p>\n<p>A r\u00e9szletes p\u00e1ly\u00e1zati felh\u00edv\u00e1sunk elolvashat\u00f3 <a href=\"https:\/\/www.oki.hu\/utazas-a-tiszta-levego-fele\"> honlapunkon<\/a>. K\u00fcldj\u00fck a p\u00e1ly\u00e1zatot n\u00e9pszer\u0171s\u00edt\u0151 plak\u00e1tot. Elk\u00e9sz\u00fclt egy kis anim\u00e1ci\u00f3, amely megtekinthet\u0151 a Tisztif\u0151orvos hivatalos <a href=\"https:\/\/www.facebook.com\/watch\/?v=377577839748389\">Facebook oldal\u00e1n<\/a> is.<\/p>\n<p><a href=\"http:\/\/efimezotur.mediacenter11.hu\/wp-content\/uploads\/2019\/04\/Utazas_atisztalevego_fele_BKK.pdf\">Utaz\u00e1s a tiszta leveg\u0151 fel\u00e9<\/a><\/p>\n<p><img loading=\"lazy\" decoding=\"async\" class=\"size-large wp-image-1279 aligncenter\" src=\"http:\/\/efimezotur.mediacenter11.hu\/wp-content\/uploads\/2019\/04\/Utazas_atisztalevego_fele_BKK_page-0001-1024x724.jpg\" alt=\"\" width=\"870\" height=\"615\" srcset=\"https:\/\/efimezotur.hu\/wp-content\/uploads\/2019\/04\/Utazas_atisztalevego_fele_BKK_page-0001-1024x724.jpg 1024w, https:\/\/efimezotur.hu\/wp-content\/uploads\/2019\/04\/Utazas_atisztalevego_fele_BKK_page-0001-300x212.jpg 300w, https:\/\/efimezotur.hu\/wp-content\/uploads\/2019\/04\/Utazas_atisztalevego_fele_BKK_page-0001-768x543.jpg 768w\" sizes=\"auto, (max-width: 870px) 100vw, 870px\" \/><\/p>\n","protected":false},"excerpt":{"rendered":"<p>Rajzp\u00e1ly\u00e1zat-InAirQ projekt \u00dagy gondoljuk, hogy az eg\u00e9szs\u00e9gre val\u00f3 nevel\u00e9st sohasem lehet el\u00e9g kor\u00e1n kezdeni. Ez\u00e9rt p\u00e1ly\u00e1zatot hirdet\u00fcnk az \u00e1ltal\u00e1nos iskol\u00e1k als\u00f3- \u00e9s fels\u0151 tagozatos di\u00e1kjai sz\u00e1m\u00e1ra. A p\u00e1ly\u00e1zat els\u0151dleges c\u00e9lja, hogy r\u00e1ir\u00e1ny\u00edtsuk a gyermekek figyelm\u00e9t a bel- \u00e9s k\u00fclt\u00e9ri l\u00e9gszennyez\u00e9s fontoss\u00e1g\u00e1ra \u00e9s az alkot\u00e1sokon kereszt\u00fcl szeretn\u00e9nk megismerni gondolatvil\u00e1gukat arr\u00f3l, hogy hogyan lehet cs\u00f6kkenteni a bel- [&hellip;]<\/p>\n","protected":false},"author":2,"featured_media":0,"parent":0,"menu_order":0,"comment_status":"closed","ping_status":"closed","template":"","meta":{"ngg_post_thumbnail":0,"footnotes":""},"class_list":["post-1235","page","type-page","status-publish","hentry"],"_links":{"self":[{"href":"https:\/\/efimezotur.hu\/index.php?rest_route=\/wp\/v2\/pages\/1235","targetHints":{"allow":["GET"]}}],"collection":[{"href":"https:\/\/efimezotur.hu\/index.php?rest_route=\/wp\/v2\/pages"}],"about":[{"href":"https:\/\/efimezotur.hu\/index.php?rest_route=\/wp\/v2\/types\/page"}],"author":[{"embeddable":true,"href":"https:\/\/efimezotur.hu\/index.php?rest_route=\/wp\/v2\/users\/2"}],"replies":[{"embeddable":true,"href":"https:\/\/efimezotur.hu\/index.php?rest_route=%2Fwp%2Fv2%2Fcomments&post=1235"}],"version-history":[{"count":4,"href":"https:\/\/efimezotur.hu\/index.php?rest_route=\/wp\/v2\/pages\/1235\/revisions"}],"predecessor-version":[{"id":1280,"href":"https:\/\/efimezotur.hu\/index.php?rest_route=\/wp\/v2\/pages\/1235\/revisions\/1280"}],"wp:attachment":[{"href":"https:\/\/efimezotur.hu\/index.php?rest_route=%2Fwp%2Fv2%2Fmedia&parent=1235"}],"curies":[{"name":"wp","href":"https:\/\/api.w.org\/{rel}","templated":true}]}}