{"id":134,"date":"2017-06-09T18:57:01","date_gmt":"2017-06-09T18:57:01","guid":{"rendered":"http:\/\/efimezotur.mediacenter11.hu\/?page_id=134"},"modified":"2025-08-11T12:20:03","modified_gmt":"2025-08-11T11:20:03","slug":"kezdolap","status":"publish","type":"page","link":"https:\/\/efimezotur.hu\/","title":{"rendered":"Kezd\u0151lap"},"content":{"rendered":"<p>&nbsp;<\/p>\n<h2><strong><span style=\"color: #ff9900;\">Az iroda nyitvatart\u00e1sa:<\/span><\/strong><\/h2>\n<p>Munkanapokon&nbsp; (07:00 &#8211; 15:00) \u00f3r\u00e1ig<\/p>\n<p><span style=\"color: #000000;\"><u>El\u00e9rhet\u0151s\u00e9g<\/u><strong><u>:<\/u><\/strong><\/span><\/p>\n<ul>\n<li><em>Tel: 06-56\/550-427<\/em><\/li>\n<li><em>E-mail: <a href=\"mailto:info@efimezotur.hu\">info@efimezotur.hu<\/a><\/em><\/li>\n<li><em>Web: <a href=\"http:\/\/efimezotur.mediacenter11.hu\/\">www.efimezotur.hu<\/a><\/em><\/li>\n<\/ul>\n<p><span style=\"color: #ff9900;\"><strong>Szakmai vezet\u0151 :<\/strong><\/span><\/p>\n<p><strong>Szakmai vezet\u0151: Pl\u00e1nka Zsuzsa<\/strong>&#8211; klinikai szakpszichol\u00f3gus (550-427)<\/p>\n<h2 style=\"text-align: center;\"><span style=\"color: #ff9900;\"><strong>Az EFI m\u0171k\u00f6d\u00e9se<\/strong><\/span><\/h2>\n<ul>\n<li>Ir\u00e1ny\u00edtja, szervezi \u00e9s ellen\u0151rzi a szakmai munk\u00e1t<\/li>\n<li>Az EFI el\u0151k\u00e9sz\u00edt\u00e9s\u00e9vel, megtervez\u00e9s\u00e9vel \u00e9s eredm\u00e9nyes megtart\u00e1s\u00e1val kapcsolatos teend\u0151k ir\u00e1ny\u00edt\u00e1sa.<\/li>\n<li>A szak\u00e9rt\u0151k, szakorvosok, szolg\u00e1ltat\u00f3k szervez\u00e9se<\/li>\n<li>Iroda fel\u00e9p\u00edt\u00e9se, az alkalmazott m\u00f3dszerek, eszk\u00f6z\u00f6k kiv\u00e1laszt\u00e1sa<\/li>\n<li>Szakmai k\u00e9rd\u00e9sek \u00e9s az EFI fejleszt\u00e9si priorit\u00e1sok &nbsp;v\u00e9lem\u00e9nyez\u00e9se<\/li>\n<li>M\u00e1s eg\u00e9szs\u00e9g\u00fcgyi szolg\u00e1ltat\u00f3val, szervezetekkel val\u00f3 szakmai egy\u00fcttm\u0171k\u00f6d\u00e9s el\u0151seg\u00edt\u00e9se, t\u00e1mogat\u00e1s.<\/li>\n<\/ul>\n<p><span style=\"color: #ff9900;\"><strong>2 f\u0151 munkat\u00e1rs<\/strong><\/span><\/p>\n<p><span style=\"color: #ff9900;\"><b>Feladatai:<\/b><\/span><\/p>\n<ul>\n<li>Sz\u00fcks\u00e9ges dokument\u00e1ci\u00f3k elk\u00e9sz\u00edt\u00e9se<\/li>\n<li>Partners\u00e9gi munkacsoport m\u0171k\u00f6dtet\u00e9se<\/li>\n<li>\u00c9letm\u00f3dv\u00e1l\u00f3 programok megval\u00f3s\u00edt\u00e1s\u00e1nak&nbsp; el\u0151seg\u00edt\u00e9s<\/li>\n<li>\u00c1llapotfelm\u00e9r\u00e9s<\/li>\n<li>Kock\u00e1zatbecsl\u00e9s<\/li>\n<li>Kapcsolattart\u00e1s: betegklub, szakigazgat\u00e1si szervek, k\u00f6zint\u00e9zm\u00e9nyek<\/li>\n<li>T\u00e1j\u00e9koztat\u00e1s<\/li>\n<li>&nbsp;Felvil\u00e1gos\u00edt\u00e1s<\/li>\n<\/ul>\n<ul>\n<li style=\"list-style-type: none;\">&nbsp;<\/li>\n<li style=\"list-style-type: none;\">&nbsp;<\/li>\n<\/ul>\n","protected":false},"excerpt":{"rendered":"<p>&nbsp; Az iroda nyitvatart\u00e1sa: Munkanapokon&nbsp; (07:00 &#8211; 15:00) \u00f3r\u00e1ig El\u00e9rhet\u0151s\u00e9g: Tel: 06-56\/550-427 E-mail: info@efimezotur.hu Web: www.efimezotur.hu Szakmai vezet\u0151 : Szakmai vezet\u0151: Pl\u00e1nka Zsuzsa&#8211; klinikai szakpszichol\u00f3gus (550-427) Az EFI m\u0171k\u00f6d\u00e9se Ir\u00e1ny\u00edtja, szervezi \u00e9s ellen\u0151rzi a szakmai munk\u00e1t Az EFI el\u0151k\u00e9sz\u00edt\u00e9s\u00e9vel, megtervez\u00e9s\u00e9vel \u00e9s eredm\u00e9nyes megtart\u00e1s\u00e1val kapcsolatos teend\u0151k ir\u00e1ny\u00edt\u00e1sa. A szak\u00e9rt\u0151k, szakorvosok, szolg\u00e1ltat\u00f3k szervez\u00e9se Iroda fel\u00e9p\u00edt\u00e9se, az alkalmazott [&hellip;]<\/p>\n","protected":false},"author":1,"featured_media":0,"parent":0,"menu_order":0,"comment_status":"closed","ping_status":"closed","template":"","meta":{"ngg_post_thumbnail":0,"footnotes":""},"class_list":["post-134","page","type-page","status-publish","hentry"],"_links":{"self":[{"href":"https:\/\/efimezotur.hu\/index.php?rest_route=\/wp\/v2\/pages\/134","targetHints":{"allow":["GET"]}}],"collection":[{"href":"https:\/\/efimezotur.hu\/index.php?rest_route=\/wp\/v2\/pages"}],"about":[{"href":"https:\/\/efimezotur.hu\/index.php?rest_route=\/wp\/v2\/types\/page"}],"author":[{"embeddable":true,"href":"https:\/\/efimezotur.hu\/index.php?rest_route=\/wp\/v2\/users\/1"}],"replies":[{"embeddable":true,"href":"https:\/\/efimezotur.hu\/index.php?rest_route=%2Fwp%2Fv2%2Fcomments&post=134"}],"version-history":[{"count":194,"href":"https:\/\/efimezotur.hu\/index.php?rest_route=\/wp\/v2\/pages\/134\/revisions"}],"predecessor-version":[{"id":2052,"href":"https:\/\/efimezotur.hu\/index.php?rest_route=\/wp\/v2\/pages\/134\/revisions\/2052"}],"wp:attachment":[{"href":"https:\/\/efimezotur.hu\/index.php?rest_route=%2Fwp%2Fv2%2Fmedia&parent=134"}],"curies":[{"name":"wp","href":"https:\/\/api.w.org\/{rel}","templated":true}]}}