{"id":1364,"date":"2019-06-11T12:39:17","date_gmt":"2019-06-11T11:39:17","guid":{"rendered":"http:\/\/efimezotur.mediacenter11.hu\/?page_id=1364"},"modified":"2024-02-28T12:38:28","modified_gmt":"2024-02-28T11:38:28","slug":"europai-diak-sportnap","status":"publish","type":"page","link":"https:\/\/efimezotur.hu\/?page_id=1364","title":{"rendered":"Eur\u00f3pai Di\u00e1k Sportnap"},"content":{"rendered":"<h3 style=\"text-align: center;\"><span style=\"color: #ff9900;\" data-rich-text-format-boundary=\"true\">AZ EUR\u00d3PAI DI\u00c1K SPORTNAP<\/span><\/h3>\n\n\n<pre class=\"wp-block-preformatted\"><a href=\"https:\/\/www.youtube.com\/watch?v=JTpdizz4gsw\"><span style=\"color: #ff9900;\">A vide\u00f3 el\u00e9rhet\u0151 itt.<\/span><\/a><\/pre>\n\n\n<p><a href=\"http:\/\/efimezotur.mediacenter11.hu\/wp-content\/uploads\/2019\/09\/ESSD_2019.pdf\" target=\"_blank\" rel=\"noopener noreferrer\"><img loading=\"lazy\" decoding=\"async\" class=\"size-large wp-image-1384 aligncenter\" src=\"http:\/\/efimezotur.mediacenter11.hu\/wp-content\/uploads\/2019\/09\/weblapra2-1024x575.jpg\" alt=\"\" width=\"870\" height=\"489\" srcset=\"https:\/\/efimezotur.hu\/wp-content\/uploads\/2019\/09\/weblapra2-1024x575.jpg 1024w, https:\/\/efimezotur.hu\/wp-content\/uploads\/2019\/09\/weblapra2-300x168.jpg 300w, https:\/\/efimezotur.hu\/wp-content\/uploads\/2019\/09\/weblapra2-768x431.jpg 768w, https:\/\/efimezotur.hu\/wp-content\/uploads\/2019\/09\/weblapra2.jpg 1101w\" sizes=\"auto, (max-width: 870px) 100vw, 870px\" \/><\/a><\/p>\n<p><a href=\"http:\/\/efimezotur.mediacenter11.hu\/wp-content\/uploads\/2019\/09\/Nutrition-Handbook-2019_HUN2_final.pdf\" target=\"_blank\" rel=\"noopener noreferrer\"><img loading=\"lazy\" decoding=\"async\" class=\"size-full wp-image-1383 aligncenter\" src=\"http:\/\/efimezotur.mediacenter11.hu\/wp-content\/uploads\/2019\/09\/weblapra1.jpg\" alt=\"\" width=\"979\" height=\"550\" srcset=\"https:\/\/efimezotur.hu\/wp-content\/uploads\/2019\/09\/weblapra1.jpg 979w, https:\/\/efimezotur.hu\/wp-content\/uploads\/2019\/09\/weblapra1-300x169.jpg 300w, https:\/\/efimezotur.hu\/wp-content\/uploads\/2019\/09\/weblapra1-768x431.jpg 768w\" sizes=\"auto, (max-width: 979px) 100vw, 979px\" \/><\/a><\/p>\n<p><a href=\"http:\/\/efimezotur.mediacenter11.hu\/wp-content\/uploads\/2019\/06\/Toolkit-ESSD_HU.pdf\" target=\"_blank\" rel=\"noopener noreferrer\"><img loading=\"lazy\" decoding=\"async\" class=\"alignright size-large wp-image-1366\" src=\"http:\/\/efimezotur.mediacenter11.hu\/wp-content\/uploads\/2019\/06\/az-essd-1024x495.jpg\" alt=\"\" width=\"870\" height=\"421\" srcset=\"https:\/\/efimezotur.hu\/wp-content\/uploads\/2019\/06\/az-essd-1024x495.jpg 1024w, https:\/\/efimezotur.hu\/wp-content\/uploads\/2019\/06\/az-essd-300x145.jpg 300w, https:\/\/efimezotur.hu\/wp-content\/uploads\/2019\/06\/az-essd-768x371.jpg 768w, https:\/\/efimezotur.hu\/wp-content\/uploads\/2019\/06\/az-essd.jpg 1410w\" sizes=\"auto, (max-width: 870px) 100vw, 870px\" \/><\/a><\/p>\n<p>&nbsp;<\/p>","protected":false},"excerpt":{"rendered":"<p>AZ EUR\u00d3PAI DI\u00c1K SPORTNAP A vide\u00f3 el\u00e9rhet\u0151 itt. &nbsp;<\/p>\n","protected":false},"author":2,"featured_media":0,"parent":0,"menu_order":0,"comment_status":"closed","ping_status":"closed","template":"","meta":{"ngg_post_thumbnail":0,"footnotes":""},"class_list":["post-1364","page","type-page","status-publish","hentry"],"_links":{"self":[{"href":"https:\/\/efimezotur.hu\/index.php?rest_route=\/wp\/v2\/pages\/1364","targetHints":{"allow":["GET"]}}],"collection":[{"href":"https:\/\/efimezotur.hu\/index.php?rest_route=\/wp\/v2\/pages"}],"about":[{"href":"https:\/\/efimezotur.hu\/index.php?rest_route=\/wp\/v2\/types\/page"}],"author":[{"embeddable":true,"href":"https:\/\/efimezotur.hu\/index.php?rest_route=\/wp\/v2\/users\/2"}],"replies":[{"embeddable":true,"href":"https:\/\/efimezotur.hu\/index.php?rest_route=%2Fwp%2Fv2%2Fcomments&post=1364"}],"version-history":[{"count":42,"href":"https:\/\/efimezotur.hu\/index.php?rest_route=\/wp\/v2\/pages\/1364\/revisions"}],"predecessor-version":[{"id":1973,"href":"https:\/\/efimezotur.hu\/index.php?rest_route=\/wp\/v2\/pages\/1364\/revisions\/1973"}],"wp:attachment":[{"href":"https:\/\/efimezotur.hu\/index.php?rest_route=%2Fwp%2Fv2%2Fmedia&parent=1364"}],"curies":[{"name":"wp","href":"https:\/\/api.w.org\/{rel}","templated":true}]}}