{"id":145,"date":"2017-06-09T19:16:22","date_gmt":"2017-06-09T19:16:22","guid":{"rendered":"http:\/\/efimezotur.mediacenter11.hu\/?page_id=145"},"modified":"2024-02-28T11:55:08","modified_gmt":"2024-02-28T10:55:08","slug":"szakmai-anyagok","status":"publish","type":"page","link":"https:\/\/efimezotur.hu\/?page_id=145","title":{"rendered":"Szakmai anyagok"},"content":{"rendered":"\n<h2 class=\"wp-block-heading\" id=\"StBttn1-unk\"><span style=\"color: revert; font-size: revert; font-weight: revert;\">El\u0151ad\u00e1sok:<\/span><\/h2>\n\n\n\n<p><a href=\"http:\/\/efimezotur.mediacenter11.hu\/wp-content\/uploads\/2018\/10\/BEMUTATKOZIK-A-LELKI-EG%C3%89SZS%C3%89G-K%C3%96ZPONT..pptx\">BEMUTATKOZIK A LELKI EG\u00c9SZS\u00c9G K\u00d6ZPONT.<\/a><br><a href=\"http:\/\/efimezotur.mediacenter11.hu\/wp-content\/uploads\/2018\/10\/A-daganatos-betegs%C3%A9gek-lelki-vonatkoz%C3%A1sai..pptx\">A daganatos betegs\u00e9gek lelki vonatkoz\u00e1sai.<\/a><br><a href=\"http:\/\/efimezotur.mediacenter11.hu\/wp-content\/uploads\/2018\/10\/Elmag%C3%A1nyosod%C3%A1s..pptx\">Elmag\u00e1nyosod\u00e1s.<\/a><br><a href=\"http:\/\/efimezotur.mediacenter11.hu\/wp-content\/uploads\/2018\/10\/%C3%89N-%C3%A9s-a-M%C3%81SIK..docx\">\u00c9N \u00e9s a M\u00c1SIK.<\/a><br><a href=\"http:\/\/efimezotur.mediacenter11.hu\/wp-content\/uploads\/2018\/10\/Gy%C3%A1sz-Id%C5%91skorban..pptx\">Gy\u00e1sz Id\u0151skorban.<\/a><br><a href=\"http:\/\/efimezotur.mediacenter11.hu\/wp-content\/uploads\/2018\/10\/K%C3%B3rh%C3%A1zi-%C3%A1pol%C3%B3k-%C3%A9s-a-ki%C3%A9g%C3%A9s..pptx\">K\u00f3rh\u00e1zi \u00e1pol\u00f3k \u00e9s a ki\u00e9g\u00e9s.<\/a><br><a href=\"http:\/\/efimezotur.mediacenter11.hu\/wp-content\/uploads\/2018\/10\/Stressz-%C3%A9s-eg%C3%A9szs%C3%A9g..pptx\">Stressz \u00e9s eg\u00e9szs\u00e9g.<\/a><br><a href=\"http:\/\/efimezotur.mediacenter11.hu\/wp-content\/uploads\/2018\/10\/Viselked%C3%A9ses-f%C3%BCgg%C5%91s%C3%A9gek..pptx\">Viselked\u00e9ses f\u00fcgg\u0151s\u00e9gek.<\/a><br><a href=\"http:\/\/efimezotur.mediacenter11.hu\/wp-content\/uploads\/2018\/10\/Teljes%C3%ADtm%C3%A9ny-Siker-Kudarc..pptx\">Teljes\u00edtm\u00e9ny, Siker, Kudarc.<\/a><br><a href=\"http:\/\/efimezotur.mediacenter11.hu\/wp-content\/uploads\/2019\/02\/Piszk%C3%A1lnak.pdf\">\u00d6nseg\u00edt\u0151 csoport di\u00e1koknak.<\/a><br><a href=\"http:\/\/efimezotur.hu\/wp-content\/uploads\/2022\/10\/Kieges-megelozese-mozgasterapiaval.pdf\">Ki\u00e9g\u00e9s megel\u0151z\u00e9se mozg\u00e1ster\u00e1pi\u00e1val<\/a><br><a href=\"http:\/\/efimezotur.hu\/wp-content\/uploads\/2022\/10\/Demencia-cikk.pdf\">Demencia<\/a><br><a href=\"https:\/\/drive.google.com\/file\/d\/0B9aaa42bYMZObk5sQ1djRFRPLVk\/view?usp=sharing\">Sz\u00edv \u00e9s \u00e9rrendszeri betegs\u00e9gek fizioter\u00e1pi\u00e1ja<\/a><br><a href=\"https:\/\/drive.google.com\/file\/d\/0B9aaa42bYMZOWlBFb21BNUIxd0U\/view?usp=sharing\">Kering\u00e9si betegs\u00e9gek megel\u0151z\u00e9se<\/a><br><a href=\"https:\/\/drive.google.com\/file\/d\/0B9aaa42bYMZOTzFfNVJUelRpNk0\/view?usp=sharing\">Id\u0151skori t\u00e1pl\u00e1l\u00e1s<\/a><br><a href=\"https:\/\/drive.google.com\/file\/d\/0B9aaa42bYMZOQktndjVRUmhTSXc\/view?usp=sharing\">Sorsszer\u0171 betegs\u00e9g az allergia?<\/a><br><a href=\"https:\/\/drive.google.com\/file\/d\/0B9aaa42bYMZOVDl1aFh3YVRSUlU\/view?usp=sharing\">\u0150szi vitaminok<\/a><br><a href=\"http:\/\/egeszseg.hu\/nyitolap?p_p_auth=eZ3wAb0X&amp;p_p_id=101&amp;p_p_lifecycle=0&amp;p_p_state=maximized&amp;p_p_mode=view&amp;_101_struts_action=%2Fasset_publisher%2Fview_content&amp;_101_returnToFullPageURL=http%3A%2F%2Fegeszseg.hu%2Fnyitolap%3Fp_auth%3D6k5njipw%26p_p_id%3D3%26p_p_lifecycle%3D1%26p_p_state%3Dnormal%26p_p_state_rcv%3D1&amp;_101_assetEntryId=152962&amp;_101_type=content&amp;_101_urlTitle=mi-az-az-efi&amp;redirect=http%3A%2F%2Fegeszseg.hu%2Fnyitolap%3Fp_p_id%3D3%26p_p_lifecycle%3D0%26p_p_state%3Dmaximized%26p_p_mode%3Dview%26_3_entryClassName%3D%26_3_modifiedselection%3D0%26_3_documentsSearchContainerPrimaryKeys%3D15_PORTLET_152971%252C15_PORTLET_157257%252C15_PORTLET_167813%252C15_PORTLET_156718%252C15_PORTLET_156742%252C15_PORTLET_158349%252C15_PORTLET_158337%252C15_PORTLET_158313%252C15_PORTLET_158517%252C15_PORTLET_157929%252C15_PORTLET_154195%252C15_PORTLET_158961%252C15_PORTLET_159189%252C15_PORTLET_156310%252C15_PORTLET_157365%252C15_PORTLET_167885%252C15_PORTLET_159117%252C15_PORTLET_152803%252C15_PORTLET_13010%252C15_PORTLET_153787%26_3_keywords%3DMi%2Baz%2Baz%2Befi%26_3_format%3D%26_3_modifiedfrom%3D%26_3_formDate%3D1420722796451%26_3_folderId%3D%26_3_modified%3D%26_3_groupId%3D10182%26_3_modifi\">Mi az az EFI?<\/a><br><a href=\"http:\/\/egeszseg.hu\/-\/sportos-tanacsok-az-idosebb-korosztalynak?inheritRedirect=true\">Sportos tan\u00e1csok az id\u0151sebb koroszt\u00e1lynak<\/a><br><a href=\"https:\/\/drive.google.com\/file\/d\/0B9aaa42bYMZOY0d4Skg3NFRjRTQ\/view?usp=sharing\">A helyes testtart\u00e1s<\/a><br><a href=\"https:\/\/drive.google.com\/file\/d\/0B9aaa42bYMZOOHdtVXpPdlNqWWs\/view?usp=sharing\">Szem\u00e9ly \u00e9s k\u00f6rnyezet higi\u00e9nia<\/a><br><a href=\"https:\/\/drive.google.com\/file\/d\/0B9aaa42bYMZOZFhwS01jRWkxSDQ\/view?usp=sharing\">Szem\u00e9lyi higi\u00e9nia, k\u00f6rnyezetszennyez\u00e9s, balesetv\u00e9delem<\/a><br><a href=\"https:\/\/drive.google.com\/file\/d\/0B9aaa42bYMZON0ZZS2xGMTR6Vkk\/view?usp=sharing\">Mez\u0151t\u00fari EFI<\/a><br><a href=\"https:\/\/drive.google.com\/file\/d\/0B9aaa42bYMZOcXB1N3JXdkI2N2M\/view?usp=sharing\">A mozg\u00e1s szerepe az eg\u00e9szs\u00e9g meg\u0151rz\u00e9s\u00e9ben<\/a><br><a href=\"https:\/\/drive.google.com\/file\/d\/0B9aaa42bYMZOeXMzbzJ4M1p5OGc\/view?usp=sharing\">CARDIOVASCULARIS \u2013 PREVENCIO<\/a><br><a href=\"https:\/\/drive.google.com\/file\/d\/0B9aaa42bYMZOWDBQTzFwb0NKY3M\/view?usp=sharing\">\u201ePrevenci\u00f3 mint \u00e9rt\u00e9k\u201d<\/a><br><a href=\"https:\/\/drive.google.com\/file\/d\/0B9aaa42bYMZOSGZROHBld0RUWEE\/view?usp=sharing\">A doh\u00e1nyz\u00e1s eg\u00e9szs\u00e9gk\u00e1ros\u00edt\u00f3 hat\u00e1sa<\/a><br><a href=\"https:\/\/drive.google.com\/file\/d\/0B9aaa42bYMZORUpVYVpuc3B2cFU\/view?usp=sharing\">A serd\u00fcl\u0151kor probl\u00e9m\u00e1i<\/a><br><a href=\"https:\/\/drive.google.com\/file\/d\/0B9aaa42bYMZOTHhRaHZscHFMOWM\/view?usp=sharing\">Az alkohol k\u00e1ros hat\u00e1sai fiatalkorban<\/a><br><a href=\"https:\/\/drive.google.com\/file\/d\/0B9aaa42bYMZOYmFFeXRQRkJoUzA\/view?usp=sharing\">T\u00e1j\u00e9koztat\u00f3 hum\u00e1n papillomav\u00edrusr\u00f3l \u00e9s HPV kamp\u00e1nyolt\u00e1sr\u00f3l<\/a><br><a href=\"https:\/\/drive.google.com\/file\/d\/0B9aaa42bYMZOdzU4b3V2RHBKeVE\/view?usp=sharing\">Eg\u00e9szs\u00e9gmeg\u0151rz\u00e9s \u2013 eg\u00e9szs\u00e9ges \u00e9letm\u00f3d<\/a><br><a href=\"https:\/\/drive.google.com\/file\/d\/0B9aaa42bYMZOa2FqTE1TQVlyTzQ\/view?usp=sharing\">Ismerd meg a tested<\/a><br><a href=\"https:\/\/drive.google.com\/file\/d\/0B9aaa42bYMZOdlhTWnJ3LURmS1E\/view?usp=sharing\">Stresszkezel\u00e9s<\/a><br><a href=\"https:\/\/drive.google.com\/file\/d\/0B9aaa42bYMZOY21sZVdLTTRZTXM\/view?usp=sharing\">Az energiaitalok eg\u00e9szs\u00e9gk\u00e1ros\u00edt\u00f3 hat\u00e1sa<\/a><br><a href=\"https:\/\/drive.google.com\/file\/d\/0B9aaa42bYMZOLTJRekZTekdwejg\/view?usp=sharing\">\u00c9p testben \u2013 \u00c9p l\u00e9lek<\/a><br><a href=\"https:\/\/drive.google.com\/file\/d\/0B9aaa42bYMZOcGVqUFVBbjRMcjQ\/view?usp=sharing\">Eg\u00e9szs\u00e9ges t\u00e1pl\u00e1lkoz\u00e1s<\/a><br><a href=\"http:\/\/efimezotur.hu\/wp-content\/uploads\/2018\/10\/BEMUTATKOZIK-A-LELKI-EG%C3%89SZS%C3%89G-K%C3%96ZPONT..pptx\">BEMUTATKOZIK A LELKI EG\u00c9SZS\u00c9G K\u00d6ZPONT.<\/a><br><a href=\"http:\/\/efimezotur.hu\/wp-content\/uploads\/2018\/10\/A-daganatos-betegs%C3%A9gek-lelki-vonatkoz%C3%A1sai..pptx\">A daganatos betegs\u00e9gek lelki vonatkoz\u00e1sai.<\/a><br><a href=\"http:\/\/efimezotur.mediacenter11.hu\/wp-content\/uploads\/2018\/10\/Elmag%C3%A1nyosod%C3%A1s..pptx\">Elmag\u00e1nyosod\u00e1s.<\/a><br><a href=\"http:\/\/efimezotur.hu\/wp-content\/uploads\/2018\/10\/%C3%89N-%C3%A9s-a-M%C3%81SIK..docx\">\u00c9N \u00e9s a M\u00c1SIK.<\/a><br><a href=\"http:\/\/efimezotur.hu\/wp-content\/uploads\/2018\/10\/Gy%C3%A1sz-Id%C5%91skorban..pptx\">Gy\u00e1sz Id\u0151skorban.<\/a><br><a href=\"http:\/\/efimezotur.hu\/wp-content\/uploads\/2018\/10\/K%C3%B3rh%C3%A1zi-%C3%A1pol%C3%B3k-%C3%A9s-a-ki%C3%A9g%C3%A9s..pptx\">K\u00f3rh\u00e1zi \u00e1pol\u00f3k \u00e9s a ki\u00e9g\u00e9s.<\/a><br><a href=\"http:\/\/efimezotur.hu\/wp-content\/uploads\/2018\/10\/Stressz-%C3%A9s-eg%C3%A9szs%C3%A9g..pptx\">Stressz \u00e9s eg\u00e9szs\u00e9g.<\/a><br><a href=\"http:\/\/efimezotur.hu\/wp-content\/uploads\/2018\/10\/Viselked%C3%A9ses-f%C3%BCgg%C5%91s%C3%A9gek..pptx\">Viselked\u00e9ses f\u00fcgg\u0151s\u00e9gek.<\/a><br><a href=\"http:\/\/efimezotur.hu\/wp-content\/uploads\/2018\/10\/Teljes%C3%ADtm%C3%A9ny-Siker-Kudarc..pptx\">Teljes\u00edtm\u00e9ny, Siker, Kudarc.<\/a><br><a href=\"http:\/\/efimezotur.hu\/wp-content\/uploads\/2019\/02\/Piszk%C3%A1lnak.pdf\">\u00d6nseg\u00edt\u0151 csoport di\u00e1koknak.<\/a><\/p>\n","protected":false},"excerpt":{"rendered":"<p>El\u0151ad\u00e1sok: BEMUTATKOZIK A LELKI EG\u00c9SZS\u00c9G K\u00d6ZPONT.A daganatos betegs\u00e9gek lelki vonatkoz\u00e1sai.Elmag\u00e1nyosod\u00e1s.\u00c9N \u00e9s a M\u00c1SIK.Gy\u00e1sz Id\u0151skorban.K\u00f3rh\u00e1zi \u00e1pol\u00f3k \u00e9s a ki\u00e9g\u00e9s.Stressz \u00e9s eg\u00e9szs\u00e9g.Viselked\u00e9ses f\u00fcgg\u0151s\u00e9gek.Teljes\u00edtm\u00e9ny, Siker, Kudarc.\u00d6nseg\u00edt\u0151 csoport di\u00e1koknak.Ki\u00e9g\u00e9s megel\u0151z\u00e9se mozg\u00e1ster\u00e1pi\u00e1valDemenciaSz\u00edv \u00e9s \u00e9rrendszeri betegs\u00e9gek fizioter\u00e1pi\u00e1jaKering\u00e9si betegs\u00e9gek megel\u0151z\u00e9seId\u0151skori t\u00e1pl\u00e1l\u00e1sSorsszer\u0171 betegs\u00e9g az allergia?\u0150szi vitaminokMi az az EFI?Sportos tan\u00e1csok az id\u0151sebb koroszt\u00e1lynakA helyes testtart\u00e1sSzem\u00e9ly \u00e9s k\u00f6rnyezet higi\u00e9niaSzem\u00e9lyi higi\u00e9nia, k\u00f6rnyezetszennyez\u00e9s, balesetv\u00e9delemMez\u0151t\u00fari EFIA mozg\u00e1s [&hellip;]<\/p>\n","protected":false},"author":1,"featured_media":0,"parent":0,"menu_order":0,"comment_status":"closed","ping_status":"closed","template":"","meta":{"ngg_post_thumbnail":0,"footnotes":""},"class_list":["post-145","page","type-page","status-publish","hentry"],"_links":{"self":[{"href":"https:\/\/efimezotur.hu\/index.php?rest_route=\/wp\/v2\/pages\/145","targetHints":{"allow":["GET"]}}],"collection":[{"href":"https:\/\/efimezotur.hu\/index.php?rest_route=\/wp\/v2\/pages"}],"about":[{"href":"https:\/\/efimezotur.hu\/index.php?rest_route=\/wp\/v2\/types\/page"}],"author":[{"embeddable":true,"href":"https:\/\/efimezotur.hu\/index.php?rest_route=\/wp\/v2\/users\/1"}],"replies":[{"embeddable":true,"href":"https:\/\/efimezotur.hu\/index.php?rest_route=%2Fwp%2Fv2%2Fcomments&post=145"}],"version-history":[{"count":15,"href":"https:\/\/efimezotur.hu\/index.php?rest_route=\/wp\/v2\/pages\/145\/revisions"}],"predecessor-version":[{"id":1948,"href":"https:\/\/efimezotur.hu\/index.php?rest_route=\/wp\/v2\/pages\/145\/revisions\/1948"}],"wp:attachment":[{"href":"https:\/\/efimezotur.hu\/index.php?rest_route=%2Fwp%2Fv2%2Fmedia&parent=145"}],"curies":[{"name":"wp","href":"https:\/\/api.w.org\/{rel}","templated":true}]}}