{"id":1460,"date":"2019-10-08T11:13:44","date_gmt":"2019-10-08T10:13:44","guid":{"rendered":"http:\/\/efimezotur.mediacenter11.hu\/?page_id=1460"},"modified":"2024-02-28T10:46:31","modified_gmt":"2024-02-28T09:46:31","slug":"lakossagi-tajekoztato","status":"publish","type":"page","link":"https:\/\/efimezotur.hu\/?page_id=1460","title":{"rendered":"Lakoss\u00e1gi t\u00e1j\u00e9koztat\u00f3"},"content":{"rendered":"<p class=\"font_8\"><strong><span class=\"color_15\">Az Eg\u00e9szs\u00e9gfejleszt\u00e9si Iroda munkat\u00e1rsai &nbsp;az al\u00e1bbi ter\u00fcletekr\u0151l v\u00e1rj\u00e1k a klienseket:<\/span><\/strong><\/p>\n<p class=\"font_8\"><span class=\"color_24\">(Mez\u0151t\u00far, T\u00farkeve, K\u00e9tp\u00f3, Mestersz\u00e1ll\u00e1s, Mez\u0151h\u00e9k)&nbsp;<\/span><span class=\"color_15\">teljes feln\u0151tt \u00e9s gyermek lakoss\u00e1g\u00e1t.<\/span><\/p>\n<div id=\"WRchTxtu-v6u\" class=\"txtNew\" data-reactid=\".0.$SITE_ROOT.$desktop_siteRoot.$PAGES_CONTAINER.1.1.$SITE_PAGES.$c161y_DESKTOP.4.$WRchTxtu-v6u\">\n<p class=\"font_8\">Eg\u00e9szs\u00e9gfejleszt\u00e9si Iroda tev\u00e9kenys\u00e9gei:<\/p>\n<p class=\"font_8\">\u00c1llapotfelm\u00e9r\u00e9s \/ \u00e1llapot k\u00f6vet\u00e9s:<\/p>\n<ul>\n<li>v\u00e9rnyom\u00e1s m\u00e9r\u00e9s<\/li>\n<li>v\u00e9rcukor m\u00e9r\u00e9s<\/li>\n<li>testmagass\u00e1g m\u00e9r\u00e9s<\/li>\n<li>testt\u00f6meg m\u00e9r\u00e9s<\/li>\n<li>testt\u00f6meg indexsz\u00e1m\u00edt\u00e1s<\/li>\n<li>hask\u00f6rfogat m\u00e9r\u00e9s<\/li>\n<li>boka-kar index<\/li>\n<li>\u00e1llapot felm\u00e9r\u00e9st seg\u00edt\u0151 k\u00e9rd\u0151\u00edvek<\/li>\n<\/ul>\n<p class=\"font_8\">Egy\u00e9b:<\/p>\n<ul>\n<li>eg\u00e9szs\u00e9gfejleszt\u00e9s<\/li>\n<li>sz\u0171r\u00e9s<\/li>\n<li>kommunik\u00e1ci\u00f3s tev\u00e9kenys\u00e9g<\/li>\n<li>\u00e9letm\u00f3dv\u00e1lt\u00f3 programok szervez\u00e9se, koordin\u00e1l\u00e1sa<\/li>\n<li>m\u00f3dszertani, szakmai t\u00e1mogat\u00e1s eg\u00e9szs\u00e9g\u00fcgyi alapell\u00e1t\u00e1s sz\u00e1m\u00e1ra<\/li>\n<li>partners\u00e9gi munkacsoport m\u0171k\u00f6dtet\u00e9se<\/li>\n<li>gondoz\u00e1s<\/li>\n<li>adatb\u00e1zis l\u00e9trehoz\u00e1sa<\/li>\n<li>eredm\u00e9nyek nyomonk\u00f6vet\u00e9se<\/li>\n<li>kock\u00e1zatbecsl\u00e9s<\/li>\n<li>szakell\u00e1t\u00e1sba ir\u00e1ny\u00edt\u00e1s sz\u00fcks\u00e9g eset\u00e9n\u200b<\/li>\n<\/ul>\n<\/div>\n<div id=\"StBttn8-dnl\" class=\"StBttn8-dnl_hmengbcc\" data-reactid=\".0.$SITE_ROOT.$desktop_siteRoot.$PAGES_CONTAINER.1.1.$SITE_PAGES.$c161y_DESKTOP.4.$StBttn8-dnl\" data-prev-width=\"171\" data-prev-min-width=\"167\" data-prev-text=\"Szakorvosi tan\u00e1csad\u00e1sok\" data-state=\"desktop shouldUseFlex center\" data-should-use-flex=\"true\" data-margin=\"0\" data-disabled=\"false\" data-align=\"center\"><span id=\"StBttn8-dnllabel\" class=\"StBttn8-dnl_hmengbcclabel\" data-reactid=\".0.$SITE_ROOT.$desktop_siteRoot.$PAGES_CONTAINER.1.1.$SITE_PAGES.$c161y_DESKTOP.4.$StBttn8-dnl.0.0\">Szakorvosi tan\u00e1csad\u00e1sok<\/span><\/div>\n<div id=\"StBttn9-qix\" class=\"StBttn9-qix_hmenij45\" data-reactid=\".0.$SITE_ROOT.$desktop_siteRoot.$PAGES_CONTAINER.1.1.$SITE_PAGES.$c161y_DESKTOP.4.$StBttn9-qix\" data-prev-width=\"171\" data-prev-min-width=\"167\" data-prev-text=\"Konzulensi tan\u00e1csad\u00e1sok \" data-state=\"desktop shouldUseFlex center\" data-should-use-flex=\"true\" data-margin=\"0\" data-disabled=\"false\" data-align=\"center\"><span id=\"StBttn9-qixlabel\" class=\"StBttn9-qix_hmenij45label\" data-reactid=\".0.$SITE_ROOT.$desktop_siteRoot.$PAGES_CONTAINER.1.1.$SITE_PAGES.$c161y_DESKTOP.4.$StBttn9-qix.0.0\">Konzulensi tan\u00e1csad\u00e1sok<\/span><\/div>\n","protected":false},"excerpt":{"rendered":"<p>Az Eg\u00e9szs\u00e9gfejleszt\u00e9si Iroda munkat\u00e1rsai &nbsp;az al\u00e1bbi ter\u00fcletekr\u0151l v\u00e1rj\u00e1k a klienseket: (Mez\u0151t\u00far, T\u00farkeve, K\u00e9tp\u00f3, Mestersz\u00e1ll\u00e1s, Mez\u0151h\u00e9k)&nbsp;teljes feln\u0151tt \u00e9s gyermek lakoss\u00e1g\u00e1t. Eg\u00e9szs\u00e9gfejleszt\u00e9si Iroda tev\u00e9kenys\u00e9gei: \u00c1llapotfelm\u00e9r\u00e9s \/ \u00e1llapot k\u00f6vet\u00e9s: v\u00e9rnyom\u00e1s m\u00e9r\u00e9s v\u00e9rcukor m\u00e9r\u00e9s testmagass\u00e1g m\u00e9r\u00e9s testt\u00f6meg m\u00e9r\u00e9s testt\u00f6meg indexsz\u00e1m\u00edt\u00e1s hask\u00f6rfogat m\u00e9r\u00e9s boka-kar index \u00e1llapot felm\u00e9r\u00e9st seg\u00edt\u0151 k\u00e9rd\u0151\u00edvek Egy\u00e9b: eg\u00e9szs\u00e9gfejleszt\u00e9s sz\u0171r\u00e9s kommunik\u00e1ci\u00f3s tev\u00e9kenys\u00e9g \u00e9letm\u00f3dv\u00e1lt\u00f3 programok szervez\u00e9se, koordin\u00e1l\u00e1sa m\u00f3dszertani, szakmai [&hellip;]<\/p>\n","protected":false},"author":2,"featured_media":0,"parent":0,"menu_order":0,"comment_status":"closed","ping_status":"closed","template":"","meta":{"ngg_post_thumbnail":0,"footnotes":""},"class_list":["post-1460","page","type-page","status-publish","hentry"],"_links":{"self":[{"href":"https:\/\/efimezotur.hu\/index.php?rest_route=\/wp\/v2\/pages\/1460","targetHints":{"allow":["GET"]}}],"collection":[{"href":"https:\/\/efimezotur.hu\/index.php?rest_route=\/wp\/v2\/pages"}],"about":[{"href":"https:\/\/efimezotur.hu\/index.php?rest_route=\/wp\/v2\/types\/page"}],"author":[{"embeddable":true,"href":"https:\/\/efimezotur.hu\/index.php?rest_route=\/wp\/v2\/users\/2"}],"replies":[{"embeddable":true,"href":"https:\/\/efimezotur.hu\/index.php?rest_route=%2Fwp%2Fv2%2Fcomments&post=1460"}],"version-history":[{"count":11,"href":"https:\/\/efimezotur.hu\/index.php?rest_route=\/wp\/v2\/pages\/1460\/revisions"}],"predecessor-version":[{"id":1932,"href":"https:\/\/efimezotur.hu\/index.php?rest_route=\/wp\/v2\/pages\/1460\/revisions\/1932"}],"wp:attachment":[{"href":"https:\/\/efimezotur.hu\/index.php?rest_route=%2Fwp%2Fv2%2Fmedia&parent=1460"}],"curies":[{"name":"wp","href":"https:\/\/api.w.org\/{rel}","templated":true}]}}