{"id":1504,"date":"2019-11-27T14:01:47","date_gmt":"2019-11-27T13:01:47","guid":{"rendered":"http:\/\/efimezotur.mediacenter11.hu\/?page_id=1504"},"modified":"2024-04-16T07:23:46","modified_gmt":"2024-04-16T06:23:46","slug":"gyaloglo-klub","status":"publish","type":"page","link":"https:\/\/efimezotur.hu\/?page_id=1504","title":{"rendered":"Gyalogl\u00f3 Klub"},"content":{"rendered":"<h3 style=\"text-align: center;\">Kedves Klienseink!<\/h3>\n<p style=\"text-align: center;\">&nbsp;Minden p\u00e9nteken 13:00 \u00f3r\u00e1t\u00f3l v\u00e1rjuk szeretettel az \u00e9rdekl\u0151d\u0151ket s\u00e9t\u00e1inkra.<\/p>\n<p style=\"text-align: center;\">\u00c9rdekl\u0151dni: 06-56\/550-427<\/p>\n<p style=\"text-align: center;\">A helysz\u00edn v\u00e1ltoz\u00f3&#8230;&nbsp;<\/p>\n<p style=\"text-align: center;\">Facebook: <a href=\"https:\/\/www.facebook.com\/mezotur.egeszsegfejlesztesiiroda.9\">Mez\u0151t\u00fari Eg\u00e9szs\u00e9gfejleszt\u00e9si Iroda<\/a><\/p>\n","protected":false},"excerpt":{"rendered":"<p>Kedves Klienseink! &nbsp;Minden p\u00e9nteken 13:00 \u00f3r\u00e1t\u00f3l v\u00e1rjuk szeretettel az \u00e9rdekl\u0151d\u0151ket s\u00e9t\u00e1inkra. \u00c9rdekl\u0151dni: 06-56\/550-427 A helysz\u00edn v\u00e1ltoz\u00f3&#8230;&nbsp; Facebook: Mez\u0151t\u00fari Eg\u00e9szs\u00e9gfejleszt\u00e9si Iroda<\/p>\n","protected":false},"author":2,"featured_media":0,"parent":0,"menu_order":0,"comment_status":"closed","ping_status":"closed","template":"","meta":{"ngg_post_thumbnail":0,"footnotes":""},"class_list":["post-1504","page","type-page","status-publish","hentry"],"_links":{"self":[{"href":"https:\/\/efimezotur.hu\/index.php?rest_route=\/wp\/v2\/pages\/1504","targetHints":{"allow":["GET"]}}],"collection":[{"href":"https:\/\/efimezotur.hu\/index.php?rest_route=\/wp\/v2\/pages"}],"about":[{"href":"https:\/\/efimezotur.hu\/index.php?rest_route=\/wp\/v2\/types\/page"}],"author":[{"embeddable":true,"href":"https:\/\/efimezotur.hu\/index.php?rest_route=\/wp\/v2\/users\/2"}],"replies":[{"embeddable":true,"href":"https:\/\/efimezotur.hu\/index.php?rest_route=%2Fwp%2Fv2%2Fcomments&post=1504"}],"version-history":[{"count":15,"href":"https:\/\/efimezotur.hu\/index.php?rest_route=\/wp\/v2\/pages\/1504\/revisions"}],"predecessor-version":[{"id":2018,"href":"https:\/\/efimezotur.hu\/index.php?rest_route=\/wp\/v2\/pages\/1504\/revisions\/2018"}],"wp:attachment":[{"href":"https:\/\/efimezotur.hu\/index.php?rest_route=%2Fwp%2Fv2%2Fmedia&parent=1504"}],"curies":[{"name":"wp","href":"https:\/\/api.w.org\/{rel}","templated":true}]}}