{"id":1507,"date":"2019-11-27T14:05:16","date_gmt":"2019-11-27T13:05:16","guid":{"rendered":"http:\/\/efimezotur.mediacenter11.hu\/?page_id=1507"},"modified":"2021-05-12T12:18:14","modified_gmt":"2021-05-12T11:18:14","slug":"ne-gyujts-ra","status":"publish","type":"page","link":"https:\/\/efimezotur.hu\/?page_id=1507","title":{"rendered":"Ne gy\u00fajts r\u00e1!"},"content":{"rendered":"<h1 style=\"text-align: center;\"><span style=\"color: #ff9900;\"><strong>Doh\u00e1nyz\u00e1smentes Vil\u00e1gnap 2021: V\u00e1llalja a leszok\u00e1st!<\/strong><\/span><\/h1>\n<p style=\"text-align: center;\"><span style=\"color: #ff9900;\">2021.m\u00e1jus 31.<\/span><\/p>\n<p>A WHO nemr\u00e9giben egy\u00e9ves id\u0151tartam\u00fa glob\u00e1lis kamp\u00e1nyt ind\u00edtott a 2021-es Doh\u00e1nyz\u00e1smentes Vil\u00e1gnap alkalm\u00e1b\u00f3l \u201eSzokjon le a doh\u00e1nyz\u00e1sr\u00f3l!\u201d c\u00edmmel. A kamp\u00e1ny c\u00e9lja, hogy vil\u00e1gszerte 100 milli\u00f3 embert t\u00e1mogasson a doh\u00e1nyz\u00e1sr\u00f3l val\u00f3 leszok\u00e1sban, k\u00fcl\u00f6nf\u00e9le kezdem\u00e9nyez\u00e9sek \u00e9s digit\u00e1lis megold\u00e1sok seg\u00edts\u00e9g\u00e9vel. Az eg\u00e9szs\u00e9gesebb k\u00f6rnyezet megteremt\u00e9se el\u0151seg\u00edti a doh\u00e1nyz\u00e1sr\u00f3l val\u00f3 leszok\u00e1st:<\/p>\n<ul>\n<li>a doh\u00e1nyz\u00e1sr\u00f3l val\u00f3 leszok\u00e1s t\u00e1mogat\u00e1s\u00e1nak er\u0151teljes politik\u00e1j\u00e1val<\/li>\n<li>a leszok\u00e1s t\u00e1mogat\u00e1si szolg\u00e1ltat\u00e1sok el\u00e9rhet\u0151s\u00e9g\u00e9nek n\u00f6vel\u00e9s\u00e9vel<\/li>\n<li>a doh\u00e1nyipari taktik\u00e1kkal szembeni tudatoss\u00e1g fokoz\u00e1s\u00e1val<\/li>\n<li>a doh\u00e1nyz\u00f3k buzd\u00edt\u00e1s\u00e1val a sikeres leszok\u00e1si k\u00eds\u00e9rlet \u00e9rdek\u00e9ben a \u201eHagyd abba \u00e9s nyersz\u201d t\u00edpus\u00fa kezdem\u00e9nyez\u00e9sekben val\u00f3 r\u00e9szv\u00e9tellel.<\/li>\n<\/ul>\n<p>Doh\u00e1nyz\u00f3 emberek milli\u00f3i szeretn\u00e9nek leszokni a doh\u00e1nyz\u00e1sr\u00f3l a COVID-19 j\u00e1rv\u00e1ny k\u00f6vetkezt\u00e9ben. A doh\u00e1nyz\u00e1sr\u00f3l val\u00f3 leszok\u00e1s azonban k\u00fcl\u00f6n\u00f6s kih\u00edv\u00e1st jelent a j\u00e1rv\u00e1ny okozta gazdas\u00e1gi \u00e9s t\u00e1rsadalmi fesz\u00fclts\u00e9gek k\u00f6vetkezt\u00e9ben.<\/p>\n<p>Vil\u00e1gszerte k\u00f6r\u00fclbel\u00fcl 780 milli\u00f3 ember szeretne leszokni a doh\u00e1nyz\u00e1sr\u00f3l, de csak 30%-uk f\u00e9r hozz\u00e1 azokhoz a t\u00e1mogat\u00f3 eszk\u00f6z\u00f6kh\u00f6z, amelyek seg\u00edtenek lek\u00fczdeni a doh\u00e1nyz\u00e1s okozta fizikai \u00e9s lelki f\u00fcgg\u0151s\u00e9get. A WHO \u00e9s partnerei biztos\u00edtani k\u00edv\u00e1nj\u00e1k a leszokni v\u00e1gy\u00f3k sz\u00e1m\u00e1ra azokat az eszk\u00f6z\u00f6ket \u00e9s forr\u00e1sokat, amelyek sz\u00fcks\u00e9gesek sikeres leszok\u00e1si k\u00eds\u00e9rlet\u00fckh\u00f6z.<\/p>\n<p><strong>A doh\u00e1nyz\u00e1sr\u00f3l val\u00f3 leszok\u00e1snak jelent\u0151s \u00e9s k\u00f6zvetlen eg\u00e9szs\u00e9ghasznai vannak<\/strong><\/p>\n<p>A doh\u00e1nyz\u00e1sr\u00f3l val\u00f3 leszok\u00e1snak k\u00f6zvetlen \u00e9s hossz\u00fat\u00e1v\u00fa el\u0151nyei is vannak:<\/p>\n<ul>\n<li>20 perccel a doh\u00e1nyz\u00e1s abbahagy\u00e1sa ut\u00e1n a pulzus lecs\u00f6kken.<\/li>\n<li>12 \u00f3r\u00e1n bel\u00fcl a v\u00e9r sz\u00e9n-monoxid szintje norm\u00e1lis szintre cs\u00f6kken.<\/li>\n<li>2\u201312 h\u00e9ten bel\u00fcl javul a kering\u00e9s \u00e9s fokoz\u00f3dik a t\u00fcd\u0151funkci\u00f3.<\/li>\n<li>1\u20139 h\u00f3napon bel\u00fcl cs\u00f6kken a k\u00f6h\u00f6g\u00e9s \u00e9s a l\u00e9gszomj.<\/li>\n<li>5\u201315 \u00e9ven bel\u00fcl az agyv\u00e9rz\u00e9s kock\u00e1zata a nemdoh\u00e1nyz\u00f3k\u00e9val azonos szintre cs\u00f6kken.<\/li>\n<li>10 \u00e9ven bel\u00fcl a t\u00fcd\u0151r\u00e1k hal\u00e1loz\u00e1si ar\u00e1ny k\u00f6r\u00fclbel\u00fcl fele a doh\u00e1nyz\u00f3k\u00e9nak.<\/li>\n<li>15 \u00e9ven bel\u00fcl a sz\u00edvbetegs\u00e9gek kock\u00e1zata a nemdoh\u00e1nyz\u00f3k\u00e9val azonos szintre cs\u00f6kken.<\/li>\n<\/ul>\n<p><strong>Fejleszteni sz\u00fcks\u00e9ges a WHO eur\u00f3pai r\u00e9gi\u00f3j\u00e1ban a doh\u00e1nyz\u00e1sr\u00f3l val\u00f3 leszok\u00e1s t\u00e1mogat\u00e1s\u00e1nak politik\u00e1it \u00e9s kapacit\u00e1s\u00e1t<\/strong><\/p>\n<p>A WHO Doh\u00e1nyz\u00e1sellen\u0151rz\u00e9si Keretegyezm\u00e9ny\u00e9nek keresletcs\u00f6kkent\u00e9si int\u00e9zked\u00e9sei k\u00f6z\u00fcl a leszok\u00e1s t\u00e1mogat\u00e1si politik\u00e1k tov\u00e1bbra sem az elv\u00e1rt m\u00e9rt\u00e9kben val\u00f3sulnak meg: mind\u00f6ssze nyolc, t\u00f6bbs\u00e9g\u00e9ben magas j\u00f6vedelm\u0171 orsz\u00e1g ny\u00fajt legjobb gyakorlatokon alapul\u00f3 leszok\u00e1s t\u00e1mogat\u00e1si szolg\u00e1ltat\u00e1sokat az eur\u00f3pai r\u00e9gi\u00f3ban. A korm\u00e1nyzatoknak fel kell ismerni\u00fck ezt a nem megfelel\u0151en kiel\u00e9g\u00edtett sz\u00fcks\u00e9gletet \u00e9s cselekedni\u00fck kell egy \u00e1tfog\u00f3 doh\u00e1nyz\u00e1sellen\u0151rz\u00e9si strat\u00e9gia keret\u00e9ben. A popul\u00e1ci\u00f3s szint\u0171, k\u00f6lts\u00e9ghat\u00e9kony doh\u00e1nyz\u00e1sr\u00f3l val\u00f3 leszok\u00e1s t\u00e1mogat\u00e1si int\u00e9zked\u00e9seknek priorit\u00e1st kell \u00e9lvezni\u00fck az egyes orsz\u00e1gokban. Ugyanakkor \u00f6szt\u00f6n\u00f6zni kell az innov\u00e1ci\u00f3t, valamint teljes m\u00e9rt\u00e9kben hasznos\u00edtani a mobil technol\u00f3gi\u00e1kat a sz\u00e9lesebb \u00e9s nehezen el\u00e9rhet\u0151 t\u00e1rsadalmi r\u00e9tegekhez val\u00f3 hozz\u00e1f\u00e9r\u00e9s el\u0151seg\u00edt\u00e9se \u00e9rdek\u00e9ben.<\/p>\n<p><strong>Digit\u00e1lis megold\u00e1sok 1,3 milli\u00e1rd doh\u00e1nyz\u00f3 ember leszok\u00e1sban val\u00f3 seg\u00edt\u00e9s\u00e9re <\/strong><\/p>\n<p>A WHO \u00faj, doh\u00e1nyz\u00e1sr\u00f3l val\u00f3 leszok\u00e1st seg\u00edt\u0151 kezdem\u00e9nyez\u00e9se, ingyenes hozz\u00e1f\u00e9r\u00e9st biztos\u00edt a leszokni v\u00e1gy\u00f3knak a digit\u00e1lis tan\u00e1csad\u00e1shoz. Ennek kapcs\u00e1n egy\u00fcttm\u0171k\u00f6d\u00f6tt olyan technol\u00f3giai v\u00e1llalatokkal, mint a Facebook, a WhatsApp \u00e9s a Soul Machines, hogy automata \u00fczenetk\u00fcld\u00e9ssel \u00e9s digit\u00e1lis eg\u00e9szs\u00e9g\u00fcgyi dolgoz\u00f3k seg\u00edts\u00e9g\u00e9vel felh\u00edvja a figyelmet \u00e9s t\u00e1mogassa a doh\u00e1nyz\u00f3kat a leszok\u00e1sban. &nbsp;&nbsp;&nbsp;&nbsp;&nbsp;Florence p\u00e9ld\u00e1ul &nbsp;egy mesters\u00e9ges intelligenci\u00e1n alapul\u00f3 digit\u00e1lis tan\u00e1csad\u00f3, seg\u00edt a doh\u00e1nyz\u00f3 embereknek szem\u00e9lyre szabott tervet kidolgozni a doh\u00e1nyz\u00e1sr\u00f3l val\u00f3 leszok\u00e1shoz, valamint az orsz\u00e1gukban el\u00e9rhet\u0151 mobilalkalmaz\u00e1sokhoz \u00e9s ingyenes leszok\u00e1si vonalakhoz ir\u00e1ny\u00edtja \u0151ket. Mindek\u00f6zben a <em>Quit Challenge on WhatsApp <\/em>alkalmaz\u00e1s k\u00f6zvetlen, ingyenes mobiltelefonos \u00fczenetekkel seg\u00edti a regisztr\u00e1lt doh\u00e1nyz\u00f3kat a leszok\u00e1ssal kapcsolatban.<\/p>\n<p>Ezek \u00e9s egy\u00e9b tov\u00e1bbi glob\u00e1lis \u00e9s region\u00e1lis szint\u0171 leszok\u00e1s t\u00e1mogat\u00e1si eszk\u00f6z\u00f6k ker\u00fclnek bemutat\u00e1sra a 2021-es Doh\u00e1nyz\u00e1smentes Vil\u00e1gnap kamp\u00e1ny\u00e1nak r\u00e9szek\u00e9nt, amely ism\u00e9telten kiemeli, hogy az er\u0151teljes leszok\u00e1s t\u00e1mogat\u00e1si szolg\u00e1ltat\u00e1sok jav\u00edtj\u00e1k&nbsp;&nbsp;&nbsp;&nbsp; &nbsp;az eg\u00e9szs\u00e9get, \u00e9letet mentenek \u00e9s k\u00f6lts\u00e9ghat\u00e9konyak.<img loading=\"lazy\" decoding=\"async\" class=\"size-full wp-image-1769 aligncenter\" src=\"http:\/\/efimezotur.mediacenter11.hu\/wp-content\/uploads\/2021\/05\/kep.jpg\" alt=\"\" width=\"452\" height=\"644\" srcset=\"https:\/\/efimezotur.hu\/wp-content\/uploads\/2021\/05\/kep.jpg 452w, https:\/\/efimezotur.hu\/wp-content\/uploads\/2021\/05\/kep-211x300.jpg 211w\" sizes=\"auto, (max-width: 452px) 100vw, 452px\" \/><img loading=\"lazy\" decoding=\"async\" class=\"size-full wp-image-1768 aligncenter\" src=\"http:\/\/efimezotur.mediacenter11.hu\/wp-content\/uploads\/2021\/05\/kep2-1.jpg\" alt=\"\" width=\"456\" height=\"619\" srcset=\"https:\/\/efimezotur.hu\/wp-content\/uploads\/2021\/05\/kep2-1.jpg 456w, https:\/\/efimezotur.hu\/wp-content\/uploads\/2021\/05\/kep2-1-221x300.jpg 221w\" sizes=\"auto, (max-width: 456px) 100vw, 456px\" \/><\/p>\n<p><strong>Forr\u00e1s:<\/strong><\/p>\n<p><u><a href=\"https:\/\/www.euro.who.int\/en\/media-centre\/events\/events\/2021\/05\/world-no-tobacco-day-2021-commit-to-quit\">https:\/\/www.euro.who.int\/en\/media-centre\/events\/events\/2021\/05\/world-no-tobacco-day-2021-commit-to-quit<\/a><\/u><\/p>\n<p><a href=\"http:\/\/efimezotur.mediacenter11.hu\/wp-content\/uploads\/2019\/11\/Mi-is-az-az-elektronikus-cigaretta-VAGY-M\u00c1S-N\u00c9VEN-AZ-E-CIGI.pdf\">Mi is az az elektronikus cigaretta, VAGY M\u00c1S N\u00c9VEN AZ E CIGI<\/a><\/p>\n<p><a href=\"http:\/\/efimezotur.mediacenter11.hu\/wp-content\/uploads\/2019\/11\/Kulcsfontoss\u00e1g\u00fa-\u00fczenetek.pdf\">Kulcsfontoss\u00e1g\u00fa \u00fczenetek<\/a><\/p>\n<p><a href=\"http:\/\/efimezotur.mediacenter11.hu\/wp-content\/uploads\/2019\/11\/Ne-gy\u00fajts-r\u00e1.pdf\">Ne gy\u00fajts r\u00e1!<\/a><\/p>\n<p><a href=\"http:\/\/efimezotur.mediacenter11.hu\/wp-content\/uploads\/2019\/11\/Doh\u00e1nyf\u00fcst-mentess\u00e9g..pdf\">Doh\u00e1nyf\u00fcst-mentess\u00e9g.<\/a><\/p>\n<p>&nbsp;<\/p>\n\n\n<p><\/p>\n","protected":false},"excerpt":{"rendered":"<p>Doh\u00e1nyz\u00e1smentes Vil\u00e1gnap 2021: V\u00e1llalja a leszok\u00e1st! 2021.m\u00e1jus 31. A WHO nemr\u00e9giben egy\u00e9ves id\u0151tartam\u00fa glob\u00e1lis kamp\u00e1nyt ind\u00edtott a 2021-es Doh\u00e1nyz\u00e1smentes Vil\u00e1gnap alkalm\u00e1b\u00f3l \u201eSzokjon le a doh\u00e1nyz\u00e1sr\u00f3l!\u201d c\u00edmmel. A kamp\u00e1ny c\u00e9lja, hogy vil\u00e1gszerte 100 milli\u00f3 embert t\u00e1mogasson a doh\u00e1nyz\u00e1sr\u00f3l val\u00f3 leszok\u00e1sban, k\u00fcl\u00f6nf\u00e9le kezdem\u00e9nyez\u00e9sek \u00e9s digit\u00e1lis megold\u00e1sok seg\u00edts\u00e9g\u00e9vel. Az eg\u00e9szs\u00e9gesebb k\u00f6rnyezet megteremt\u00e9se el\u0151seg\u00edti a doh\u00e1nyz\u00e1sr\u00f3l val\u00f3 leszok\u00e1st: a [&hellip;]<\/p>\n","protected":false},"author":2,"featured_media":0,"parent":0,"menu_order":0,"comment_status":"closed","ping_status":"closed","template":"","meta":{"ngg_post_thumbnail":0,"footnotes":""},"class_list":["post-1507","page","type-page","status-publish","hentry"],"_links":{"self":[{"href":"https:\/\/efimezotur.hu\/index.php?rest_route=\/wp\/v2\/pages\/1507","targetHints":{"allow":["GET"]}}],"collection":[{"href":"https:\/\/efimezotur.hu\/index.php?rest_route=\/wp\/v2\/pages"}],"about":[{"href":"https:\/\/efimezotur.hu\/index.php?rest_route=\/wp\/v2\/types\/page"}],"author":[{"embeddable":true,"href":"https:\/\/efimezotur.hu\/index.php?rest_route=\/wp\/v2\/users\/2"}],"replies":[{"embeddable":true,"href":"https:\/\/efimezotur.hu\/index.php?rest_route=%2Fwp%2Fv2%2Fcomments&post=1507"}],"version-history":[{"count":17,"href":"https:\/\/efimezotur.hu\/index.php?rest_route=\/wp\/v2\/pages\/1507\/revisions"}],"predecessor-version":[{"id":1770,"href":"https:\/\/efimezotur.hu\/index.php?rest_route=\/wp\/v2\/pages\/1507\/revisions\/1770"}],"wp:attachment":[{"href":"https:\/\/efimezotur.hu\/index.php?rest_route=%2Fwp%2Fv2%2Fmedia&parent=1507"}],"curies":[{"name":"wp","href":"https:\/\/api.w.org\/{rel}","templated":true}]}}