{"id":1558,"date":"2020-03-05T09:21:30","date_gmt":"2020-03-05T08:21:30","guid":{"rendered":"http:\/\/efimezotur.mediacenter11.hu\/?page_id=1558"},"modified":"2020-03-05T15:04:37","modified_gmt":"2020-03-05T14:04:37","slug":"efop-2-2-0-16-2016-00002","status":"publish","type":"page","link":"https:\/\/efimezotur.hu\/?page_id=1558","title":{"rendered":"EFOP-2.2.0-16-2016-00002"},"content":{"rendered":"<h4><span style=\"color: #ff9900;\">Anim\u00e1ci\u00f3s filmek az al\u00e1bbi linkeken \u00e9rhet\u0151k el:<\/span><\/h4>\n<p><strong><span style=\"color: #ff9900;\">ADHD:<\/span><\/strong> <a href=\"https:\/\/www.youtube.com\/watch?v=IbKjW3Zv9XU\">https:\/\/www.youtube.com\/watch?v=IbKjW3Zv9XU<\/a><\/p>\n<p><strong><span style=\"color: #ff9900;\">Depresszi\u00f3:<\/span><\/strong> <a href=\"https:\/\/www.youtube.com\/watch?v=Zn8mLM6e4aM\"> https:\/\/www.youtube.com\/watch?v=Zn8mLM6e4aM<\/a><\/p>\n<p><strong><span style=\"color: #ff9900;\">B\u00e1ntalmaz\u00e1s:<\/span><\/strong> <a href=\"https:\/\/www.youtube.com\/watch?v=-3tHJv_e9cM\"> https:\/\/www.youtube.com\/watch?v=-3tHJv_e9cM<\/a><\/p>\n<p><strong><span style=\"color: #ff9900;\">FoMO, k\u00f6z\u00f6ss\u00e9gi m\u00e9dia f\u00fcgg\u0151s\u00e9g:<\/span><\/strong> <a href=\"https:\/\/www.youtube.com\/watch?v=Na39eq4Ktgs\"> https:\/\/www.youtube.com\/watch?v=Na39eq4Ktgs<\/a><\/p>\n<p><strong><span style=\"color: #ff9900;\">Ev\u00e9szavar:<\/span><\/strong> <a href=\"https:\/\/www.youtube.com\/watch?v=E5rt9uWUeCA\"> https:\/\/www.youtube.com\/watch?v=E5rt9uWUeCA<\/a><\/p>\n\n\n<p><\/p>\n","protected":false},"excerpt":{"rendered":"<p>Anim\u00e1ci\u00f3s filmek az al\u00e1bbi linkeken \u00e9rhet\u0151k el: ADHD: https:\/\/www.youtube.com\/watch?v=IbKjW3Zv9XU Depresszi\u00f3: https:\/\/www.youtube.com\/watch?v=Zn8mLM6e4aM B\u00e1ntalmaz\u00e1s: https:\/\/www.youtube.com\/watch?v=-3tHJv_e9cM FoMO, k\u00f6z\u00f6ss\u00e9gi m\u00e9dia f\u00fcgg\u0151s\u00e9g: https:\/\/www.youtube.com\/watch?v=Na39eq4Ktgs Ev\u00e9szavar: https:\/\/www.youtube.com\/watch?v=E5rt9uWUeCA<\/p>\n","protected":false},"author":2,"featured_media":0,"parent":0,"menu_order":0,"comment_status":"closed","ping_status":"closed","template":"","meta":{"ngg_post_thumbnail":0,"footnotes":""},"class_list":["post-1558","page","type-page","status-publish","hentry"],"_links":{"self":[{"href":"https:\/\/efimezotur.hu\/index.php?rest_route=\/wp\/v2\/pages\/1558","targetHints":{"allow":["GET"]}}],"collection":[{"href":"https:\/\/efimezotur.hu\/index.php?rest_route=\/wp\/v2\/pages"}],"about":[{"href":"https:\/\/efimezotur.hu\/index.php?rest_route=\/wp\/v2\/types\/page"}],"author":[{"embeddable":true,"href":"https:\/\/efimezotur.hu\/index.php?rest_route=\/wp\/v2\/users\/2"}],"replies":[{"embeddable":true,"href":"https:\/\/efimezotur.hu\/index.php?rest_route=%2Fwp%2Fv2%2Fcomments&post=1558"}],"version-history":[{"count":5,"href":"https:\/\/efimezotur.hu\/index.php?rest_route=\/wp\/v2\/pages\/1558\/revisions"}],"predecessor-version":[{"id":1633,"href":"https:\/\/efimezotur.hu\/index.php?rest_route=\/wp\/v2\/pages\/1558\/revisions\/1633"}],"wp:attachment":[{"href":"https:\/\/efimezotur.hu\/index.php?rest_route=%2Fwp%2Fv2%2Fmedia&parent=1558"}],"curies":[{"name":"wp","href":"https:\/\/api.w.org\/{rel}","templated":true}]}}