{"id":1571,"date":"2020-03-05T09:31:19","date_gmt":"2020-03-05T08:31:19","guid":{"rendered":"http:\/\/efimezotur.mediacenter11.hu\/?page_id=1571"},"modified":"2024-02-28T12:10:43","modified_gmt":"2024-02-28T11:10:43","slug":"szerfogyasztas","status":"publish","type":"page","link":"https:\/\/efimezotur.hu\/?page_id=1571","title":{"rendered":"Szerfogyaszt\u00e1s"},"content":{"rendered":"<h2>Mi a drogf\u00fcgg\u0151s\u00e9g?<\/h2>\n<p>Drogf\u00fcgg\u0151s\u00e9gr\u0151l akkor besz\u00e9lhet\u00fcnk, ha valaki&nbsp;<strong>\u00e1lland\u00f3 s\u00f3v\u00e1rg\u00e1st \u00e9rez<\/strong>&nbsp;egy adott szer ut\u00e1n, a szer haszn\u00e1lat\u00e1t nem tudja kontroll\u00e1lni, mert a drog elhagy\u00e1sa testi \u00e9s lelki, \u00fagynevezett elvon\u00e1si t\u00fcneteket okoz n\u00e1la. Ez ut\u00f3bbiak miatt az illet\u0151 nem tudja abbahagyni a szer haszn\u00e1lat\u00e1t. Egyfajta&nbsp;<strong>k\u00e9nyszeres haszn\u00e1lat<\/strong>r\u00f3l is besz\u00e9lhet\u00fcnk, hiszen az is jellemz\u0151, hogy a f\u00fcgg\u0151 annak tudat\u00e1ban is folytatja a szer haszn\u00e1lat\u00e1t, hogy tudja, az milyen s\u00falyosan k\u00e1ros\u00edtja eg\u00e9szs\u00e9g\u00e9t.<\/p>\n<h2>T\u00fcnetek<\/h2>\n<ul>\n<li>magatart\u00e1sv\u00e1ltoz\u00e1s<\/li>\n<li>agresszivit\u00e1s<\/li>\n<li>s\u00f3v\u00e1rg\u00e1s<\/li>\n<li>addikt\u00edv keres\u00e9s hazudoz\u00e1s<\/li>\n<li>elt\u00e1volod\u00e1s a csal\u00e1dt\u00f3l<\/li>\n<li>elhanyagolt megjelen\u00e9s<\/li>\n<li>saj\u00e1tos \u00f6lt\u00f6zk\u00f6d\u00e9s<\/li>\n<li>testi leroml\u00e1s<\/li>\n<li>pupill\u00e1k sz\u0171k\u00fcl\u00e9se<\/li>\n<li>pupill\u00e1k t\u00e1gul\u00e1sa<\/li>\n<li>visszah\u00faz\u00f3d\u00e1s<\/li>\n<\/ul>\n<h2>A drogf\u00fcgg\u0151s\u00e9g el\u0151fordul\u00e1sa<\/h2>\n<p>A hazai drogf\u00fcgg\u0151k sz\u00e1m\u00e1ra vonatkoz\u00f3an csak becsl\u00e9sek vannak, amelyek szerint orsz\u00e1gos szinten 4-5 ezer rendszeres, problematikus,&nbsp;<strong>intrav\u00e9n\u00e1s droghaszn\u00e1l\u00f3<\/strong>&nbsp;lehet. Emellett az illegitim fogyaszt\u00f3k sz\u00e1ma h\u00e9tv\u00e9geken t\u00f6bb sz\u00e1zezer f\u0151re tehet\u0151.<\/p>\n<p>Vezet\u0151 drog n\u00e1lunk is&nbsp;<a href=\"http:\/\/www.hazipatika.com\/psziche\/drog_abc\/cikkek\/konnyu_drogok\/marihuana_cannabis\/20130610152451\">a cannabis<\/a>&nbsp;(marihu\u00e1na), ezt k\u00f6vetik az amfetaminsz\u00e1rmaz\u00e9kok, diz\u00e1jnerdrogok, az extasy, a ketamin, a GHB, a kokain, de el\u0151fordul m\u00e9g a szipuz\u00e1s is. A probl\u00e9m\u00e1val a 20-25 \u00e9ves koroszt\u00e1ly a leg\u00e9rintettebb. Ismert az is, hogy a f\u00fcgg\u0151k k\u00e9tharmada f\u00e9rfi, m\u00edg egyharmada n\u0151, b\u00e1r a n\u0151k egyre ink\u00e1bb &#8222;felj\u00f6v\u0151ben&#8221; vannak.<\/p>\n<h2>A drogf\u00fcgg\u0151s\u00e9g okai<\/h2>\n<p>A f\u00fcgg\u0151s\u00e9g, azaz a drogbetegs\u00e9g els\u0151sorban&nbsp;<strong>\u00e9rzelmi probl\u00e9ma<\/strong>, az \u00e9rzelmi \u00e9let s\u00falyos zavaraival j\u00e1r. Kialakul\u00e1s\u00e1nak egyik alapvet\u0151 t\u00e9nyez\u0151je a&nbsp;<strong>csal\u00e1dpatol\u00f3gia<\/strong>, azaz hogy az adott embert csecsem\u0151- \u00e9s kisgyermekkor\u00e1ban milyen traum\u00e1k \u00e9rt\u00e9k az anya-gyerek, illetve a k\u00e9s\u0151bbiekben az anya-apa-gyerek kapcsolati h\u00e1l\u00f3ban. A diszfunkcion\u00e1lisan m\u0171k\u00f6d\u0151 csal\u00e1dok a k\u00e9s\u0151bbi drogfogyaszt\u00e1s f\u0151 rizik\u00f3faktorai (emiatt vannak nagyobb vesz\u00e9lyben az int\u00e9zeti gyerekek, a csonka, apa n\u00e9lk\u00fcli csal\u00e1dok).<\/p>\n<p>A m\u00e1sik f\u0151 ok, mikor a szem\u00e9lyis\u00e9g defektusai, konfliktusai egybeesnek a drog el\u00e9rhet\u0151s\u00e9g\u00e9vel \u00e9s egy kr\u00edzishelyzettel (egy pubert\u00e1s gyerek eset\u00e9ben&nbsp;<a href=\"http:\/\/www.hazipatika.com\/psziche\/csalad\/cikkek\/elvalnak_utjaink\/20060112074459\">p\u00e9ld\u00e1ul egy v\u00e1l\u00e1ssal<\/a>). Az ilyen csal\u00e1dokban a hi\u00e1ny \u00e9s a vesztes\u00e9g \u00e9lm\u00e9nyei uralkodnak, amelyek miatt a drogf\u00fcgg\u0151s\u00e9g k\u00f6nnyebben kialakulhat.<\/p>\n<p>A drogf\u00fcgg\u0151s\u00e9g m\u00f6g\u00f6tt komoly lelki probl\u00e9m\u00e1k \u00e1llhatnak<\/p>\n<p>A pszich\u00e9s-k\u00f6rnyezeti faktorok mellett ma m\u00e1r ismert az is, hogy drogf\u00fcgg\u0151kn\u00e9l egyfajta&nbsp;<strong>genetikai sebezhet\u0151s\u00e9g<\/strong>&nbsp;is kimutathat\u00f3. Az ilyen emberekn\u00e9l az \u00fagynevezett agyi jutalmaz\u00f3 rendszerek m\u0171k\u00f6d\u00e9se deficites, azaz nem tudnak kell\u0151 \u00f6r\u00f6m\u00f6ket \u00e1t\u00e9lni, nem tudj\u00e1k kell\u0151en \u00e9lvezni az &#8222;\u00e9let \u00edz\u00e9t&#8221;. Ezekn\u00e9l az emberekn\u00e9l a drogfogyaszt\u00e1st egy sikertelen \u00f6ngy\u00f3gy\u00edt\u00e1si k\u00eds\u00e9rletek\u00e9nt is felfoghatjuk. A drogfogyaszt\u00e1s nem csak \u00f6r\u00f6mszerz\u00e9sre, de k\u00edn ker\u00fcl\u00e9sre is haszn\u00e1lhat\u00f3.<\/p>\n<h2>A drogf\u00fcgg\u0151s\u00e9g t\u00fcnetei<\/h2>\n<p><strong>Jellemz\u0151 t\u00fcnet&nbsp;<\/strong>az \u00e1lland\u00f3 s\u00f3v\u00e1rg\u00e1s, az addikt\u00edv keres\u00e9s, mely a szenved\u00e9lybetegekre jellemz\u0151en az eg\u00e9sz szem\u00e9lyis\u00e9get \u00e1talak\u00edtja. Ugyancsak tipikus szimpt\u00f3ma a magatart\u00e1sv\u00e1ltoz\u00e1s, a hazudoz\u00e1s, a csal\u00e1dt\u00f3l val\u00f3 elt\u00e1volod\u00e1s, az elhanyagolt megjelen\u00e9s, a saj\u00e1tos \u00f6lt\u00f6zk\u00f6d\u00e9s, a piercingek \u00e9s tetov\u00e1l\u00e1sok megjelen\u00e9se, majd a testi leroml\u00e1s, a pupill\u00e1k t\u00e1gul\u00e1sa vagy sz\u0171k\u00fcl\u00e9se, a visszah\u00faz\u00f3d\u00f3 vagy agressz\u00edv, impulz\u00edv, paranoid megnyilv\u00e1nul\u00e1sok. Ugyancsak int\u0151 jel lehet k\u00fcl\u00f6nb\u00f6z\u0151 t\u00e1rgyak elad\u00e1sa, a p\u00e9nzlop\u00e1s. A folyamat rosszabbod\u00e1s\u00e1t a rend\u0151rs\u00e9gi, krimin\u00e1lis \u00fcgyek is jelzik.<\/p>\n<h2>A drogf\u00fcgg\u0151s\u00e9g diagn\u00f3zisa<\/h2>\n<p>A f\u00fcgg\u0151nek nincs betegs\u00e9gbel\u00e1t\u00e1sa, nem k\u00e9r seg\u00edts\u00e9get, nem motiv\u00e1lt a kezel\u00e9sre. \u00c1ltal\u00e1ban szorult helyzetben a k\u00f6rnyezet nyom\u00e1s\u00e1ra jelentkezik a drogambulanci\u00e1n, vagy k\u00f3rh\u00e1zi oszt\u00e1lyon. A&nbsp;<a href=\"http:\/\/www.hazipatika.com\/psziche\/fuggosegek\/cikkek\/drogok_halojaban\/20011114140837\">diagn\u00f3zist teh\u00e1t a k\u00f6rnyezet \u00e1ll\u00edtja f\u00f6l<\/a>, a szakember pedig mindezt &#8222;szentes\u00edti&#8221;.<\/p>\n<p>A diagn\u00f3zis fel\u00e1ll\u00edt\u00e1sa mindig a szakemberrel &#8211; nem csak orvossal, hanem p\u00e9ld\u00e1ul&nbsp;<strong>addiktol\u00f3giai konzulenssel<\/strong>&nbsp;&#8211; t\u00f6rt\u00e9n\u0151 tal\u00e1lkoz\u00e1ssal, esetleg drogtesztekkel t\u00f6rt\u00e9nhet. A kezel\u00e9st viszont csak akkor van \u00e9rtelme elkezdeni, ha a beteg motiv\u00e1ltt\u00e1 tehet\u0151. Kiv\u00e9tel, ha olyan \u00e1llapotba ker\u00fcl, hogy s\u00fcrg\u0151ss\u00e9gi ell\u00e1t\u00e1sra szorul.<\/p>\n<h2>A drogf\u00fcgg\u0151s\u00e9g kezel\u00e9se<\/h2>\n<p>A drogkezel\u00e9s mott\u00f3ja, hogy a drog helyett nincs semmi, a drog van valami helyett. Ha teh\u00e1t a kezel\u00e9s sor\u00e1n megtal\u00e1lj\u00e1k a &#8222;valamit&#8221;, van rem\u00e9ny a fel\u00e9p\u00fcl\u00e9sre. Az ugyanakkor t\u00e9ny, hogy szenved\u00e9lybetegs\u00e9gb\u0151l meggy\u00f3gyulni nem lehet, de absztinencia, illetve a drogfogyaszt\u00e1s jelent\u0151s cs\u00f6kkent\u00e9se el\u00e9rhet\u0151. Ez egy hosszadalmas folyamat, melynek els\u0151 l\u00e9p\u00e9se lehet a k\u00f6rnyezetb\u0151l val\u00f3 kiemel\u00e9s,&nbsp;<strong>k\u00f3rh\u00e1zi diverzifik\u00e1l\u00e1s<\/strong>. Ha viszont ezt nem k\u00f6veti speci\u00e1lis rehabilit\u00e1ci\u00f3 &#8211; f\u00e9l-egy\u00e9ves id\u0151tartammal &#8211; akkor a visszaes\u00e9s szinte 100 sz\u00e1zal\u00e9kos.<\/p>\n<p>A probl\u00e9m\u00e1ra egy\u00e9bk\u00e9nt nagyon pontos&nbsp;<strong>&#8222;az orvos kezel, a k\u00f6z\u00f6ss\u00e9g gy\u00f3gy\u00edt&#8221;<\/strong>&nbsp;\u00e1ll\u00edt\u00e1s, ugyanis a drogbetegs\u00e9g kezel\u00e9s\u00e9hez szomato-pszicho-szoci\u00e1lis \u00e9s spiritu\u00e1lis szint\u0171 kezel\u00e9sre egyar\u00e1nt sz\u00fcks\u00e9ges. Teh\u00e1t a civil szf\u00e9ra, az egyh\u00e1z, az \u00f6ngy\u00f3gy\u00edt\u00f3 k\u00f6z\u00f6ss\u00e9gek szerepe rendk\u00edv\u00fcl fontos, ak\u00e1r az, hogy csal\u00e1di h\u00e1tt\u00e9r n\u00e9lk\u00fcl sem lehet igaz\u00e1n tart\u00f3s fel\u00e9p\u00fcl\u00e9sr\u0151l besz\u00e9lni, ez\u00e9rt a csal\u00e1d bevon\u00e1sa is alapvet\u0151.<\/p>\n<h2>A drogf\u00fcgg\u0151s\u00e9g gy\u00f3gyul\u00e1si es\u00e9lyei<\/h2>\n<p>A fel\u00e9p\u00fcl\u0151k ar\u00e1nya m\u00e1r akkor j\u00f3nak mondhat\u00f3, ha a kezeltek fel\u00e9n\u00e9l tart\u00f3s, azaz t\u00f6bb \u00e9ves absztinencia \u00e9rhet\u0151 el.<\/p>\n<h2>A drogf\u00fcgg\u0151s\u00e9g megel\u0151z\u00e9se<\/h2>\n<p>A drogjelens\u00e9g a fogyaszt\u00f3i t\u00e1rsadalmak betegs\u00e9g\u00e9nek t\u00fcnete, a t\u00e1rsadalom felel\u0151ss\u00e9ge, hogy a drogf\u00fcgg\u0151s\u00e9g&nbsp;<strong>n\u00e9pbetegs\u00e9g<\/strong>. A megel\u0151z\u00e9s ez\u00e9rt neh\u00e9z, mert ehhez a t\u00e1rsadalom \u00e1talakul\u00e1sa is sz\u00fcks\u00e9ges lenne. Sajnos a mai t\u00e1rsadalomra&nbsp;<a href=\"http:\/\/www.hazipatika.com\/psziche\/harmoniaban\/cikkek\/legy_a_pszichologusod_es_ismerkedj_meg_haragos_eneddel\/20060614112614\">az agresszi\u00f3<\/a>, a depresszi\u00f3, a j\u00f6v\u0151 bizonytalans\u00e1ga, kisz\u00e1m\u00edthatatlans\u00e1ga, a kiszolg\u00e1ltatotts\u00e1g, a c\u00e9ltalans\u00e1g a f\u0151bb jellemz\u0151k, \u00edgy k\u00e9ptelen a drogjelens\u00e9g megsz\u00fcntet\u00e9s\u00e9re, ez\u00e9rt alapvet\u0151 a&nbsp;<strong>prevenci\u00f3<\/strong>. Viszont nincsenek hat\u00e9kony programok, a serd\u00fcl\u0151k sz\u00e1m\u00e1ra kezel\u0151helyek, az erre sz\u00e1nt anyagi forr\u00e1sok egyre jobban elapadnak.<\/p>\n<h2>A drogf\u00fcgg\u0151s\u00e9g sz\u00f6v\u0151dm\u00e9nyei<\/h2>\n<p>A legnagyobb vesz\u00e9lyben az \u00fagynevezett probl\u00e9m\u00e1s fogyaszt\u00f3k vannak, azaz az intrav\u00e9n\u00e1s haszn\u00e1l\u00f3k, illetve az \u00fagynevezett kem\u00e9ny drogot &#8211; heroint, kokaint &#8211; fogyaszt\u00f3k. N\u00e1luk nagyon elterjedt a&nbsp;<a href=\"http:\/\/www.hazipatika.com\/betegsegek_a_z\/hepatitis_c\/488\">hepatitis C v\u00edrusfert\u0151z\u00e9s<\/a>, illetve magas a&nbsp;<a href=\"http:\/\/www.hazipatika.com\/betegsegek_a_z\/aids\/249\">HIV-v\u00edrusfert\u0151z\u0151d\u00e9s<\/a>&nbsp;vesz\u00e9lye.<\/p>\n<p>A drogf\u00fcgg\u0151k k\u00f6r\u00e9ben emellett magas az&nbsp;<strong>\u00f6ngyilkoss\u00e1g<\/strong>&nbsp;el\u0151fordul\u00e1si ar\u00e1nya, \u00e9s gyakoriak a pszichotikus zavarok, a depresszi\u00f3 \u00e9s a szorong\u00e1sos k\u00f3rk\u00e9pek is. Ez olyannyira \u00edgy van, hogy m\u00e9g a legkev\u00e9sb\u00e9 \u00e1rtalmasnak tartott cannabisfogyaszt\u00f3kn\u00e1l is kialakulhatnak pszichotikus, szkizofr\u00e9niaszer\u0171 elmezavarok, s\u00falyos mem\u00f3riazavarok &#8211; p\u00e9ld\u00e1ul nem tudnak tanulni -, legyeng\u00fcl az immunrendszer\u00fck is.<\/p>\n<p>&nbsp;<\/p>\n","protected":false},"excerpt":{"rendered":"<p>Mi a drogf\u00fcgg\u0151s\u00e9g? Drogf\u00fcgg\u0151s\u00e9gr\u0151l akkor besz\u00e9lhet\u00fcnk, ha valaki&nbsp;\u00e1lland\u00f3 s\u00f3v\u00e1rg\u00e1st \u00e9rez&nbsp;egy adott szer ut\u00e1n, a szer haszn\u00e1lat\u00e1t nem tudja kontroll\u00e1lni, mert a drog elhagy\u00e1sa testi \u00e9s lelki, \u00fagynevezett elvon\u00e1si t\u00fcneteket okoz n\u00e1la. Ez ut\u00f3bbiak miatt az illet\u0151 nem tudja abbahagyni a szer haszn\u00e1lat\u00e1t. Egyfajta&nbsp;k\u00e9nyszeres haszn\u00e1latr\u00f3l is besz\u00e9lhet\u00fcnk, hiszen az is jellemz\u0151, hogy a f\u00fcgg\u0151 annak tudat\u00e1ban [&hellip;]<\/p>\n","protected":false},"author":2,"featured_media":0,"parent":0,"menu_order":0,"comment_status":"closed","ping_status":"closed","template":"","meta":{"ngg_post_thumbnail":0,"footnotes":""},"class_list":["post-1571","page","type-page","status-publish","hentry"],"_links":{"self":[{"href":"https:\/\/efimezotur.hu\/index.php?rest_route=\/wp\/v2\/pages\/1571","targetHints":{"allow":["GET"]}}],"collection":[{"href":"https:\/\/efimezotur.hu\/index.php?rest_route=\/wp\/v2\/pages"}],"about":[{"href":"https:\/\/efimezotur.hu\/index.php?rest_route=\/wp\/v2\/types\/page"}],"author":[{"embeddable":true,"href":"https:\/\/efimezotur.hu\/index.php?rest_route=\/wp\/v2\/users\/2"}],"replies":[{"embeddable":true,"href":"https:\/\/efimezotur.hu\/index.php?rest_route=%2Fwp%2Fv2%2Fcomments&post=1571"}],"version-history":[{"count":4,"href":"https:\/\/efimezotur.hu\/index.php?rest_route=\/wp\/v2\/pages\/1571\/revisions"}],"predecessor-version":[{"id":1955,"href":"https:\/\/efimezotur.hu\/index.php?rest_route=\/wp\/v2\/pages\/1571\/revisions\/1955"}],"wp:attachment":[{"href":"https:\/\/efimezotur.hu\/index.php?rest_route=%2Fwp%2Fv2%2Fmedia&parent=1571"}],"curies":[{"name":"wp","href":"https:\/\/api.w.org\/{rel}","templated":true}]}}