{"id":1573,"date":"2020-03-05T09:32:08","date_gmt":"2020-03-05T08:32:08","guid":{"rendered":"http:\/\/efimezotur.mediacenter11.hu\/?page_id=1573"},"modified":"2024-02-28T12:17:21","modified_gmt":"2024-02-28T11:17:21","slug":"eveszavar","status":"publish","type":"page","link":"https:\/\/efimezotur.hu\/?page_id=1573","title":{"rendered":"Ev\u00e9szavar"},"content":{"rendered":"<h1 style=\"text-align: center;\"><strong>Az ev\u00e9szavarok fajt\u00e1i \u00e9 jellemz\u0151i<\/strong><\/h1>\n<h2>&nbsp;<\/h2>\n<h2>Az ev\u00e9szavarok fajt\u00e1i<\/h2>\n<p data-content=\"description\" data-editable=\"\" data-desc=\"\" data-content-type=\"desc\">Az ev\u00e9szavar ak\u00e1r \u00e9letvesz\u00e9lyes is lehet, olyan ment\u00e1lis betegs\u00e9g, melyben a betegnek a testhez \u00e9s az \u00e9telhez val\u00f3 viszonya eg\u00e9szs\u00e9gtelen, kialakul\u00e1s\u00e1nak h\u00e1tter\u00e9ben \u00e1ltal\u00e1ban t\u00f6bb t\u00e9nyez\u0151 egy\u00fcttes hat\u00e1sa \u00e1ll. Ezek lehetnek \u00f6n\u00e9rt\u00e9kel\u00e9si probl\u00e9m\u00e1k, traumatikus esem\u00e9nyek, p\u00e1rkapcsolati gondok, fizikai vagy \u00e9rzelmi b\u00e1ntalmaz\u00e1s, munkahelyi probl\u00e9m\u00e1k. Hivatalosan a lakoss\u00e1g mintegy 5%-a szenved ev\u00e9szavarban, legjellemz\u0151bb serd\u00fcl\u0151 \u00e9s fiatal feln\u0151ttkorban. Azonban a szak\u00e9rt\u0151k v\u00e9lem\u00e9nye az, hogy csak a betegek kis r\u00e9sze jut el orvosig \u00e9s megfelel\u0151 kezel\u00e9sig, \u00edgy pontosan nem tudhatjuk, hogy milyen ar\u00e1nyban \u00e9rintik a t\u00e1rsadalmunkat. Az diagnosztiz\u00e1lt ev\u00e9szavarok az anorexia nervosa, a bulimia nervosa, a fal\u00e1szavar, ezek mellett pedig l\u00e9teznek egy\u00e9b ev\u00e9szavarok is, mint az izomdiszmorfia, orthorexia nervosa, testzs\u00edrf\u00f3bia, purg\u00e1l\u00f3 zavar.<\/p>\n<h2 data-content=\"title\" data-editable=\"\" data-title=\"\" data-content-type=\"title\">Az anorexia nervosa<\/h2>\n<p data-content=\"description\" data-editable=\"\" data-desc=\"\" data-content-type=\"desc\">Az anorexia kialakul\u00e1s\u00e1t jellemz\u0151en egy drasztikus fogy\u00f3k\u00fara el\u0151zi meg, ami sor\u00e1n a szem\u00e9ly sokat fogyott \u00e9s k\u00f6rnyezete is elismerte a v\u00e1ltoz\u00e1sokat. Az elismer\u00e9sek ellen\u00e9re a szem\u00e9ly \u00fagy \u00e9rzi, hogy m\u00e9g mindig k\u00f6v\u00e9r, szeretne tov\u00e1bb fogyni, valamilyen di\u00e9t\u00e1t k\u00f6vet, vagy csak alacsony kal\u00f3riatartalm\u00fa \u00e9teleket eszik \u00e9s ker\u00fcli a t\u00e1rsas\u00e1gban t\u00f6rt\u00e9n\u0151 \u00e9tkez\u00e9seket. Az anorexi\u00e1ban szenved\u0151 betegek \u00e1ltal\u00e1ban f\u00e1rad\u00e9konny\u00e1 v\u00e1lnak \u00e9s szem\u00e9lyis\u00e9gbeli v\u00e1ltoz\u00e1sok is bek\u00f6vetkeznek, vagy ingerl\u00e9kenny\u00e9 \u00e9s t\u00fcrelmetlenn\u00e9 v\u00e1lnak, vagy pedig halkszav\u00fa, csendes \u00e9s visszah\u00faz\u00f3d\u00f3 szem\u00e9lyis\u00e9gg\u00e9. Jellemz\u0151en szorong\u00f3 vagy depresszi\u00f3s t\u00fcneteket produk\u00e1lnak, a n\u0151kn\u00e9l az alacsony tests\u00faly miatt elmaradhat a menstru\u00e1ci\u00f3 is. Az anorexia legink\u00e1bb a n\u0151k k\u00f6r\u00e9ben alakul ki, \u00e1ltal\u00e1ban 14-18 \u00e9ves koruk k\u00f6z\u00f6tt. Legfontosabb<br \/>\njellemz\u0151k:<\/p>\n<ul>\n<li>szorong\u00e1s<\/li>\n<li>depresszi\u00f3<\/li>\n<li>\u00e1lmatlans\u00e1g, vagy alv\u00e1szavar<\/li>\n<li>csontritkul\u00e1s<\/li>\n<li>sz\u00edvritmuszavar<\/li>\n<li>anyagcsere gondok<\/li>\n<li>alacsony v\u00e9rnyom\u00e1s<\/li>\n<li>hangulatingadoz\u00e1s<\/li>\n<li>\u00f6n\u00e9rt\u00e9kel\u00e9si probl\u00e9m\u00e1k<\/li>\n<li>b\u0151rprobl\u00e9m\u00e1k<\/li>\n<li>t\u00f6redezett, v\u00e9kony k\u00f6rm\u00f6k<\/li>\n<\/ul>\n<p>&nbsp;<\/p>\n<h2 data-content=\"title\" data-editable=\"\" data-title=\"\" data-content-type=\"title\">A bulimia nervosa<\/h2>\n<p data-content=\"description\" data-editable=\"\" data-desc=\"\" data-content-type=\"desc\">Ahogy az anorexia, \u00fagy a bulimia is legink\u00e1bb a n\u0151k k\u00f6r\u00e9ben elterjedt betegs\u00e9g, ami nagyr\u00e9szt 15 \u00e9s 21 \u00e9ves kor k\u00f6z\u00f6tt \u00fcti fel a fej\u00e9t. A betegek \u00e1ltal\u00e1ban nem fogynak le olyan drasztikusan, mint az anorexi\u00e1ban szenved\u0151k, hanem ink\u00e1bb norm\u00e1l tests\u00faly\u00faak, \u00e9ppen ez\u00e9rt<br \/>\nnehezebb \u00e9szrevenni, hogy milyen gondokkal k\u00fcszk\u00f6dnek. A bulimi\u00e1sok fal\u00e1si rohamokt\u00f3l szenvednek, nagy mennyis\u00e9g\u0171 \u00e9telt vesznek magukhoz, majd a b\u0171ntudat miatt valamilyen tests\u00falycs\u00f6kkent\u0151 manipul\u00e1ci\u00f3t alkalmaznak, megh\u00e1nytatj\u00e1k magukat, koplal\u00e1sba kezdenek,<br \/>\nhashajt\u00f3t szednek, extr\u00e9m testedz\u00e9sbe fognak. A bulimi\u00e1nak k\u00fcl\u00f6nb\u00f6z\u0151 s\u00falyoss\u00e1gi m\u00e9rt\u00e9kei vannak, ami a kompenz\u00e1l\u00f3 viselked\u00e9s gyakoris\u00e1g\u00e1val van \u00f6sszef\u00fcgg\u00e9sben:<\/p>\n<p data-editable=\"\" data-content-type=\"text\" data-gramm=\"false\" data-gramm_editor=\"false\" data-enable-grammarly=\"false\">&#8211; Enyhe: heti 1-3 alkalom<br \/>\n&#8211; M\u00e9rs\u00e9kelten s\u00falyos: heti 4-7 alkalom<br \/>\n&#8211; S\u00falyos: heti 8-13 alkalom<br \/>\n&#8211; Extr\u00e9m: heti 14 vagy enn\u00e9l m\u00e9g t\u00f6bb alkalom.<\/p>\n<p>Mivel a bulimia sok\u00e1ig eltitkolhat\u00f3, ak\u00e1r \u00e9vek is eltelhetnek a seg\u00edts\u00e9gny\u00fajt\u00e1sig. A pszichoter\u00e1pia mellett nagyon fontos az \u00e9tkez\u00e9sek rendszeress\u00e9g\u00e9nek vissza\u00e1ll\u00edt\u00e1sa, a fal\u00e1si rohamok megsz\u00fcntet\u00e9se, ak\u00e1r \u00e9tkez\u00e9si napl\u00f3 vezet\u00e9se.<\/p>\n<p>&nbsp;<\/p>\n<h2 data-content=\"title\" data-editable=\"\" data-title=\"\" data-content-type=\"title\">Fal\u00e1szavar<\/h2>\n<p data-content=\"description\" data-editable=\"\" data-desc=\"\" data-content-type=\"desc\">A fal\u00e1szavar 2013 \u00f3ta diagnosztiz\u00e1lt betegs\u00e9g, hasonl\u00f3an a bulimi\u00e1hoz az alapt\u00fcnete a fal\u00e1sroham. A kontrollveszt\u00e9s \u00e9rz\u00e9se itt is kialakul, azonban nem k\u00f6veti kompenz\u00e1l\u00f3 viselked\u00e9s, mint a h\u00e1nytat\u00e1s, hashajt\u00f3 szed\u00e9s, testedz\u00e9s, koplal\u00e1s. A fal\u00e1srohamok sokszor megjelennek akkor is, ha nincs \u00e9hs\u00e9g\u00e9rzet \u00e9s a kellemetlen telts\u00e9g\u00e9rzetig eszik magukat, ami ut\u00e1n b\u0171ntudatuk van, szorong\u00e1s \u00e9s depresszi\u00f3s t\u00fcnetek alakulnak ki. A bulimi\u00e1val ellent\u00e9tben a betegek \u00e1ltal\u00e1ban t\u00fals\u00falyosak, ez\u00e9rt kezel\u00e9s\u00fck komplex ter\u00e1pi\u00e1val lehet sikeres, a pszichoter\u00e1pia mellett gy\u00f3gyszeres kezel\u00e9s, illetve tests\u00falycs\u00f6kkent\u0151 ter\u00e1pia is .<\/p>\n<p>&nbsp;<\/p>\n<h2 data-content=\"title\" data-editable=\"\" data-title=\"\" data-content-type=\"title\">Izomdiszmorfia<\/h2>\n<p data-content=\"description\" data-editable=\"\" data-desc=\"\" data-content-type=\"desc\">A testk\u00e9pzavar ellent\u00e9tes form\u00e1ja, amikor egy izmos szem\u00e9ly t\u00fal sov\u00e1nynak l\u00e1tja mag\u00e1t. Az izom m\u00e9ret\u00e9vel val\u00f3 k\u00e9nyszeres foglalkoz\u00e1s legink\u00e1bb f\u00e9rfiakra jellemz\u0151, akik annyira szeretn\u00e9nek nagyobb izomt\u00f6meggel rendelkezni, hogy ez\u00e9rt ak\u00e1r anabolikus szteroidokat is alkalmaznak.<\/p>\n<h2 data-content=\"title\" data-editable=\"\" data-title=\"\" data-content-type=\"title\">Orthorexia nervosa<\/h2>\n<p data-content=\"description\" data-editable=\"\" data-desc=\"\" data-content-type=\"desc\">Az orthorexia nervos\u00e1ban szenved\u0151k betegesen ragaszkodnak az eg\u00e9szs\u00e9ges \u00e9telek fogyaszt\u00e1s\u00e1hoz, az \u00e9tkez\u00e9s k\u00f6z\u00e9ppontj\u00e1ban nem az \u00e9tel mennyis\u00e9ge, hanem a min\u0151s\u00e9ge van. Olyannyira ragaszkodnak az eg\u00e9szs\u00e9ges \u00e9telekhez, hogy annak hi\u00e1ny\u00e1ban ak\u00e1r koplalni is k\u00e9pesek.<\/p>\n<h2 data-content=\"title\" data-editable=\"\" data-title=\"\" data-content-type=\"title\">Testzs\u00edrf\u00f3bia<\/h2>\n<p data-content=\"description\" data-editable=\"\" data-desc=\"\" data-content-type=\"desc\">A testzs\u00edrf\u00f3bi\u00e1t test\u00e9p\u00edt\u0151 t\u00edpus\u00fa ev\u00e9szavarnak is nevezik. A beteg v\u00e1gya az izomt\u00f6meg n\u00f6vel\u00e9se, att\u00f3l retteg, hogy teste elzs\u00edrosodik, vesz\u00edt izomt\u00f6meg\u00e9b\u0151l, m\u00e9g abban az esetben is, ha messze az \u00e1tlag feletti izomt\u00f6mege is van. Szigor\u00fa \u00e9trendhez ragaszkodnak, ami legal\u00e1bb napi \u00f6tsz\u00f6ri \u00e9tkez\u00e9st jelent, pontos menetrend szerint, \u00e9s erre sem id\u0151t, sem a p\u00e9nzt nem sajn\u00e1lj\u00e1k.<\/p>\n<h2 data-content=\"title\" data-editable=\"\" data-title=\"\" data-content-type=\"title\">Purg\u00e1l\u00f3 zavar<\/h2>\n<p data-content=\"description\" data-editable=\"\" data-desc=\"\" data-content-type=\"desc\">A purg\u00e1l\u00f3 zavarban szenved\u0151kn\u00e9l nincsenek fal\u00e1si rohamok, \u00e1ltal\u00e1ban norm\u00e1lis mennyis\u00e9get fogyasztanak, ennek ellen\u00e9re jelentkezik az \u00f6nh\u00e1nytat\u00e1s \u00e9s a hashajt\u00f3z\u00e1s.<\/p>\n<p>&nbsp;<\/p>\n<p><strong><span style=\"color: #ff9900;\"><u><a href=\"https:\/\/www.youtube.com\/watch?v=E5rt9uWUeCA\">let\u00f6lt\u00e9s<\/a><\/u><\/span><\/strong><\/p>\n","protected":false},"excerpt":{"rendered":"<p>Az ev\u00e9szavarok fajt\u00e1i \u00e9 jellemz\u0151i &nbsp; Az ev\u00e9szavarok fajt\u00e1i Az ev\u00e9szavar ak\u00e1r \u00e9letvesz\u00e9lyes is lehet, olyan ment\u00e1lis betegs\u00e9g, melyben a betegnek a testhez \u00e9s az \u00e9telhez val\u00f3 viszonya eg\u00e9szs\u00e9gtelen, kialakul\u00e1s\u00e1nak h\u00e1tter\u00e9ben \u00e1ltal\u00e1ban t\u00f6bb t\u00e9nyez\u0151 egy\u00fcttes hat\u00e1sa \u00e1ll. Ezek lehetnek \u00f6n\u00e9rt\u00e9kel\u00e9si probl\u00e9m\u00e1k, traumatikus esem\u00e9nyek, p\u00e1rkapcsolati gondok, fizikai vagy \u00e9rzelmi b\u00e1ntalmaz\u00e1s, munkahelyi probl\u00e9m\u00e1k. Hivatalosan a lakoss\u00e1g mintegy [&hellip;]<\/p>\n","protected":false},"author":2,"featured_media":0,"parent":0,"menu_order":0,"comment_status":"closed","ping_status":"closed","template":"","meta":{"ngg_post_thumbnail":0,"footnotes":""},"class_list":["post-1573","page","type-page","status-publish","hentry"],"_links":{"self":[{"href":"https:\/\/efimezotur.hu\/index.php?rest_route=\/wp\/v2\/pages\/1573","targetHints":{"allow":["GET"]}}],"collection":[{"href":"https:\/\/efimezotur.hu\/index.php?rest_route=\/wp\/v2\/pages"}],"about":[{"href":"https:\/\/efimezotur.hu\/index.php?rest_route=\/wp\/v2\/types\/page"}],"author":[{"embeddable":true,"href":"https:\/\/efimezotur.hu\/index.php?rest_route=\/wp\/v2\/users\/2"}],"replies":[{"embeddable":true,"href":"https:\/\/efimezotur.hu\/index.php?rest_route=%2Fwp%2Fv2%2Fcomments&post=1573"}],"version-history":[{"count":7,"href":"https:\/\/efimezotur.hu\/index.php?rest_route=\/wp\/v2\/pages\/1573\/revisions"}],"predecessor-version":[{"id":1959,"href":"https:\/\/efimezotur.hu\/index.php?rest_route=\/wp\/v2\/pages\/1573\/revisions\/1959"}],"wp:attachment":[{"href":"https:\/\/efimezotur.hu\/index.php?rest_route=%2Fwp%2Fv2%2Fmedia&parent=1573"}],"curies":[{"name":"wp","href":"https:\/\/api.w.org\/{rel}","templated":true}]}}