{"id":1649,"date":"2020-03-16T10:41:27","date_gmt":"2020-03-16T09:41:27","guid":{"rendered":"http:\/\/efimezotur.mediacenter11.hu\/?page_id=1649"},"modified":"2024-02-28T12:31:43","modified_gmt":"2024-02-28T11:31:43","slug":"az-ongyilkossag-megelozessel-kapcsolatban","status":"publish","type":"page","link":"https:\/\/efimezotur.hu\/?page_id=1649","title":{"rendered":"Az \u00f6ngyilkoss\u00e1g-megel\u0151z\u00e9ssel kapcsolatban"},"content":{"rendered":"<p style=\"text-align: left;\"><strong>Az \u00f6ngyilkoss\u00e1g-megel\u0151z\u00e9ssel kapcsolatban az al\u00e1bbi linkr\u0151l \u00e9rhet\u0151k el konkr\u00e9t modellprogram adatlapok, mely felhaszn\u00e1lhat\u00f3ak az eg\u00e9szs\u00e9gfejleszt\u00e9si programterv kialak\u00edt\u00e1sa sor\u00e1n:<\/strong><\/p>\n<p><a href=\"http:\/\/regi.oefi.hu\/efi\/efi1.html\">http:\/\/regi.oefi.hu\/efi\/efi1.html<\/a><\/p>\n<p><strong>\u00d6nseg\u00edt\u0151 csoportok el\u00e9rhet\u0151s\u00e9gei:<\/strong><\/p>\n<p><strong>AA klubok:<\/strong><\/p>\n<p><a href=\"http:\/\/www.anonimalkoholistak.hu\/hu\/gyulesek\/aa_gyulesek_videken.php\">http:\/\/www.anonimalkoholistak.hu\/hu\/gyulesek\/aa_gyulesek_videken.php<\/a><\/p>\n<p><strong>K\u00e9kkeresztes Mozgalom:<\/strong> <a href=\"http:\/\/csoport.kekkereszt.org\">http:\/\/csoport.kekkereszt.org<\/a><\/p>\n<p><strong>Katolikus Karit\u00e1sz:<\/strong> <a href=\"http:\/\/www.karitasz.hu\/rolunk\/rev\">http:\/\/www.karitasz.hu\/rolunk\/rev<\/a><\/p>\n<p><strong>Alkohol Elleni Klubok:<\/strong><\/p>\n<p><a href=\"http:\/\/www.vital.hu\/alkohol_ellenes_lista?page=0%2C1%2020\">http:\/\/www.vital.hu\/alkohol_ellenes_lista?page=0%2C1 20<\/a><\/p>\n<p><strong>Elakad\u00e1s vagy kr\u00edzis eset\u00e9n azonnali seg\u00edts\u00e9g (azonnali, ingyenes, b\u00e1rhonnan h\u00edvhat\u00f3, szakemberekkel vehet\u0151 fel \u00edgy a kapcsolat):<\/strong><\/p>\n<p><strong>Lelkiseg\u00e9ly telefonszolg\u00e1latok:<\/strong><\/p>\n<p><a href=\"http:\/\/szolgalatok.lelkisegely.hu\/2011\/07\/lelkisegely-szolgalatok.html\">http:\/\/szolgalatok.lelkisegely.hu\/2011\/07\/lelkisegely-szolgalatok.html<\/a><\/p>\n<p><strong>Orsz\u00e1gos Kr\u00edziskezel\u0151 \u00e9s Inform\u00e1ci\u00f3s Telefonszolg\u00e1lat:<\/strong><\/p>\n<p><a href=\"http:\/\/www.bantalmazas.hu\/segelyvonalak.html%204\">http:\/\/www.bantalmazas.hu\/segelyvonalak.html 4<\/a><\/p>\n","protected":false},"excerpt":{"rendered":"<p>Az \u00f6ngyilkoss\u00e1g-megel\u0151z\u00e9ssel kapcsolatban az al\u00e1bbi linkr\u0151l \u00e9rhet\u0151k el konkr\u00e9t modellprogram adatlapok, mely felhaszn\u00e1lhat\u00f3ak az eg\u00e9szs\u00e9gfejleszt\u00e9si programterv kialak\u00edt\u00e1sa sor\u00e1n: http:\/\/regi.oefi.hu\/efi\/efi1.html \u00d6nseg\u00edt\u0151 csoportok el\u00e9rhet\u0151s\u00e9gei: AA klubok: http:\/\/www.anonimalkoholistak.hu\/hu\/gyulesek\/aa_gyulesek_videken.php K\u00e9kkeresztes Mozgalom: http:\/\/csoport.kekkereszt.org Katolikus Karit\u00e1sz: http:\/\/www.karitasz.hu\/rolunk\/rev Alkohol Elleni Klubok: http:\/\/www.vital.hu\/alkohol_ellenes_lista?page=0%2C1 20 Elakad\u00e1s vagy kr\u00edzis eset\u00e9n azonnali seg\u00edts\u00e9g (azonnali, ingyenes, b\u00e1rhonnan h\u00edvhat\u00f3, szakemberekkel vehet\u0151 fel \u00edgy a kapcsolat): Lelkiseg\u00e9ly telefonszolg\u00e1latok: http:\/\/szolgalatok.lelkisegely.hu\/2011\/07\/lelkisegely-szolgalatok.html [&hellip;]<\/p>\n","protected":false},"author":2,"featured_media":0,"parent":0,"menu_order":0,"comment_status":"closed","ping_status":"closed","template":"","meta":{"ngg_post_thumbnail":0,"footnotes":""},"class_list":["post-1649","page","type-page","status-publish","hentry"],"_links":{"self":[{"href":"https:\/\/efimezotur.hu\/index.php?rest_route=\/wp\/v2\/pages\/1649","targetHints":{"allow":["GET"]}}],"collection":[{"href":"https:\/\/efimezotur.hu\/index.php?rest_route=\/wp\/v2\/pages"}],"about":[{"href":"https:\/\/efimezotur.hu\/index.php?rest_route=\/wp\/v2\/types\/page"}],"author":[{"embeddable":true,"href":"https:\/\/efimezotur.hu\/index.php?rest_route=\/wp\/v2\/users\/2"}],"replies":[{"embeddable":true,"href":"https:\/\/efimezotur.hu\/index.php?rest_route=%2Fwp%2Fv2%2Fcomments&post=1649"}],"version-history":[{"count":7,"href":"https:\/\/efimezotur.hu\/index.php?rest_route=\/wp\/v2\/pages\/1649\/revisions"}],"predecessor-version":[{"id":1964,"href":"https:\/\/efimezotur.hu\/index.php?rest_route=\/wp\/v2\/pages\/1649\/revisions\/1964"}],"wp:attachment":[{"href":"https:\/\/efimezotur.hu\/index.php?rest_route=%2Fwp%2Fv2%2Fmedia&parent=1649"}],"curies":[{"name":"wp","href":"https:\/\/api.w.org\/{rel}","templated":true}]}}