{"id":1678,"date":"2020-04-07T09:01:57","date_gmt":"2020-04-07T08:01:57","guid":{"rendered":"http:\/\/efimezotur.mediacenter11.hu\/?page_id=1678"},"modified":"2024-02-28T12:51:20","modified_gmt":"2024-02-28T11:51:20","slug":"tanacsok-jarvany-idejen","status":"publish","type":"page","link":"https:\/\/efimezotur.hu\/?page_id=1678","title":{"rendered":"Tan\u00e1csok J\u00e1rv\u00e1ny Idej\u00e9n"},"content":{"rendered":"<p><b>Hogyan tudom \u00f6nmagam \u00e9s m\u00e1sokat megv\u00e9deni a j\u00e1rv\u00e1ny ideje alatt?<\/b><\/p>\n<ul>\n<li>Rendszeres \u00e9s alapos k\u00e9zmos\u00e1s.<\/li>\n<li>K\u00f6h\u00f6g\u00e9s, t\u00fcsszent\u00e9s pap\u00edrzsebkend\u0151be vagy a k\u00f6ny\u00f6khajlatba.<\/li>\n<li>A haszn\u00e1lt pap\u00edrzsebkend\u0151t azonnal dobja a szemetesbe.<\/li>\n<li>Rosszull\u00e9t, betegs\u00e9g eset\u00e9n maradjon otthon.<\/li>\n<li>Fert\u0151z\u00e9sgyan\u00fa eset\u00e9n is ker\u00fclje a kapcsolatot m\u00e1sokkal.<\/li>\n<\/ul>\n<p><b>Mire kell figyelni, ha a j\u00e1rv\u00e1ny ideje alatt utazik?<\/b><\/p>\n<ul>\n<li>Ker\u00fclje a kapcsolatot a fert\u0151z\u00e9s t\u00fcneteit mutat\u00f3 emberekkel.<\/li>\n<li>Ker\u00fclje a piacokat \u00e9s azokat a helyeket, ahol \u00e9l\u0151 vagy halott \u00e1llatokkal \u00e9rintkezhet.<\/li>\n<li>K\u00e9zmos\u00e1skor haszn\u00e1ljon szappant \u00e9s alkohol tartalm\u00fa fert\u0151tlen\u00edt\u0151szert.<\/li>\n<li>Vesz\u00e9lyeztetett ter\u00fcletr\u0151l haza\u00e9rkezve figyelje \u00f6nmag\u00e1t 14 napig, ne menjen be a munkahely\u00e9re.<\/li>\n<li>K\u00f6zeg\u00e9szs\u00e9g\u00fcgyi ellen\u0151rz\u00e9sre sz\u00e1m\u00edthat a hat\u00e1r\u00e1tkel\u0151helyeken \u00e9s rep\u00fcl\u0151tereken, ha fert\u0151z\u00f6tt ter\u00fcletr\u0151l \u00e9rkezik vagy a fert\u0151z\u00e9s t\u00fcneteit mutatja (k\u00f6h\u00f6g\u00e9s, l\u00e1z, l\u00e9gz\u00e9si neh\u00e9zs\u00e9g).<\/li>\n<\/ul>\n<p><b>Mit tehet\u00fcnk, mint sz\u00e1lloda, hogy megv\u00e9dj\u00fck vend\u00e9geinket \u00e9s dolgoz\u00f3inkat a j\u00e1rv\u00e1ny ideje alatt?<\/b><\/p>\n<ul>\n<li>K\u00e9zmos\u00e1si \u00e9s fert\u0151tlen\u00edt\u00e9si lehet\u0151s\u00e9get biztos\u00edtunk a sz\u00e1lloda k\u00f6z\u00f6ss\u00e9gi tereiben.<\/li>\n<li>Felh\u00edvjuk sz\u00e1llodai vend\u00e9geink \u00e9s dolgoz\u00f3ink figyelm\u00e9t a higi\u00e9ni\u00e1s szab\u00e1lyokra.<\/li>\n<li>Fert\u0151tlen\u00edt\u0151szeres, gyakori takar\u00edt\u00e1st v\u00e9gz\u00fcnk a szob\u00e1kban \u00e9s a k\u00f6z\u00f6ss\u00e9gi terekben.<\/li>\n<li>Megold\u00e1st tal\u00e1lunk a foglal\u00e1s m\u00f3dos\u00edt\u00e1s\u00e1ra, hogy \u00e9rintett vend\u00e9geink sz\u00fcks\u00e9g eset\u00e9n 14 napig otthon maradhassanak.<\/li>\n<li>Ha sz\u00fcks\u00e9ges, a koll\u00e9g\u00e1ink home office dolgoznak.<\/li>\n<\/ul>\n<p><b>Mit kell szem el\u0151tt tartanunk kisebb rendezv\u00e9nyek szervez\u00e9se ill. ilyen rendezv\u00e9nyeken val\u00f3 r\u00e9szv\u00e9tel eset\u00e9n a j\u00e1rv\u00e1ny ideje alatt?<\/b><\/p>\n<ul>\n<li>M\u00e9rlegelj\u00fck a rendezv\u00e9ny pozit\u00edv \u00e9s negat\u00edv felt\u00e9teleit.<\/li>\n<li>A rendezv\u00e9ny helysz\u00edn\u00e9n biztos\u00edtjuk a k\u00e9zmos\u00e1si \u00e9s fert\u0151tlen\u00edt\u00e9si lehet\u0151s\u00e9get.<\/li>\n<li>K\u00fcl\u00f6nleges figyelmet ford\u00edtunk a tiszt\u00edt\u00f3szerek beszerz\u00e9s\u00e9re.<\/li>\n<li>Fert\u0151tlen\u00edt\u0151szereket haszn\u00e1lunk takar\u00edt\u00e1s sor\u00e1n mind a rendezv\u00e9ny helysz\u00edn\u00e9n, mind a k\u00f6z\u00f6ss\u00e9gi terekben \u00e9s n\u00f6velj\u00fck a takar\u00edt\u00e1s gyakoris\u00e1g\u00e1t.<\/li>\n<li>Ig\u00e9ny eset\u00e9n a rendezv\u00e9nyterem bej\u00e1rat\u00e1n\u00e1l vend\u00e9geink r\u00e9sz\u00e9re egyszer haszn\u00e1latos maszkot biztos\u00edtunk.<\/li>\n<li>A rendezv\u00e9nyterem berendez\u00e9sekor figyel\u00fcnk arra, hogy vend\u00e9geink egym\u00e1st\u00f3l minimum 1,5 m\u00e9teres t\u00e1vols\u00e1gra foglaljanak helyet.<\/li>\n<\/ul>\n","protected":false},"excerpt":{"rendered":"<p>Hogyan tudom \u00f6nmagam \u00e9s m\u00e1sokat megv\u00e9deni a j\u00e1rv\u00e1ny ideje alatt? Rendszeres \u00e9s alapos k\u00e9zmos\u00e1s. K\u00f6h\u00f6g\u00e9s, t\u00fcsszent\u00e9s pap\u00edrzsebkend\u0151be vagy a k\u00f6ny\u00f6khajlatba. A haszn\u00e1lt pap\u00edrzsebkend\u0151t azonnal dobja a szemetesbe. Rosszull\u00e9t, betegs\u00e9g eset\u00e9n maradjon otthon. Fert\u0151z\u00e9sgyan\u00fa eset\u00e9n is ker\u00fclje a kapcsolatot m\u00e1sokkal. Mire kell figyelni, ha a j\u00e1rv\u00e1ny ideje alatt utazik? Ker\u00fclje a kapcsolatot a fert\u0151z\u00e9s t\u00fcneteit mutat\u00f3 [&hellip;]<\/p>\n","protected":false},"author":2,"featured_media":0,"parent":0,"menu_order":0,"comment_status":"closed","ping_status":"closed","template":"","meta":{"ngg_post_thumbnail":0,"footnotes":""},"class_list":["post-1678","page","type-page","status-publish","hentry"],"_links":{"self":[{"href":"https:\/\/efimezotur.hu\/index.php?rest_route=\/wp\/v2\/pages\/1678","targetHints":{"allow":["GET"]}}],"collection":[{"href":"https:\/\/efimezotur.hu\/index.php?rest_route=\/wp\/v2\/pages"}],"about":[{"href":"https:\/\/efimezotur.hu\/index.php?rest_route=\/wp\/v2\/types\/page"}],"author":[{"embeddable":true,"href":"https:\/\/efimezotur.hu\/index.php?rest_route=\/wp\/v2\/users\/2"}],"replies":[{"embeddable":true,"href":"https:\/\/efimezotur.hu\/index.php?rest_route=%2Fwp%2Fv2%2Fcomments&post=1678"}],"version-history":[{"count":8,"href":"https:\/\/efimezotur.hu\/index.php?rest_route=\/wp\/v2\/pages\/1678\/revisions"}],"predecessor-version":[{"id":1983,"href":"https:\/\/efimezotur.hu\/index.php?rest_route=\/wp\/v2\/pages\/1678\/revisions\/1983"}],"wp:attachment":[{"href":"https:\/\/efimezotur.hu\/index.php?rest_route=%2Fwp%2Fv2%2Fmedia&parent=1678"}],"curies":[{"name":"wp","href":"https:\/\/api.w.org\/{rel}","templated":true}]}}