{"id":173,"date":"2017-06-09T19:54:13","date_gmt":"2017-06-09T19:54:13","guid":{"rendered":"http:\/\/efimezotur.mediacenter11.hu\/?page_id=173"},"modified":"2024-02-28T10:51:40","modified_gmt":"2024-02-28T09:51:40","slug":"iroda","status":"publish","type":"page","link":"https:\/\/efimezotur.hu\/?page_id=173","title":{"rendered":"Eg\u00e9szs\u00e9gfejleszt\u00e9si Iroda"},"content":{"rendered":"<div id=\"Cntnr3-13by\" class=\"Cntnr3-13by_hlhsm5eg\" data-reactid=\".0.$SITE_ROOT.$desktop_siteRoot.$PAGES_CONTAINER.1.1.$SITE_PAGES.$c17xb_DESKTOP.4.$Cntnr3-13by\">\n<div id=\"Cntnr3-13byinlineContent\" class=\"Cntnr3-13by_hlhsm5eginlineContent\" data-reactid=\".0.$SITE_ROOT.$desktop_siteRoot.$PAGES_CONTAINER.1.1.$SITE_PAGES.$c17xb_DESKTOP.4.$Cntnr3-13by.1\">\n<div id=\"WRchTxtl-zrd\" class=\"txtNew\" data-reactid=\".0.$SITE_ROOT.$desktop_siteRoot.$PAGES_CONTAINER.1.1.$SITE_PAGES.$c17xb_DESKTOP.4.$Cntnr3-13by.1.$WRchTxtl-zrd\">\n<p class=\"font_8\"><span class=\"color_24\"><strong>P\u00e1ly\u00e1zat c\u00edme:<\/strong>&nbsp;T\u00e1rsadalmi Meg\u00fajul\u00e1s Operat\u00edv Program \u201eEg\u00e9szs\u00e9gre nevel\u0151 \u00e9s szeml\u00e9letform\u00e1l\u00f3 \u00e9letm\u00f3dprogramok a kist\u00e9rs\u00e9gben\u201d<\/span><\/p>\n<p class=\"font_8\"><span class=\"color_24\"><strong>Project c\u00edme:<\/strong>&nbsp;\u201eEg\u00e9szs\u00e9gre nevel\u0151 \u00e9s szeml\u00e9letform\u00e1l\u00f3 \u00e9letm\u00f3dprogramok a mez\u0151t\u00fari kist\u00e9rs\u00e9gben\u201d<\/span><\/p>\n<p class=\"font_8\"><span class=\"color_24\"><strong>Project azonos\u00edt\u00f3:<\/strong>&nbsp;T\u00c1MOP-6.1.2\/11\/3-2012-0015<\/span><\/p>\n<p class=\"font_8\"><span class=\"color_24\"><strong>T\u00e1mogat\u00e1s \u00f6sszege:<\/strong>&nbsp;108827840 Ft -100% vissza nem t\u00e9rintend\u0151 t\u00e1mogat\u00e1s<br \/>\n<\/span><span class=\"color_24\"><br \/>\n<strong>A project tervezett befej\u00e9z\u00e9s\u00e9nek d\u00e1tuma:<\/strong>&nbsp;2015.06.30.<\/span><\/p>\n<\/div>\n<\/div>\n<\/div>\n<div id=\"Cntnr1-7cg\" class=\"Cntnr1-7cg_hlhs996o\" data-reactid=\".0.$SITE_ROOT.$desktop_siteRoot.$PAGES_CONTAINER.1.1.$SITE_PAGES.$c17xb_DESKTOP.4.$Cntnr1-7cg\">\n<div id=\"Cntnr1-7cgbg\" class=\"Cntnr1-7cg_hlhs996obg\" data-reactid=\".0.$SITE_ROOT.$desktop_siteRoot.$PAGES_CONTAINER.1.1.$SITE_PAGES.$c17xb_DESKTOP.4.$Cntnr1-7cg.2\">&nbsp;<\/div>\n<div id=\"Cntnr1-7cginlineContent\" class=\"Cntnr1-7cg_hlhs996oinlineContent\" data-reactid=\".0.$SITE_ROOT.$desktop_siteRoot.$PAGES_CONTAINER.1.1.$SITE_PAGES.$c17xb_DESKTOP.4.$Cntnr1-7cg.3\">\n<div id=\"WRchTxtm-1cou\" class=\"txtNew\" data-reactid=\".0.$SITE_ROOT.$desktop_siteRoot.$PAGES_CONTAINER.1.1.$SITE_PAGES.$c17xb_DESKTOP.4.$Cntnr1-7cg.3.$WRchTxtm-1cou\">\n<ul class=\"font_8\">\n<li>\n<p class=\"font_8\"><span class=\"color_24\">&nbsp;A lakoss\u00e1g epidemiol\u00f3giai mutat\u00f3inak a jav\u00edt\u00e1sa.<\/span><\/p>\n<\/li>\n<li>\n<p class=\"font_8\"><span class=\"color_24\">A kist\u00e9rs\u00e9g versenyk\u00e9pess\u00e9g\u00e9nek \u00e9s a lakoss\u00e1g \u00e9letm\u00f3dj\u00e1nak jav\u00edt\u00e1sa.<\/span><\/p>\n<\/li>\n<li>\n<p class=\"font_8\"><span class=\"color_24\">Az eg\u00e9szs\u00e9ges \u00e9letvitel, eg\u00e9szs\u00e9gtudatoss\u00e1g fejleszt\u00e9se.<\/span><\/p>\n<\/li>\n<li>\n<p class=\"font_8\"><span class=\"color_24\">Egy\u00fcttm\u0171k\u00f6d\u00e9sek, kapcsolattart\u00e1s megval\u00f3s\u00edt\u00e1sa a kist\u00e9rs\u00e9gben tev\u00e9kenyked\u0151 helyi szervezetekkel, betegklubokkal, eg\u00e9szs\u00e9gfejleszt\u00e9sben r\u00e9sztvev\u0151kkel.<\/span><\/p>\n<\/li>\n<li>\n<p class=\"font_8\"><span class=\"color_24\">\u00c9letm\u00f3d v\u00e1ltoztat\u00e1sra szorul\u00f3 kliensek korai azonos\u00edt\u00e1sa, ir\u00e1ny\u00edt\u00e1sa \u00e9s nyomon k\u00f6vet\u00e9se.<\/span><\/p>\n<\/li>\n<li>\n<p class=\"font_8\"><span class=\"color_24\">Eg\u00e9szs\u00e9gk\u00e1ros\u00edt\u00f3 magatart\u00e1s cs\u00f6kkent\u00e9se.<\/span><\/p>\n<\/li>\n<li>\n<p class=\"font_8\"><span class=\"color_24\">Eg\u00e9szs\u00e9ges \u00e9tkez\u00e9s elterjeszt\u00e9se \u00e9trendi tan\u00e1csokkal.<\/span><\/p>\n<\/li>\n<li>\n<p class=\"font_8\"><span class=\"color_24\">a lakoss\u00e1g sz\u00e1m\u00e1ra k\u00f6nnyen el\u00e9rhet\u0151 testmozg\u00e1s biztos\u00edt\u00e1sa.<\/span><\/p>\n<\/li>\n<li>\n<p class=\"font_8\"><span class=\"color_24\">lelki megbeteged\u00e9sek megel\u0151z\u00e9se, \u00f6nb\u00e1ntalmaz\u00e1sok cs\u00f6kkent\u00e9se.&nbsp;<\/span><\/p>\n<\/li>\n<\/ul>\n<p>A p\u00e1ly\u00e1zattal kapcsolatban b\u0151vebben olvashat a <a href=\"https:\/\/mezoturikorhaz.hu\/egeszsegre-nevelo-es-szemleletformalo-eletmodprogramok-a-mezoturi-kistersegben\/\">Mez\u0151t\u00fari K\u00f3rh\u00e1z \u00e9s Rendel\u0151int\u00e9zet<\/a> hivatalos oldal\u00e1n.<\/p>\n<\/div>\n<\/div>\n<\/div>\n","protected":false},"excerpt":{"rendered":"<p>P\u00e1ly\u00e1zat c\u00edme:&nbsp;T\u00e1rsadalmi Meg\u00fajul\u00e1s Operat\u00edv Program \u201eEg\u00e9szs\u00e9gre nevel\u0151 \u00e9s szeml\u00e9letform\u00e1l\u00f3 \u00e9letm\u00f3dprogramok a kist\u00e9rs\u00e9gben\u201d Project c\u00edme:&nbsp;\u201eEg\u00e9szs\u00e9gre nevel\u0151 \u00e9s szeml\u00e9letform\u00e1l\u00f3 \u00e9letm\u00f3dprogramok a mez\u0151t\u00fari kist\u00e9rs\u00e9gben\u201d Project azonos\u00edt\u00f3:&nbsp;T\u00c1MOP-6.1.2\/11\/3-2012-0015 T\u00e1mogat\u00e1s \u00f6sszege:&nbsp;108827840 Ft -100% vissza nem t\u00e9rintend\u0151 t\u00e1mogat\u00e1s A project tervezett befej\u00e9z\u00e9s\u00e9nek d\u00e1tuma:&nbsp;2015.06.30. &nbsp; &nbsp;A lakoss\u00e1g epidemiol\u00f3giai mutat\u00f3inak a jav\u00edt\u00e1sa. A kist\u00e9rs\u00e9g versenyk\u00e9pess\u00e9g\u00e9nek \u00e9s a lakoss\u00e1g \u00e9letm\u00f3dj\u00e1nak jav\u00edt\u00e1sa. Az eg\u00e9szs\u00e9ges \u00e9letvitel, eg\u00e9szs\u00e9gtudatoss\u00e1g [&hellip;]<\/p>\n","protected":false},"author":1,"featured_media":0,"parent":0,"menu_order":0,"comment_status":"closed","ping_status":"closed","template":"","meta":{"ngg_post_thumbnail":0,"footnotes":""},"class_list":["post-173","page","type-page","status-publish","hentry"],"_links":{"self":[{"href":"https:\/\/efimezotur.hu\/index.php?rest_route=\/wp\/v2\/pages\/173","targetHints":{"allow":["GET"]}}],"collection":[{"href":"https:\/\/efimezotur.hu\/index.php?rest_route=\/wp\/v2\/pages"}],"about":[{"href":"https:\/\/efimezotur.hu\/index.php?rest_route=\/wp\/v2\/types\/page"}],"author":[{"embeddable":true,"href":"https:\/\/efimezotur.hu\/index.php?rest_route=\/wp\/v2\/users\/1"}],"replies":[{"embeddable":true,"href":"https:\/\/efimezotur.hu\/index.php?rest_route=%2Fwp%2Fv2%2Fcomments&post=173"}],"version-history":[{"count":10,"href":"https:\/\/efimezotur.hu\/index.php?rest_route=\/wp\/v2\/pages\/173\/revisions"}],"predecessor-version":[{"id":1934,"href":"https:\/\/efimezotur.hu\/index.php?rest_route=\/wp\/v2\/pages\/173\/revisions\/1934"}],"wp:attachment":[{"href":"https:\/\/efimezotur.hu\/index.php?rest_route=%2Fwp%2Fv2%2Fmedia&parent=173"}],"curies":[{"name":"wp","href":"https:\/\/api.w.org\/{rel}","templated":true}]}}