{"id":1744,"date":"2020-10-01T09:53:23","date_gmt":"2020-10-01T08:53:23","guid":{"rendered":"http:\/\/efimezotur.mediacenter11.hu\/?page_id=1744"},"modified":"2024-02-28T12:42:46","modified_gmt":"2024-02-28T11:42:46","slug":"idosek-vilagnapja","status":"publish","type":"page","link":"https:\/\/efimezotur.hu\/?page_id=1744","title":{"rendered":"Id\u0151sek Vil\u00e1gnapja"},"content":{"rendered":"<h1 id=\"page-title\" class=\"title\">Id\u0151sek vil\u00e1gnapja<\/h1>\n<div class=\"region region-content\">\n<div id=\"block-system-main\" class=\"block block-system first last odd\">\n<div class=\"content\">\n<div class=\"ds-1col node node-article view-mode-full view-mode-full clearfix \">\n<div class=\"field field-name-body field-type-text-with-summary field-label-hidden\">\n<div class=\"field-items\">\n<div class=\"field-item even\">\n<p>Minden \u00e9v okt\u00f3ber elsej\u00e9n bolyg\u00f3nk k\u00fcl\u00f6nb\u00f6z\u0151 orsz\u00e1gaiban rendezv\u00e9nyekkel \u00fcnneplik meg az id\u0151sek vil\u00e1gnapj\u00e1t \u2013 haz\u00e1nkban is k\u00fcl\u00f6nf\u00e9le programokkal k\u00f6sz\u00f6ntik fel \u0151ket. A hagyom\u00e1ny k\u00e9t \u00e9vtizedre ny\u00falik vissza, az ENSZ 1991-ben rendezte meg el\u0151sz\u00f6r a programot, ezzel k\u00edv\u00e1nva megeml\u00e9kezni a F\u00f6ld\u00fcnk\u00f6n \u00e9l\u0151 k\u00f6r\u00fclbel\u00fcl 600 milli\u00f3 id\u0151s emberr\u0151l. Na de mi sz\u00e1m\u00edt id\u0151snek, \u00e9s hogyan \u00e9lik meg vajon az emberek az \u00f6reged\u00e9s folyamat\u00e1t? Cikk\u00fcnkben t\u00f6bbek k\u00f6z\u00f6tt ezt fejtegetj\u00fck.<\/p>\n<p>&nbsp;<\/p>\n<h2>Mindent az id\u0151sek vil\u00e1gnapj\u00e1r\u00f3l<\/h2>\n<p>Az ENSZ 1991-ben rendezte meg el\u0151sz\u00f6r az id\u0151sek vil\u00e1gnapja programsorozat\u00e1t okt\u00f3ber elsej\u00e9n, \u00e9s az\u00f3ta is minden \u00e9vben ezen a napon eml\u00e9keznek meg a vil\u00e1g k\u00fcl\u00f6nb\u00f6z\u0151 orsz\u00e1gaiban \u2013 t\u00f6bbek k\u00f6z\u00f6tt haz\u00e1nkban is. Az id\u0151sek vil\u00e1gnapja programsorozat megalap\u00edt\u00e1s\u00e1val az ENSZ c\u00e9lja az volt, hogy felh\u00edvj\u00e1k a figyelmet a m\u00e9lt\u00f3s\u00e1gteljes id\u0151skorra, \u00e9s felvess\u00e9k az id\u0151sek gazdas\u00e1gba t\u00f6rt\u00e9n\u0151 visszaintegr\u00e1l\u00e1s\u00e1nak k\u00e9rd\u00e9s\u00e9t. Az eur\u00f3pai orsz\u00e1gok t\u00f6bbs\u00e9g\u00e9ben ugyanis \u00e9vr\u0151l \u00e9vre cs\u00f6kken az akt\u00edv dolgoz\u00f3k ar\u00e1nya, \u00e9s mivel egyre kevesebb gyermek sz\u00fcletik, ez a tendencia v\u00e1rhat\u00f3an tov\u00e1bb folytat\u00f3dik. Az id\u0151sek foglalkoztat\u00e1s\u00e1val n\u00f6velhet\u0151 lenne az akt\u00edv dolgoz\u00f3k ar\u00e1nya. M\u00e1s k\u00e9rd\u00e9s persze, hogy \u2013 f\u0151leg haz\u00e1nkban \u2013 milyen fizikai \u00e9s ment\u00e1lis eg\u00e9szs\u00e9gi&nbsp;<a href=\"http:\/\/villarosa.gfxpro.hu\/sites\/default\/files\/kerelem.doc\">\u00e1llapotban&nbsp;<\/a>vannak az id\u0151sek. F\u00f6ld\u00fcnk\u00f6n jelenleg k\u00f6r\u00fclbel\u00fcl 600 milli\u00f3 id\u0151s \u00e9l, \u00e9s a k\u00f6vetkez\u0151 k\u00e9t \u00e9vtizedben v\u00e1rhat\u00f3an megdupl\u00e1z\u00f3dik a sz\u00e1muk. \/K\u00e9p forr\u00e1sa: http:\/\/www.nefmi.gov.hu\/miniszterium\/2010\/idosek-vilagnapja\/<\/p>\n<h2>Az id\u0151sek vil\u00e1gnapja haz\u00e1nkban<\/h2>\n<p>Magyarorsz\u00e1gon is \u00e9vr\u0151l-\u00e9vre meg\u00fcnneplik az id\u0151sek vil\u00e1gapj\u00e1t, 2010-ben p\u00e9ld\u00e1ul ezen aprop\u00f3b\u00f3l adt\u00e1k \u00e1t a Parlamentben az Id\u0151sbar\u00e1t \u00d6nkorm\u00e1nyzat D\u00edjat, \u00e9s k\u00fcl\u00f6nb\u00f6z\u0151 szakmai elismer\u00e9seket azoknak, akik sokat tesznek az id\u0151s koroszt\u00e1ly\u00e9rt. A 2010-es id\u0151sek vil\u00e1gnapja alkalm\u00e1b\u00f3l r\u00e1ad\u00e1sul Korolt\u00f3 n\u00e9vvel egy orsz\u00e1gos fot\u00f3p\u00e1ly\u00e1zatot is ki\u00edrtak, \u00e9s a legjobbnak \u00edt\u00e9lt fot\u00f3sokat is ez alkalommal r\u00e9szes\u00edtett\u00e9k elismer\u00e9sben. Az Id\u0151sbar\u00e1t \u00d6nkorm\u00e1nyzati D\u00edjjal azokat az \u00f6nkorm\u00e1nyzatokat t\u00fcntett\u00e9k ki, amelyek jelent\u0151s m\u00e9rt\u00e9kben t\u00e1mogatt\u00e1k az id\u0151s emberek \u00e9letmin\u0151s\u00e9g\u00e9t, \u00e9s helyi szinten hozz\u00e1j\u00e1rultak az id\u0151sekkel foglalkoz\u00f3 szervezetek m\u0171k\u00f6d\u00e9s\u00e9hez, t\u00e1mogatt\u00e1k az \u00f6regkor\u00faak szabadid\u0151s programjait, \u00e9s az id\u0151seket is bevont\u00e1k a helyi k\u00f6z\u00e9letbe. Szakmai elismer\u00e9ssel pedig azokat t\u00fcntett\u00e9k ki, akik az id\u0151sek testi-lelki eg\u00e9szs\u00e9g\u00e9\u00e9rt, \u00e9s az id\u0151skori aktivit\u00e1s \u00e9rdek\u00e9ben v\u00e9geztek jelent\u0151s munk\u00e1t.<\/p>\n<p>Az id\u0151sek vil\u00e1gnapja alkalm\u00e1b\u00f3l meghirdetett Korolt\u00f3 fot\u00f3p\u00e1ly\u00e1zatra \u00f6sszesen 430 k\u00e9pet k\u00fcldtek be, a fot\u00f3knak az id\u0151skort \u00e9s az \u00f6regek h\u00e9tk\u00f6znapjait kellett \u00e1br\u00e1zolniuk. Az egyik j\u00f3l siker\u00fclt p\u00e1ly\u00e1zat Laki Krisztina Gener\u00e1ci\u00f3k c\u00edm\u0171 munk\u00e1ja. A legjobbnak \u00edt\u00e9lt fot\u00f3kat utaz\u00f3 ki\u00e1ll\u00edt\u00e1s keret\u00e9ben Budapesten \u00e9s t\u00f6bb vid\u00e9ki v\u00e1rosban is ki\u00e1ll\u00edtott\u00e1k.<\/p>\n<h2>Ki sz\u00e1m\u00edt id\u0151snek?<\/h2>\n<p>A statisztikai felm\u00e9r\u00e9sek \u00e9rtelm\u00e9ben a 60 \u00e9v felettiek sz\u00e1m\u00edtanak id\u0151skor\u00fanak, na de ki az id\u0151s val\u00f3j\u00e1ban? Vannak olyan fiatalok, akik m\u00e1r 20-30 \u00e9vesen belef\u00e1radtak az \u00e9letbe, \u00e9s nincs semmihez sem kedv\u00fck, ugyanakkor egyik ismer\u0151s\u00f6m nemr\u00e9g kiposztolta az egyik k\u00f6z\u00f6ss\u00e9gi oldalra a 90 \u00e9ves nagypap\u00e1j\u00e1t, aki \u00e9lete els\u0151 tandemugr\u00e1s\u00e1t vette sikerrel. Akkor most ki sz\u00e1m\u00edt id\u0151snek? A k\u00e9rd\u00e9sre nincs konkr\u00e9t v\u00e1lasz, aki \u00f6regkor\u00e1ban is beengedi az \u00fajdons\u00e1gokat \u00e9s \u00e9lm\u00e9nyeket az \u00e9let\u00e9be, az val\u00f3sz\u00edn\u0171leg tov\u00e1bb marad fiatalos. Ak\u00e1rhogy is van, az biztos, hogy j\u00f3 lenne, ha min\u00e9l t\u00f6bb eg\u00e9szs\u00e9ges, \u00e9s az \u00e9let\u00e9t m\u00e9g \u00f6r\u00f6mmel \u00e9l\u0151 id\u0151s ember lenne \u2013 haz\u00e1nkban is.<\/p>\n<h2>Az id\u0151sek helyzete haz\u00e1nkban<\/h2>\n<p>Magyarorsz\u00e1gon az emberek 20 sz\u00e1zal\u00e9ka id\u0151skor\u00fa (60 \u00e9v felett), azaz mintegy k\u00e9tmilli\u00f3an. Legnagyobb ar\u00e1nyban a f\u0151v\u00e1rosban \u00e9s a kistelep\u00fcl\u00e9seken \u00e9lnek. T\u00f6bbs\u00e9g\u00fck, t\u00f6bb mint 60 sz\u00e1zal\u00e9kuk n\u0151, teh\u00e1t sajnos nagyon sokan k\u00e9nytelenek p\u00e1r n\u00e9lk\u00fcl \u00e9lni a mindennapjaikat. Sokan k\u00f6z\u00fcl\u00fck r\u00e1ad\u00e1sul teljesen egyed\u00fcl \u00e9lnek, hiszen napjaikban egyre kev\u00e9sb\u00e9 jellemz\u0151ek a t\u00f6bbgener\u00e1ci\u00f3s csal\u00e1dok, ahol a nagysz\u00fcl\u0151k, a gyerekek \u00e9s az unok\u00e1k is egy\u00fctt \u00e9lnek. Az \u00e9letkor el\u0151rehaladt\u00e1val az eg\u00e9szs\u00e9g\u00fcgyi \u00e1llapotban jelentkez\u0151 probl\u00e9m\u00e1k is tov\u00e1bb nehez\u00edtik az id\u0151sek helyzet\u00e9t. A nyugd\u00edjas klubok, az id\u0151sek otthonai \u00e9s a t\u00f6bbi k\u00fcl\u00f6nb\u00f6z\u0151, id\u0151sekkel foglalkoz\u00f3 szervezetek az\u00e9rt igyekezek cs\u00f6kkenteni az id\u0151skor\u00faak testi-lelki probl\u00e9m\u00e1it.<\/p>\n<\/div>\n<\/div>\n<\/div>\n<div class=\"field field-name-field-back-to-articles field-type-text field-label-hidden\">\n<div class=\"field-items\">\n<div class=\"field-item even\">\n<p><a href=\"https:\/\/www.villarosa.hu\/hasznos-cikkek\">Vissza a t\u00f6bbi cikkhez \u203a\u203a\u203a<\/a><\/p>\n<\/div>\n<\/div>\n<\/div>\n<\/div>\n<\/div>\n<\/div>\n<\/div>\n","protected":false},"excerpt":{"rendered":"<p>Id\u0151sek vil\u00e1gnapja Minden \u00e9v okt\u00f3ber elsej\u00e9n bolyg\u00f3nk k\u00fcl\u00f6nb\u00f6z\u0151 orsz\u00e1gaiban rendezv\u00e9nyekkel \u00fcnneplik meg az id\u0151sek vil\u00e1gnapj\u00e1t \u2013 haz\u00e1nkban is k\u00fcl\u00f6nf\u00e9le programokkal k\u00f6sz\u00f6ntik fel \u0151ket. A hagyom\u00e1ny k\u00e9t \u00e9vtizedre ny\u00falik vissza, az ENSZ 1991-ben rendezte meg el\u0151sz\u00f6r a programot, ezzel k\u00edv\u00e1nva megeml\u00e9kezni a F\u00f6ld\u00fcnk\u00f6n \u00e9l\u0151 k\u00f6r\u00fclbel\u00fcl 600 milli\u00f3 id\u0151s emberr\u0151l. Na de mi sz\u00e1m\u00edt id\u0151snek, \u00e9s hogyan [&hellip;]<\/p>\n","protected":false},"author":2,"featured_media":0,"parent":0,"menu_order":0,"comment_status":"closed","ping_status":"closed","template":"","meta":{"ngg_post_thumbnail":0,"footnotes":""},"class_list":["post-1744","page","type-page","status-publish","hentry"],"_links":{"self":[{"href":"https:\/\/efimezotur.hu\/index.php?rest_route=\/wp\/v2\/pages\/1744","targetHints":{"allow":["GET"]}}],"collection":[{"href":"https:\/\/efimezotur.hu\/index.php?rest_route=\/wp\/v2\/pages"}],"about":[{"href":"https:\/\/efimezotur.hu\/index.php?rest_route=\/wp\/v2\/types\/page"}],"author":[{"embeddable":true,"href":"https:\/\/efimezotur.hu\/index.php?rest_route=\/wp\/v2\/users\/2"}],"replies":[{"embeddable":true,"href":"https:\/\/efimezotur.hu\/index.php?rest_route=%2Fwp%2Fv2%2Fcomments&post=1744"}],"version-history":[{"count":8,"href":"https:\/\/efimezotur.hu\/index.php?rest_route=\/wp\/v2\/pages\/1744\/revisions"}],"predecessor-version":[{"id":1977,"href":"https:\/\/efimezotur.hu\/index.php?rest_route=\/wp\/v2\/pages\/1744\/revisions\/1977"}],"wp:attachment":[{"href":"https:\/\/efimezotur.hu\/index.php?rest_route=%2Fwp%2Fv2%2Fmedia&parent=1744"}],"curies":[{"name":"wp","href":"https:\/\/api.w.org\/{rel}","templated":true}]}}