{"id":1795,"date":"2022-10-18T11:14:54","date_gmt":"2022-10-18T10:14:54","guid":{"rendered":"https:\/\/efimezotur.mediacenter11.hu\/?page_id=1795"},"modified":"2025-10-27T14:11:50","modified_gmt":"2025-10-27T13:11:50","slug":"efi-lek-programok","status":"publish","type":"page","link":"https:\/\/efimezotur.hu\/?page_id=1795","title":{"rendered":"Efi-Lek Programok"},"content":{"rendered":"<p style=\"text-align: center;\"><span style=\"color: #ff9900;\"><strong>Okt\u00f3ber<\/strong><\/span><\/p>\n<ol>\n<li><strong>Minden h\u00e9ten:<\/strong> Gy\u00f3gytorna Z\u00e9t\u00e9nyi Emese&nbsp; &#8211; gy\u00f3gytorn\u00e1sz<\/li>\n<\/ol>\n<p><strong>Helysz\u00edn<\/strong>: Mez\u0151t\u00fari K\u00f3rh\u00e1z \u00e9s Rendel\u0151int\u00e9zet, EFI Gy\u00f3gytorna terem<\/p>\n<p>kedden \u00e9s cs\u00fct\u00f6rt\u00f6k\u00f6n: d\u00e9lel\u0151tt:&nbsp;&nbsp;&nbsp;&nbsp;&nbsp;&nbsp; 08.30 \u2013 09.30.&nbsp;&nbsp;&nbsp;&nbsp;&nbsp;<\/p>\n<p>kedden \u00e9s cs\u00fct\u00f6rt\u00f6k\u00f6n: d\u00e9lut\u00e1n:&nbsp;&nbsp;&nbsp;&nbsp;&nbsp; 13.30. \u2013 14.30.&nbsp;&nbsp;<\/p>\n<p>Minden h\u00e9tf\u0151n 15.00.: J\u00f3ga \u2013 k\u00f3rh\u00e1zi dolgoz\u00f3knak<\/p>\n<p>Minden kedden 15.00.: T\u00e1nc \u2013 k\u00f3rh\u00e1zi dolgoz\u00f3knak<\/p>\n<p><strong>Telefon<\/strong>: 56-550-427<\/p>\n<p>&nbsp;<\/p>\n<ol start=\"2\">\n<li><strong>\u00daj Es\u00e9ly K\u00f6zpont<\/strong><\/li>\n<\/ol>\n<p><strong>Id\u0151pont<\/strong>: 2025.10.02. 14.00.<\/p>\n<p><strong>Helysz\u00edn<\/strong>: Mez\u0151t\u00far Sug\u00e1r \u00fat<\/p>\n<p>\u00c1llapotfelm\u00e9r\u00e9s<\/p>\n<p>&nbsp;<\/p>\n<ol start=\"3\">\n<li><strong>Makk J\u00f3zsef \u00fati Id\u0151sek Napk\u00f6ziotthona<\/strong><\/li>\n<\/ol>\n<p><strong>Id\u0151pont<\/strong>: 2025. 10.06.&nbsp;&nbsp;&nbsp; 10.30.<\/p>\n<p><strong>Helysz\u00edn<\/strong>: Mez\u0151t\u00far Makk J\u00f3zsef \u00fat<\/p>\n<ul>\n<li>Betegutak a j\u00e1r\u00f3beteg ell\u00e1t\u00e1sban<\/li>\n<\/ul>\n<p>&nbsp;<\/p>\n<ol start=\"4\">\n<li><strong>Szendy P\u00e1l Reform\u00e1tus Id\u0151sek Otthona<\/strong><\/li>\n<\/ol>\n<p><strong>Id\u0151pont<\/strong>: 2025. 10.08.&nbsp;&nbsp;&nbsp; 10.00.<\/p>\n<p><strong>Helysz\u00edn<\/strong>: Mez\u0151t\u00far Kiss J\u00e1nos&nbsp; \u00fat<\/p>\n<p>Szezon\u00e1lis vitaminok \u201e\u0150sz\u201d<\/p>\n<p>&nbsp;<\/p>\n<ol start=\"5\">\n<li><strong>\u00daj Es\u00e9ly K\u00f6zpont<\/strong><\/li>\n<\/ol>\n<p><strong>Helysz\u00edn<\/strong>: Mez\u0151t\u00far Sug\u00e1r \u00fat<\/p>\n<p>\u00c1llapotfelm\u00e9r\u00e9s<\/p>\n<p>&nbsp;&nbsp;&nbsp;&nbsp;&nbsp;&nbsp;&nbsp;&nbsp;&nbsp;&nbsp;&nbsp; <strong>Id\u0151pont<\/strong>: 2025.10.09.&nbsp; 14.00<\/p>\n<p>&nbsp;<\/p>\n<ol start=\"6\">\n<li><strong>Szolnoki \u00fati Reform\u00e1tus Id\u0151sek Otthona<\/strong><\/li>\n<\/ol>\n<p><strong>Id\u0151pont<\/strong>: 2025. 10.16.&nbsp;&nbsp;&nbsp; 10.00.<\/p>\n<p><strong>Helysz\u00edn<\/strong>: Mez\u0151t\u00far Szolnoki \u00fat<\/p>\n<p>Szezon\u00e1lis vitaminok \u201e\u0150sz\u201d<\/p>\n<p>&nbsp;<\/p>\n<ol start=\"7\">\n<li><strong>Henry Dunant Klub<\/strong><\/li>\n<\/ol>\n<p><strong>Id\u0151pont<\/strong>: 2025. 10.16.&nbsp; 14.15.<\/p>\n<p><strong>Helysz\u00edn<\/strong>: Mez\u0151t\u00far K\u00f6z\u00f6ss\u00e9gi H\u00e1z<\/p>\n<p>\u00c1llapotfelm\u00e9r\u00e9s<\/p>\n<p><strong>Gy\u00f3gytorna<\/strong>: Z\u00e9t\u00e9nyi Emese gy\u00f3gytorn\u00e1sz<\/p>\n<p>&nbsp;<\/p>\n<ol start=\"8\">\n<li><strong>Csal\u00e1di nap<\/strong><\/li>\n<\/ol>\n<p><strong>Id\u0151pont<\/strong>: 2025. 10.18.&nbsp; 10.00. \u2013 14.00.<\/p>\n<p><strong>Helysz\u00edn<\/strong>: Mez\u0151t\u00far R\u00e1k\u00f3czi \u00fati Iskola<\/p>\n<p><strong>Feln\u0151tteknek<\/strong>: \u00c1llapotfelm\u00e9r\u00e9s<\/p>\n<p><strong>Gyermekeknek<\/strong>: j\u00e1t\u00e9kos mozg\u00e1s feladatok<\/p>\n<p>&nbsp;<\/p>\n<ol start=\"9\">\n<li><strong>R\u00f3zsasz\u00edn s\u00e9ta \u2013 A mellr\u00e1k elleni k\u00fczdelem<\/strong><\/li>\n<\/ol>\n<p><strong>Id\u0151pont<\/strong>: 2025. 10.28.&nbsp;&nbsp; 14.00.<\/p>\n<p><strong>Helysz\u00edn<\/strong>: Mez\u0151t\u00far Beretty\u00f3 H\u00edd<\/p>\n<p><strong>Program<\/strong>:<\/p>\n<ul>\n<li>K\u00f6sz\u00f6nt\u0151 T\u00f3th Katalin \u2013 Mez\u0151t\u00fari K\u00f3rh\u00e1z \u00e9s Rendel\u0151int\u00e9zet F\u0151igazgat\u00f3<\/li>\n<li>EFI munkat\u00e1rsai: A mell \u00f6nvizsg\u00e1lat\u00e1nak fontoss\u00e1ga, mammogr\u00e1fia jelent\u0151s\u00e9ge<\/li>\n<li>H\u00edd s\u00e9ta<\/li>\n<\/ul>\n<p>&nbsp;<\/p>\n<ol start=\"10\">\n<li><strong>Makk J\u00f3zsef \u00fati Id\u0151sek Napk\u00f6ziotthona<\/strong><\/li>\n<\/ol>\n<p><strong>Id\u0151pont<\/strong>: 2025. 10.30.&nbsp;&nbsp;&nbsp; 10.30.<\/p>\n<p><strong>Helysz\u00edn<\/strong>: Mez\u0151t\u00far Makk J\u00f3zsef \u00fat<\/p>\n<ul>\n<li>Finom motorika fejleszt\u00e9se j\u00e1t\u00e9kos feladatokkal<\/li>\n<\/ul>\n<p>&nbsp;<\/p>\n<ol start=\"11\">\n<li><strong>Eg\u00e9szs\u00e9gfejleszt\u00e9si Iroda<\/strong><\/li>\n<\/ol>\n<p>&#8211; sz\u0171r\u0151vizsg\u00e1latok,<\/p>\n<p>&#8211; egy\u00e9ni \u00e1llapotfelm\u00e9r\u00e9s,<\/p>\n<p>&#8211;&nbsp; tan\u00e1csad\u00e1s,&nbsp;&nbsp;&nbsp;&nbsp;&nbsp;&nbsp;&nbsp;&nbsp;&nbsp;&nbsp;&nbsp;&nbsp;&nbsp;&nbsp;&nbsp;&nbsp;&nbsp;&nbsp;&nbsp;&nbsp;&nbsp;<\/p>\n<p><strong>Helysz\u00edn<\/strong>: Mez\u0151t\u00far Eg\u00e9szs\u00e9gfejleszt\u00e9si Iroda 5400 Mez\u0151t\u00far Kossuth \u00fat 9-1<\/p>\n<p>&nbsp;<\/p>\n<p style=\"text-align: center;\"><span style=\"color: #ff9900;\"><strong>Szeptember<\/strong><\/span><\/p>\n<ol>\n<li><strong>Minden h\u00e9ten<\/strong>: Gy\u00f3gytorna Z\u00e9t\u00e9nyi Emese&nbsp; &#8211; gy\u00f3gytorn\u00e1sz<\/li>\n<\/ol>\n<p><strong>Helysz\u00edn<\/strong>: Mez\u0151t\u00fari K\u00f3rh\u00e1z \u00e9s Rendel\u0151int\u00e9zet, EFI Gy\u00f3gytorna terem<\/p>\n<p>kedden \u00e9s cs\u00fct\u00f6rt\u00f6k\u00f6n: d\u00e9lel\u0151tt:&nbsp;&nbsp;&nbsp;&nbsp;&nbsp;&nbsp; 08.30 \u2013 09.30.&nbsp;&nbsp;&nbsp;&nbsp;&nbsp;<\/p>\n<p>kedden \u00e9s cs\u00fct\u00f6rt\u00f6k\u00f6n: d\u00e9lut\u00e1n:&nbsp;&nbsp;&nbsp;&nbsp;&nbsp; 13.30. \u2013 14.30.&nbsp;&nbsp;<\/p>\n<p>Minden h\u00e9tf\u0151n 15.00.: J\u00f3ga \u2013 k\u00f3rh\u00e1zi dolgoz\u00f3knak<\/p>\n<p>Minden kedden 15.00.: T\u00e1nc \u2013 k\u00f3rh\u00e1zi dolgoz\u00f3knak<\/p>\n<p><strong>Telefon<\/strong>: 56-550-427<\/p>\n<p>&nbsp;<\/p>\n<ol start=\"2\">\n<li><strong>Csal\u00e1di d\u00e9lel\u0151tt<\/strong><\/li>\n<\/ol>\n<p><strong>Id\u0151pont<\/strong>: 2025.09.06. 10.00. &#8211; 14.00.<\/p>\n<p><strong>Helysz\u00edn<\/strong>: Mez\u0151t\u00far K\u00f6z\u00f6ss\u00e9gi H\u00e1z 108-as terem<\/p>\n<p>\u00c1llapotfelm\u00e9r\u00e9s<\/p>\n<p>El\u0151ad\u00e1s: Herb\u00e1k P\u00e9ter Klinikai szakpszichol\u00f3gus (Mez\u0151t\u00fari K\u00f3rh\u00e1z \u00e9s Rendel\u0151int\u00e9zet)<\/p>\n<ul>\n<li>Gyermekkori agresszi\u00f3, szorong\u00e1s \u00e9s konfliktuskezel\u00e9s<\/li>\n<li>A csal\u00e1d szerepe a gyermek szem\u00e9lyis\u00e9gfejl\u0151d\u00e9s\u00e9ben<\/li>\n<\/ul>\n<p>&nbsp;<\/p>\n<ol start=\"3\">\n<li><strong>Fizioter\u00e1pia vil\u00e1gnapja<\/strong><\/li>\n<\/ol>\n<p><strong>Id\u0151pont<\/strong>: 2025. 09.08.&nbsp; &nbsp;&nbsp;&nbsp;&nbsp;10.00.<\/p>\n<p><strong>Helysz\u00edn<\/strong>: Mez\u0151t\u00far Puskin \u00fati Id\u0151sek Napk\u00f6ziotthona<\/p>\n<ul>\n<li>Zen\u00e9s torna<\/li>\n<li>El\u0151ad\u00e1s: Fizioter\u00e1pia szerepe a kr\u00f3nikus f\u00e1jdalomban<\/li>\n<\/ul>\n<p>&nbsp;<\/p>\n<ol start=\"4\">\n<li><strong>Bring\u00e1s reggeli a k\u00f3rh\u00e1zi dolgoz\u00f3knak<\/strong><\/li>\n<\/ol>\n<p><strong>Id\u0151pont<\/strong>: 2025.09.16.&nbsp; 05.00.- 7.00-<\/p>\n<p><strong>Helysz\u00edn<\/strong>: Mez\u0151t\u00far K\u00f6ssuth \u00fat 9-11<\/p>\n<p>&nbsp;<\/p>\n<p>&nbsp;<\/p>\n<ol start=\"5\">\n<li><strong>\u0150sz \u2013 \u00dcl\u0151 V\u00e1rosi rendezv\u00e9ny<\/strong><\/li>\n<\/ol>\n<p><strong>Id\u0151pont<\/strong>: 2025. 09.20. 10.00. \u2013 14.00.<\/p>\n<p><strong>Helysz\u00edn<\/strong>: Mez\u0151t\u00far K\u00f6z\u00f6ss\u00e9gi H\u00e1z<\/p>\n<p>\u00c1llapotfelm\u00e9r\u00e9s<\/p>\n<p>&nbsp;<\/p>\n<ol start=\"6\">\n<li><strong>Alzhaimer vil\u00e1gnap<\/strong><\/li>\n<\/ol>\n<p><strong>Id\u0151pont<\/strong>: 2025. 09.22.&nbsp; 10.30.<\/p>\n<p><strong>Helysz\u00edn<\/strong>: Mez\u0151t\u00far F\u00f3ti \u00dati Id\u0151sek Napk\u00f6ziotthona<\/p>\n<p><strong>El\u0151ad\u00e1s<\/strong>: Alzhaimeres beteg a csal\u00e1dban<\/p>\n<p>&nbsp;<\/p>\n<p>&nbsp;<\/p>\n<ol start=\"7\">\n<li><strong>Syngenta Eg\u00e9szs\u00e9gnap (munkahelyi eg\u00e9szs\u00e9gfejleszt\u00e9s<\/strong><\/li>\n<\/ol>\n<p><strong>Id\u0151pont<\/strong>: 2025. 09.24. 09.00. \u2013 16.00.<\/p>\n<p><strong>Helysz\u00edn<\/strong>: Mez\u0151t\u00far Syngenta<\/p>\n<p><strong>El\u0151ad\u00e1sok<\/strong>:<\/p>\n<ul>\n<li>Ki\u00e9g\u00e9s megel\u0151z\u00e9se: Pl\u00e1nka Zsuzsa \u2013 klinikai szakpszichol\u00f3gus<\/li>\n<li>F\u00fcgg\u0151s\u00e9gek kezel\u00e9se: Herb\u00e1k P\u00e9ter &#8211; klinikai szakpszichol\u00f3gus<\/li>\n<li>Munkahelyi stressz kezel\u00e9se: Herb\u00e1k P\u00e9ter &#8211; klinikai szakpszichol\u00f3gus<\/li>\n<li>Az \u00fcl\u0151munka vesz\u00e9lyei, Magasv\u00e9rnyom\u00e1sr\u00f3l r\u00f6viden: Solt\u00e9szn\u00e9 Krizbai Erika \u2013 \u00e1pol\u00f3<\/li>\n<li>Eg\u00e9szs\u00e9ge \u00e9letm\u00f3d, \u00e9telintolerancia, gyermekkori elh\u00edz\u00e1s: G\u00e1sp\u00e1r Rita &#8211; v\u00e9d\u0151n\u0151<\/li>\n<\/ul>\n<p>&nbsp;<\/p>\n<ol start=\"8\">\n<li><strong>Eg\u00e9szs\u00e9gfejleszt\u00e9si Iroda<\/strong><\/li>\n<\/ol>\n<p>&#8211; sz\u0171r\u0151vizsg\u00e1latok,<\/p>\n<p>&#8211; egy\u00e9ni \u00e1llapotfelm\u00e9r\u00e9s,<\/p>\n<p>&#8211; &nbsp;tan\u00e1csad\u00e1s,&nbsp;&nbsp;&nbsp;&nbsp;&nbsp;&nbsp;&nbsp;&nbsp;&nbsp;&nbsp;&nbsp;&nbsp;&nbsp;&nbsp;&nbsp;&nbsp;&nbsp;&nbsp;&nbsp;&nbsp;&nbsp;<\/p>\n<p><strong>Helysz\u00edn<\/strong>: Mez\u0151t\u00far Eg\u00e9szs\u00e9gfejleszt\u00e9si Iroda 5400 Mez\u0151t\u00far Kossuth \u00fat 9-11.<\/p>\n","protected":false},"excerpt":{"rendered":"<p>Okt\u00f3ber Minden h\u00e9ten: Gy\u00f3gytorna Z\u00e9t\u00e9nyi Emese&nbsp; &#8211; gy\u00f3gytorn\u00e1sz Helysz\u00edn: Mez\u0151t\u00fari K\u00f3rh\u00e1z \u00e9s Rendel\u0151int\u00e9zet, EFI Gy\u00f3gytorna terem kedden \u00e9s cs\u00fct\u00f6rt\u00f6k\u00f6n: d\u00e9lel\u0151tt:&nbsp;&nbsp;&nbsp;&nbsp;&nbsp;&nbsp; 08.30 \u2013 09.30.&nbsp;&nbsp;&nbsp;&nbsp;&nbsp; kedden \u00e9s cs\u00fct\u00f6rt\u00f6k\u00f6n: d\u00e9lut\u00e1n:&nbsp;&nbsp;&nbsp;&nbsp;&nbsp; 13.30. \u2013 14.30.&nbsp;&nbsp; Minden h\u00e9tf\u0151n 15.00.: J\u00f3ga \u2013 k\u00f3rh\u00e1zi dolgoz\u00f3knak Minden kedden 15.00.: T\u00e1nc \u2013 k\u00f3rh\u00e1zi dolgoz\u00f3knak Telefon: 56-550-427 &nbsp; \u00daj Es\u00e9ly K\u00f6zpont Id\u0151pont: 2025.10.02. 14.00. Helysz\u00edn: Mez\u0151t\u00far [&hellip;]<\/p>\n","protected":false},"author":2,"featured_media":0,"parent":0,"menu_order":0,"comment_status":"closed","ping_status":"closed","template":"","meta":{"ngg_post_thumbnail":0,"footnotes":""},"class_list":["post-1795","page","type-page","status-publish","hentry"],"_links":{"self":[{"href":"https:\/\/efimezotur.hu\/index.php?rest_route=\/wp\/v2\/pages\/1795","targetHints":{"allow":["GET"]}}],"collection":[{"href":"https:\/\/efimezotur.hu\/index.php?rest_route=\/wp\/v2\/pages"}],"about":[{"href":"https:\/\/efimezotur.hu\/index.php?rest_route=\/wp\/v2\/types\/page"}],"author":[{"embeddable":true,"href":"https:\/\/efimezotur.hu\/index.php?rest_route=\/wp\/v2\/users\/2"}],"replies":[{"embeddable":true,"href":"https:\/\/efimezotur.hu\/index.php?rest_route=%2Fwp%2Fv2%2Fcomments&post=1795"}],"version-history":[{"count":36,"href":"https:\/\/efimezotur.hu\/index.php?rest_route=\/wp\/v2\/pages\/1795\/revisions"}],"predecessor-version":[{"id":2064,"href":"https:\/\/efimezotur.hu\/index.php?rest_route=\/wp\/v2\/pages\/1795\/revisions\/2064"}],"wp:attachment":[{"href":"https:\/\/efimezotur.hu\/index.php?rest_route=%2Fwp%2Fv2%2Fmedia&parent=1795"}],"curies":[{"name":"wp","href":"https:\/\/api.w.org\/{rel}","templated":true}]}}