{"id":1938,"date":"2024-02-28T11:01:09","date_gmt":"2024-02-28T10:01:09","guid":{"rendered":"https:\/\/efimezotur.hu\/?page_id=1938"},"modified":"2024-02-28T13:16:05","modified_gmt":"2024-02-28T12:16:05","slug":"nngyk","status":"publish","type":"page","link":"https:\/\/efimezotur.hu\/?page_id=1938","title":{"rendered":"NNGYK"},"content":{"rendered":"<h3 style=\"text-align: center;\">Nemzeti N\u00e9peg\u00e9szs\u00e9g\u00fcgyi \u00e9s Gy\u00f3gyszer\u00e9szeti K\u00f6zpont<\/h3>\n<p>&nbsp;<\/p>\n<p><strong>Web: <\/strong><a href=\"http:\/\/Nemzeti N\u00e9peg\u00e9szs\u00e9g\u00fcgyi \u00e9s Gy\u00f3gyszer\u00e9szeti K\u00f6zpont\" data-wplink-url-error=\"true\">Nemzeti N\u00e9peg\u00e9szs\u00e9g\u00fcgyi \u00e9s Gy\u00f3gyszer\u00e9szeti K\u00f6zpont<\/a><strong><br \/>\nTel<\/strong>: +36 1 476 1100<br \/>\n<strong>Sz\u00e9khely<\/strong>: 1097 Budapest, Albert Fl\u00f3ri\u00e1n \u00fat 2-6.<br \/>\n<strong>K\u00e9pviseletre jogosult:<\/strong>&nbsp;Dr. M\u00fcller Cec\u00edlia Gy\u00f6rgyi orsz\u00e1gos tisztif\u0151orvos<br \/>\n<strong>Postafi\u00f3k<\/strong>: 1437 Budapest, Pf. 777<br \/>\n<strong>Ad\u00f3sz\u00e1m<\/strong>: 15598787-2-43<\/p>\n<p>&nbsp;<\/p>\n","protected":false},"excerpt":{"rendered":"<p>Nemzeti N\u00e9peg\u00e9szs\u00e9g\u00fcgyi \u00e9s Gy\u00f3gyszer\u00e9szeti K\u00f6zpont &nbsp; Web: Nemzeti N\u00e9peg\u00e9szs\u00e9g\u00fcgyi \u00e9s Gy\u00f3gyszer\u00e9szeti K\u00f6zpont Tel: +36 1 476 1100 Sz\u00e9khely: 1097 Budapest, Albert Fl\u00f3ri\u00e1n \u00fat 2-6. K\u00e9pviseletre jogosult:&nbsp;Dr. M\u00fcller Cec\u00edlia Gy\u00f6rgyi orsz\u00e1gos tisztif\u0151orvos Postafi\u00f3k: 1437 Budapest, Pf. 777 Ad\u00f3sz\u00e1m: 15598787-2-43 &nbsp;<\/p>\n","protected":false},"author":2,"featured_media":0,"parent":0,"menu_order":0,"comment_status":"closed","ping_status":"closed","template":"","meta":{"ngg_post_thumbnail":0,"footnotes":""},"class_list":["post-1938","page","type-page","status-publish","hentry"],"_links":{"self":[{"href":"https:\/\/efimezotur.hu\/index.php?rest_route=\/wp\/v2\/pages\/1938","targetHints":{"allow":["GET"]}}],"collection":[{"href":"https:\/\/efimezotur.hu\/index.php?rest_route=\/wp\/v2\/pages"}],"about":[{"href":"https:\/\/efimezotur.hu\/index.php?rest_route=\/wp\/v2\/types\/page"}],"author":[{"embeddable":true,"href":"https:\/\/efimezotur.hu\/index.php?rest_route=\/wp\/v2\/users\/2"}],"replies":[{"embeddable":true,"href":"https:\/\/efimezotur.hu\/index.php?rest_route=%2Fwp%2Fv2%2Fcomments&post=1938"}],"version-history":[{"count":2,"href":"https:\/\/efimezotur.hu\/index.php?rest_route=\/wp\/v2\/pages\/1938\/revisions"}],"predecessor-version":[{"id":1985,"href":"https:\/\/efimezotur.hu\/index.php?rest_route=\/wp\/v2\/pages\/1938\/revisions\/1985"}],"wp:attachment":[{"href":"https:\/\/efimezotur.hu\/index.php?rest_route=%2Fwp%2Fv2%2Fmedia&parent=1938"}],"curies":[{"name":"wp","href":"https:\/\/api.w.org\/{rel}","templated":true}]}}