{"id":536,"date":"2017-06-26T09:05:41","date_gmt":"2017-06-26T09:05:41","guid":{"rendered":"http:\/\/efimezotur.mediacenter11.hu\/?page_id=536"},"modified":"2024-02-28T10:53:02","modified_gmt":"2024-02-28T09:53:02","slug":"lelki-egeszsegfejlesztes","status":"publish","type":"page","link":"https:\/\/efimezotur.hu\/?page_id=536","title":{"rendered":"Lelki Eg\u00e9szs\u00e9g K\u00f6zpont"},"content":{"rendered":"<p style=\"text-align: center;\">N\u00e9peg\u00e9szs\u00e9g\u00fcgy fejleszt\u00e9se a ment\u00e1lis eg\u00e9szs\u00e9g ter\u00fclet\u00e9n a Mez\u0151t\u00fari j\u00e1r\u00e1sban<\/p>\n<p style=\"text-align: center;\">EFOP-1.8.20-17-2017-00018<\/p>\n<p style=\"text-align: center;\"><strong>L E L K I&nbsp; E G \u00c9 SZ S \u00c9 G&nbsp; K \u00d6 Z P O N T<\/strong><\/p>\n<p style=\"text-align: center;\"><strong>LEK<\/strong><\/p>\n<p style=\"text-align: left;\">Mez\u0151t\u00far v\u00e1ros \u00e9s a k\u00f6rny\u00e9ki telep\u00fcl\u00e9sek lakoss\u00e1ga m\u00e1r megszokhatta (\u00e9s rem\u00e9nyeink szerint \u00f6r\u00f6m\u00e9re szolg\u00e1l), hogy a Mez\u0151t\u00fari K\u00f3rh\u00e1z \u00e9s Rendel\u0151int\u00e9zet \u00e9p\u00fclet\u00e9ben \u00e9vek \u00f3ta m\u0171k\u00f6dik az Eg\u00e9szs\u00e9gfeljleszt\u00e9si Iroda (EFI), amely k\u00fcl\u00f6nb\u00f6z\u0151 eg\u00e9szs\u00e9g\u00fcgyi sz\u0171r\u00e9sekkel, speci\u00e1lis oktat\u00f3 programokkal, eg\u00e9szs\u00e9gnapok szervez\u00e9s\u00e9vel, stb. \u00e1ll a lakoss\u00e1g rendelkez\u00e9s\u00e9re a t\u00e9rs\u00e9gben \u00e9l\u0151k eg\u00e9szs\u00e9g\u00fcgyi \u00e1llapot\u00e1nak jav\u00edt\u00e1sa \u00e9rdek\u00e9ben.<\/p>\n<p style=\"text-align: left;\">E szolg\u00e1ltat\u00e1sok kieg\u00e9sz\u00edt\u00e9sek\u00e9ppen 2018. szeptember\u00e9t\u0151l az EFI-hez kapcsol\u00f3d\u00f3an megalakul a Lelki Eg\u00e9szs\u00e9g K\u00f6zpont (LEK), amely a lakoss\u00e1g lelki eg\u00e9sz\u00e9g\u00e9nek meg\u0151rz\u00e9s\u00e9re \u00e9s fejleszt\u00e9s\u00e9re hivatott.<\/p>\n<p style=\"text-align: left;\">A lelki eg\u00e9szs\u00e9g r\u00f6viden annyit tesz, hogy j\u00f3 \u00e9letmin\u0151s\u00e9get tudunk teremteni \u00f6nmagunk sz\u00e1m\u00e1ra.<\/p>\n<p style=\"text-align: left;\">A j\u00f3 \u00e9letmin\u0151s\u00e9g sokak sz\u00e1m\u00e1ra anyagi j\u00f3l\u00e9tet jelent: biztos egzisztenci\u00e1t, j\u00f3 anyagi helyzetet, megfelel\u0151 lakhat\u00e1st \u00e9s \u00e9letk\u00f6r\u00fclm\u00e9nyeket. Mindez hozz\u00e1j\u00e1rulhat ugyan a lelki eg\u00e9szs\u00e9ghez, ahogyan a betegs\u00e9g hi\u00e1nya is r\u00e9sze annak, m\u00e9gis valami t\u00f6bbet \u00e9rt\u00fcnk alatta:<\/p>\n<ul style=\"text-align: left;\">\n<li>harm\u00f3ni\u00e1ban vagyunk a k\u00f6rnyezet\u00fcnkkel, a k\u00f6r\u00fcl\u00f6tt\u00fcnk \u00e9l\u0151 emberekkel, csal\u00e1dtagjainkkal;<\/li>\n<li>k\u00e9pesek vagyunk j\u00f3 d\u00f6nt\u00e9seket hozni;<\/li>\n<li>tudjuk, mi tesz minket boldogg\u00e1;<\/li>\n<li>el tudjuk \u00e9rni c\u00e9ljainkat;<\/li>\n<li>k\u00e9pesek vagyunk olyan jellemvon\u00e1sokat elsaj\u00e1t\u00edtani, ami seg\u00edt, hogy olyan emberr\u00e9 v\u00e1ljunk, amilyen lenni szeretn\u00e9nk;<\/li>\n<li>tudjuk, mib\u0151l nyerhet\u00fcnk energi\u00e1t, mellyel felt\u00f6lt\u0151dhet\u00fcnk;<\/li>\n<li>tudunk kr\u00edzishelyzeteket kezelni;<\/li>\n<li>tudunk konfliktusokat kezelni \u00e9s probl\u00e9m\u00e1kat megoldani;<\/li>\n<li>tudjuk szeretni \u00f6nmagunkat \u00e9s a k\u00f6r\u00fcl\u00f6tt\u00fcnk \u00e9l\u0151, sz\u00e1munkra fontos embereket.<\/li>\n<\/ul>\n<p style=\"text-align: left;\">Ha birtok\u00e1ban vagyunk az itt felsorolt k\u00e9pess\u00e9geknek, k\u00e9szs\u00e9geknek (amelyek tanulhat\u00f3ak \u00e9s fejleszthet\u0151ek), akkor tudunk csak j\u00f3 \u00e9letmin\u0151s\u00e9get teremteni \u00f6nmagunk sz\u00e1m\u00e1ra.<\/p>\n<p style=\"text-align: left;\"><strong>Milyen szolg\u00e1ltat\u00e1sokat ny\u00fajt a LEK?<\/strong><\/p>\n<ul style=\"text-align: left;\">\n<li>egy\u00e9ni pszichol\u00f3giai konzult\u00e1ci\u00f3, \u00e9letvezet\u00e9si tan\u00e1csad\u00e1s<\/li>\n<li>szem\u00e9lyis\u00e9g- \u00e9s k\u00e9szs\u00e9gfejleszt\u0151 tematikus csoportok (pl: kommunik\u00e1ci\u00f3, konfliktuskezel\u00e9s, stb\u2026)<\/li>\n<li>\u00f6nseg\u00edt\u0151 csoportok speci\u00e1lis c\u00e9lcsoportoknak (pl: szenved\u00e9lybetegek hozz\u00e1tartoz\u00f3i)<\/li>\n<li>prevenci\u00f3s eduk\u00e1ci\u00f3s programok (f\u00fcgg\u0151s\u00e9gek, ki\u00e9g\u00e9s, depresszi\u00f3, stb&#8230;)<\/li>\n<li>sz\u00fcl\u0151i k\u00e9szs\u00e9gek jav\u00edt\u00e1sa (oktat\u00e1s, szoptat\u00e1s-t\u00e1mogat\u00e1s, babamassz\u00e1zs tanfolyam, sz\u00fcl\u0151klub)<\/li>\n<li>\u00f6nismereti csoport serd\u00fcl\u0151knek<\/li>\n<li>p\u00e1lyav\u00e1laszt\u00e1si tan\u00e1csad\u00e1s k\u00f6z\u00e9piskol\u00e1soknak<\/li>\n<\/ul>\n<p style=\"text-align: left;\"><strong>Kiket v\u00e1runk?<\/strong><\/p>\n<p style=\"text-align: left;\">A Lelki Eg\u00e9szs\u00e9g K\u00f6zpontba szeretettel v\u00e1rjuk mindazokat a feln\u0151tt kor\u00fa lakosokat (TAJ k\u00e1rtya sz\u00fcks\u00e9ges!), akik egy\u00e9ni- \u00e9s\/vagy csoportos foglalkoz\u00e1son szeretn\u00e9nek r\u00e9szt venni b\u00e1rmely \u00e9let-ter\u00fcletet \u00e9rint\u0151 probl\u00e9ma kapcs\u00e1n, illetve a mindennapok jobb, pozit\u00edvabb meg\u00e9l\u00e9se, lelk\u00fcnk harm\u00f3ni\u00e1j\u00e1nak megteremt\u00e9se c\u00e9lj\u00e1b\u00f3l.<\/p>\n<p style=\"text-align: left;\">Tov\u00e1bb\u00e1 v\u00e1rjuk mindazon helyi k\u00f6z\u00f6ss\u00e9gek, klubok, egyes\u00fcletek, iskol\u00e1k, int\u00e9zetek, int\u00e9zm\u00e9nyek, stb. jelentkez\u00e9s\u00e9t, akik szeretn\u00e9nek saj\u00e1t k\u00f6z\u00f6ss\u00e9g\u00fck sz\u00e1m\u00e1ra szakemberek \u00e1ltal megtartott ismeretk\u00f6zl\u0151-oktat\u00f3, prevenci\u00f3s jelleg\u0171 el\u0151ad\u00e1sokat szervezni.<\/p>\n<p style=\"text-align: left;\"><strong>El\u00e9rhet\u0151s\u00e9gek:<\/strong><\/p>\n<p style=\"text-align: left;\">N\u00e9v\/c\u00edm:<\/p>\n<p style=\"text-align: left; padding-left: 30px;\">Mez\u0151t\u00fari K\u00f3rh\u00e1z \u00e9s Rendel\u0151int\u00e9zet<\/p>\n<p style=\"text-align: left; padding-left: 30px;\">Eg\u00e9szs\u00e9gfejleszt\u00e9si Iroda<\/p>\n<p style=\"text-align: left; padding-left: 30px;\">5400 Mez\u0151t\u00far<\/p>\n<p style=\"text-align: left; padding-left: 30px;\">Kossuth u. 9.-11.<\/p>\n<p style=\"text-align: left;\">Telefon: 06-56\/550-427<\/p>\n<p style=\"text-align: left;\">B\u00edzunk benne, hogy a Lelki Eg\u00e9szs\u00e9g K\u00f6zpont az Eg\u00e9szs\u00e9gfejleszt\u00e9si Irod\u00e1val szorosan egy\u00fcttm\u0171k\u00f6dve hat\u00e9konyan tud majd hozz\u00e1j\u00e1rulni a mez\u0151t\u00fari lakoss\u00e1g ment\u00e1lis eg\u00e9szs\u00e9g\u00e9nek meg\u0151rz\u00e9s\u00e9hez \u00e9s fejleszt\u00e9s\u00e9hez.<\/p>\n<p>&nbsp;<\/p>\n<p>A p\u00e1ly\u00e1zattal kapcsolatban b\u0151vebben olvashat a <a href=\"https:\/\/mezoturikorhaz.hu\/nepegeszsegugy-fejlesztese-a-mentalis-egeszseg-teruleten-a-mezoturi-jarasban\/\">Mez\u0151t\u00fari K\u00f3rh\u00e1z \u00e9s Rendel\u0151int\u00e9zet<\/a> hivatalos oldal\u00e1n.<\/p>\n","protected":false},"excerpt":{"rendered":"<p>N\u00e9peg\u00e9szs\u00e9g\u00fcgy fejleszt\u00e9se a ment\u00e1lis eg\u00e9szs\u00e9g ter\u00fclet\u00e9n a Mez\u0151t\u00fari j\u00e1r\u00e1sban EFOP-1.8.20-17-2017-00018 L E L K I&nbsp; E G \u00c9 SZ S \u00c9 G&nbsp; K \u00d6 Z P O N T LEK Mez\u0151t\u00far v\u00e1ros \u00e9s a k\u00f6rny\u00e9ki telep\u00fcl\u00e9sek lakoss\u00e1ga m\u00e1r megszokhatta (\u00e9s rem\u00e9nyeink szerint \u00f6r\u00f6m\u00e9re szolg\u00e1l), hogy a Mez\u0151t\u00fari K\u00f3rh\u00e1z \u00e9s Rendel\u0151int\u00e9zet \u00e9p\u00fclet\u00e9ben \u00e9vek \u00f3ta m\u0171k\u00f6dik az [&hellip;]<\/p>\n","protected":false},"author":2,"featured_media":0,"parent":0,"menu_order":0,"comment_status":"closed","ping_status":"closed","template":"","meta":{"ngg_post_thumbnail":0,"footnotes":""},"class_list":["post-536","page","type-page","status-publish","hentry"],"_links":{"self":[{"href":"https:\/\/efimezotur.hu\/index.php?rest_route=\/wp\/v2\/pages\/536","targetHints":{"allow":["GET"]}}],"collection":[{"href":"https:\/\/efimezotur.hu\/index.php?rest_route=\/wp\/v2\/pages"}],"about":[{"href":"https:\/\/efimezotur.hu\/index.php?rest_route=\/wp\/v2\/types\/page"}],"author":[{"embeddable":true,"href":"https:\/\/efimezotur.hu\/index.php?rest_route=\/wp\/v2\/users\/2"}],"replies":[{"embeddable":true,"href":"https:\/\/efimezotur.hu\/index.php?rest_route=%2Fwp%2Fv2%2Fcomments&post=536"}],"version-history":[{"count":12,"href":"https:\/\/efimezotur.hu\/index.php?rest_route=\/wp\/v2\/pages\/536\/revisions"}],"predecessor-version":[{"id":1937,"href":"https:\/\/efimezotur.hu\/index.php?rest_route=\/wp\/v2\/pages\/536\/revisions\/1937"}],"wp:attachment":[{"href":"https:\/\/efimezotur.hu\/index.php?rest_route=%2Fwp%2Fv2%2Fmedia&parent=536"}],"curies":[{"name":"wp","href":"https:\/\/api.w.org\/{rel}","templated":true}]}}