{"id":806,"date":"2018-05-18T06:12:43","date_gmt":"2018-05-18T06:12:43","guid":{"rendered":"http:\/\/efimezotur.mediacenter11.hu\/?page_id=806"},"modified":"2018-05-18T11:24:22","modified_gmt":"2018-05-18T11:24:22","slug":"egeszsegnap-2018","status":"publish","type":"page","link":"https:\/\/efimezotur.hu\/?page_id=806","title":{"rendered":"Eg\u00e9szs\u00e9gnap 2018"},"content":{"rendered":"<h1 style=\"text-align: center;\"><strong>J\u00fanius 03. Eg\u00e9szs\u00e9gnap<\/strong><\/h1>\n<h1 style=\"text-align: center;\"><strong>Helysz\u00edn: V\u00e1rosi Oktat\u00e1si Centrum<\/strong><\/h1>\n<p><img loading=\"lazy\" decoding=\"async\" class=\"alignright wp-image-821\" src=\"http:\/\/efimezotur.mediacenter11.hu\/wp-content\/uploads\/2018\/05\/Egeszs\u00e9gnap-215x300.jpg\" alt=\"\" width=\"319\" height=\"446\" srcset=\"https:\/\/efimezotur.hu\/wp-content\/uploads\/2018\/05\/Egeszs\u00e9gnap-215x300.jpg 215w, https:\/\/efimezotur.hu\/wp-content\/uploads\/2018\/05\/Egeszs\u00e9gnap.jpg 402w\" sizes=\"auto, (max-width: 319px) 100vw, 319px\" \/><\/p>\n<p style=\"text-align: left;\"><span style=\"color: #339966;\"><strong>10.30 Fut\u00f3verseny <\/strong><\/span><\/p>\n<p style=\"text-align: left;\"><span style=\"color: #339966;\"><strong>11.00 K\u00f6sz\u00f6nt\u0151 &#8211; Dr. Csell\u00e1r Zsuzsanna, Herczeg Zsolt<\/strong><\/span><\/p>\n<p style=\"text-align: left;\"><span style=\"color: #339966;\"><strong>11.05 B\u00e1rdos Lajos Alapfok\u00fa M\u0171v\u00e9szeti Iskola m\u0171sora<\/strong><\/span><\/p>\n<p style=\"text-align: left;\"><span style=\"color: #339966;\"><strong>11.15 Torna Katus Attil\u00e1val<\/strong>&nbsp;<\/span><\/p>\n<p style=\"text-align: left;\"><span style=\"color: #339966;\"><strong>12.00 Face Team &#8211; akrobatikus kos\u00e1rlabda<\/strong><\/span><\/p>\n<p style=\"text-align: left;\"><span style=\"color: #339966;\"><strong>13.00 Rippel Brothers Show<\/strong><\/span><\/p>\n<p style=\"text-align: left;\"><span style=\"color: #339966;\"><strong>13.30 K\u00f3stol\u00f3 &#8211; Z\u00f6lds\u00e9ges quinoa<\/strong><\/span><\/p>\n<p style=\"text-align: left;\"><span style=\"color: #339966;\"><strong>13.30 Lecs\u00f3f\u0151z\u0151 verseny zs\u0171riz\u00e9se<\/strong><\/span><\/p>\n<p style=\"text-align: left;\"><span style=\"color: #339966;\"><strong>14.00 Aszfaltrajzverseny kezdete<\/strong><\/span><\/p>\n<p style=\"text-align: left;\"><span style=\"color: #339966;\"><strong>14.00 Iskol\u00e1k k\u00f6z\u00f6tti verseny<\/strong><\/span><\/p>\n<p style=\"text-align: left;\"><span style=\"color: #339966;\"><strong>15.00 Havas Magda -Viselked\u00e9ses f\u00fcgg\u0151s\u00e9gek<\/strong><\/span><\/p>\n<p style=\"text-align: left;\"><span style=\"color: #339966;\"><strong>15.30 Freddie koncert<\/strong><\/span><\/p>\n<p style=\"text-align: left;\"><span style=\"color: #339966;\"><strong>17.00 Eredm\u00e9nyhirdet\u00e9sek Sportversenyek, aszfaltrajzverseny, sz\u0171r\u0151sziget d\u00edjkioszt\u00f3<\/strong><\/span><\/p>\n<p style=\"text-align: left;\"><span style=\"color: #339966;\"><strong>17.30 J\u00f3ga bemutat\u00f3 &#8211; Csontos \u00c9va<\/strong><\/span><\/p>\n<p style=\"text-align: left;\"><span style=\"color: #339966;\"><strong>18.00. Soma mamag\u00e9sa &#8211; talk show<\/strong><\/span><\/p>\n<p style=\"text-align: left;\"><span style=\"color: #339966;\"><strong>19.00 Irigy H\u00f3naljmirigy egy\u00fcttes koncertje A Boh\u00f3c j\u00e1tsz\u00f3t\u00e9ren<\/strong><\/span><\/p>\n<p style=\"text-align: left;\"><span style=\"color: #339966;\"><strong>12.00-18.00 \u00f3r\u00e1ig foglalkoz\u00e1sok, j\u00e1t\u00e9kok v\u00e1rj\u00e1k a gyermekeket,<\/strong><\/span><\/p>\n<p style=\"text-align: left;\"><span style=\"color: #339966;\"><strong>13.00-16.00 \u00f3r\u00e1ig \u00e9rz\u00e9keny\u00edt\u0151 j\u00e1t\u00e9kok, j\u00e1tsz\u00f3sarok, mesesarok.<\/strong><\/span><\/p>\n<p style=\"text-align: left;\"><span style=\"color: #339966;\"><strong>11.00-14.00 \u00f3r\u00e1ig SZ\u0170R\u0150L\u00c1NC v\u00e9rcukor-, v\u00e9rnyom\u00e1s-, koleszterin-, BMI- m\u00e9r\u00e9ssel, hall\u00e1s- \u00e9s sz\u00e1j\u00fcregi sz\u0171r\u00e9ssel, \u00e9letm\u00f3d tan\u00e1csad\u00e1ssal.<\/strong><\/span><\/p>\n<h2 style=\"text-align: center;\">&nbsp; &nbsp;&nbsp; FUT\u00d3VERSENY &nbsp;&nbsp;&nbsp;&nbsp;&nbsp;&nbsp;&nbsp;&nbsp;&nbsp;&nbsp;&nbsp;&nbsp;&nbsp;&nbsp;&nbsp;&nbsp;&nbsp;&nbsp;&nbsp;&nbsp;&nbsp;&nbsp;&nbsp;&nbsp;&nbsp;&nbsp;&nbsp;&nbsp;&nbsp;&nbsp;&nbsp;&nbsp;&nbsp;&nbsp;&nbsp; &nbsp; &nbsp; &nbsp; &nbsp; &nbsp;&nbsp; LECS\u00d3F\u0150Z\u0150VERSENY<\/h2>\n<p><img loading=\"lazy\" decoding=\"async\" class=\" wp-image-823 alignright\" src=\"http:\/\/efimezotur.mediacenter11.hu\/wp-content\/uploads\/2018\/05\/lecsf\u00f6z\u00f6-214x300.jpg\" alt=\"\" width=\"351\" height=\"492\" srcset=\"https:\/\/efimezotur.hu\/wp-content\/uploads\/2018\/05\/lecsf\u00f6z\u00f6-214x300.jpg 214w, https:\/\/efimezotur.hu\/wp-content\/uploads\/2018\/05\/lecsf\u00f6z\u00f6.jpg 397w\" sizes=\"auto, (max-width: 351px) 100vw, 351px\" \/> <img loading=\"lazy\" decoding=\"async\" class=\" wp-image-822 alignleft\" src=\"http:\/\/efimezotur.mediacenter11.hu\/wp-content\/uploads\/2018\/05\/futverseny-213x300.jpg\" alt=\"\" width=\"353\" height=\"497\" srcset=\"https:\/\/efimezotur.hu\/wp-content\/uploads\/2018\/05\/futverseny-213x300.jpg 213w, https:\/\/efimezotur.hu\/wp-content\/uploads\/2018\/05\/futverseny.jpg 399w\" sizes=\"auto, (max-width: 353px) 100vw, 353px\" \/><\/p>\n","protected":false},"excerpt":{"rendered":"<p>J\u00fanius 03. Eg\u00e9szs\u00e9gnap Helysz\u00edn: V\u00e1rosi Oktat\u00e1si Centrum 10.30 Fut\u00f3verseny 11.00 K\u00f6sz\u00f6nt\u0151 &#8211; Dr. Csell\u00e1r Zsuzsanna, Herczeg Zsolt 11.05 B\u00e1rdos Lajos Alapfok\u00fa M\u0171v\u00e9szeti Iskola m\u0171sora 11.15 Torna Katus Attil\u00e1val&nbsp; 12.00 Face Team &#8211; akrobatikus kos\u00e1rlabda 13.00 Rippel Brothers Show 13.30 K\u00f3stol\u00f3 &#8211; Z\u00f6lds\u00e9ges quinoa 13.30 Lecs\u00f3f\u0151z\u0151 verseny zs\u0171riz\u00e9se 14.00 Aszfaltrajzverseny kezdete 14.00 Iskol\u00e1k k\u00f6z\u00f6tti verseny 15.00 [&hellip;]<\/p>\n","protected":false},"author":2,"featured_media":0,"parent":0,"menu_order":0,"comment_status":"closed","ping_status":"closed","template":"","meta":{"ngg_post_thumbnail":0,"footnotes":""},"class_list":["post-806","page","type-page","status-publish","hentry"],"_links":{"self":[{"href":"https:\/\/efimezotur.hu\/index.php?rest_route=\/wp\/v2\/pages\/806","targetHints":{"allow":["GET"]}}],"collection":[{"href":"https:\/\/efimezotur.hu\/index.php?rest_route=\/wp\/v2\/pages"}],"about":[{"href":"https:\/\/efimezotur.hu\/index.php?rest_route=\/wp\/v2\/types\/page"}],"author":[{"embeddable":true,"href":"https:\/\/efimezotur.hu\/index.php?rest_route=\/wp\/v2\/users\/2"}],"replies":[{"embeddable":true,"href":"https:\/\/efimezotur.hu\/index.php?rest_route=%2Fwp%2Fv2%2Fcomments&post=806"}],"version-history":[{"count":40,"href":"https:\/\/efimezotur.hu\/index.php?rest_route=\/wp\/v2\/pages\/806\/revisions"}],"predecessor-version":[{"id":850,"href":"https:\/\/efimezotur.hu\/index.php?rest_route=\/wp\/v2\/pages\/806\/revisions\/850"}],"wp:attachment":[{"href":"https:\/\/efimezotur.hu\/index.php?rest_route=%2Fwp%2Fv2%2Fmedia&parent=806"}],"curies":[{"name":"wp","href":"https:\/\/api.w.org\/{rel}","templated":true}]}}