{"id":964,"date":"2018-10-08T11:48:17","date_gmt":"2018-10-08T11:48:17","guid":{"rendered":"http:\/\/efimezotur.mediacenter11.hu\/?page_id=964"},"modified":"2018-10-08T13:47:41","modified_gmt":"2018-10-08T13:47:41","slug":"palyazat","status":"publish","type":"page","link":"https:\/\/efimezotur.hu\/?page_id=964","title":{"rendered":"P\u00e1ly\u00e1zat"},"content":{"rendered":"<p style=\"text-align: center;\">A N\u00c9PEG\u00c9SZS\u00c9G\u00dcGY FEJLESZT\u00c9SE A MENT\u00c1LIS EG\u00c9SZS\u00c9G TER\u00dcLET\u00c9N A MEZ\u0150T\u00daRI J\u00c1R\u00c1SBAN<\/p>\n<p><img loading=\"lazy\" decoding=\"async\" class=\" wp-image-975 aligncenter\" src=\"http:\/\/efimezotur.mediacenter11.hu\/wp-content\/uploads\/2018\/10\/3965mill-300x205.jpg\" alt=\"\" width=\"383\" height=\"262\" srcset=\"https:\/\/efimezotur.hu\/wp-content\/uploads\/2018\/10\/3965mill-300x205.jpg 300w, https:\/\/efimezotur.hu\/wp-content\/uploads\/2018\/10\/3965mill-768x526.jpg 768w, https:\/\/efimezotur.hu\/wp-content\/uploads\/2018\/10\/3965mill.jpg 1015w\" sizes=\"auto, (max-width: 383px) 100vw, 383px\" \/><\/p>\n","protected":false},"excerpt":{"rendered":"<p>A N\u00c9PEG\u00c9SZS\u00c9G\u00dcGY FEJLESZT\u00c9SE A MENT\u00c1LIS EG\u00c9SZS\u00c9G TER\u00dcLET\u00c9N A MEZ\u0150T\u00daRI J\u00c1R\u00c1SBAN<\/p>\n","protected":false},"author":2,"featured_media":0,"parent":0,"menu_order":0,"comment_status":"closed","ping_status":"closed","template":"","meta":{"ngg_post_thumbnail":0,"footnotes":""},"class_list":["post-964","page","type-page","status-publish","hentry"],"_links":{"self":[{"href":"https:\/\/efimezotur.hu\/index.php?rest_route=\/wp\/v2\/pages\/964","targetHints":{"allow":["GET"]}}],"collection":[{"href":"https:\/\/efimezotur.hu\/index.php?rest_route=\/wp\/v2\/pages"}],"about":[{"href":"https:\/\/efimezotur.hu\/index.php?rest_route=\/wp\/v2\/types\/page"}],"author":[{"embeddable":true,"href":"https:\/\/efimezotur.hu\/index.php?rest_route=\/wp\/v2\/users\/2"}],"replies":[{"embeddable":true,"href":"https:\/\/efimezotur.hu\/index.php?rest_route=%2Fwp%2Fv2%2Fcomments&post=964"}],"version-history":[{"count":4,"href":"https:\/\/efimezotur.hu\/index.php?rest_route=\/wp\/v2\/pages\/964\/revisions"}],"predecessor-version":[{"id":978,"href":"https:\/\/efimezotur.hu\/index.php?rest_route=\/wp\/v2\/pages\/964\/revisions\/978"}],"wp:attachment":[{"href":"https:\/\/efimezotur.hu\/index.php?rest_route=%2Fwp%2Fv2%2Fmedia&parent=964"}],"curies":[{"name":"wp","href":"https:\/\/api.w.org\/{rel}","templated":true}]}}