{"id":967,"date":"2018-10-08T11:51:46","date_gmt":"2018-10-08T11:51:46","guid":{"rendered":"http:\/\/efimezotur.mediacenter11.hu\/?page_id=967"},"modified":"2025-10-27T14:06:21","modified_gmt":"2025-10-27T13:06:21","slug":"archivum","status":"publish","type":"page","link":"https:\/\/efimezotur.hu\/?page_id=967","title":{"rendered":"Arch\u00edvum"},"content":{"rendered":"<p style=\"text-align: left;\"><span style=\"color: #ff9900;\"> <a href=\"https:\/\/efimezotur.hu\/wp-content\/uploads\/2025\/10\/2025-programok-.pdf\">2025 programok<\/a><\/span><\/p>\n<p style=\"text-align: left;\"><a href=\"https:\/\/efimezotur.hu\/wp-content\/uploads\/2024\/02\/2023-2024-programok-.pdf\">2023-2024 programok<\/a><\/p>\n<p><a href=\"https:\/\/efimezotur.hu\/wp-content\/uploads\/2024\/02\/2023-programok.pdf\">2023 programok<\/a><\/p>\n<p><a href=\"http:\/\/efimezotur.mediacenter11.hu\/?page_id=806\">EG\u00c9SZS\u00c9GNAP 2018<\/a><br><a href=\"http:\/\/efimezotur.mediacenter11.hu\/wp-content\/uploads\/2019\/01\/2018.-efi-arch\u00edv.pdf\">2018. \u00e9v sz\u0171r\u00e9sei<\/a><br><a href=\"http:\/\/efimezotur.mediacenter11.hu\/wp-content\/uploads\/2019\/01\/AZ-ORSZ\u00c1G-GERINCTORN\u00c1JA.pdf\">AZ ORSZ\u00c1G GERINCTORN\u00c1JA<\/a><br><a href=\"http:\/\/efimezotur.mediacenter11.hu\/wp-content\/uploads\/2019\/01\/N\u0151gy\u00f3gy\u00e1szati-sz\u0171r\u00e9s.pdf\">N\u0151gy\u00f3gy\u00e1szati sz\u0171r\u00e9s<\/a><br><a href=\"http:\/\/efimezotur.mediacenter11.hu\/wp-content\/uploads\/2019\/01\/Reumatol\u00f3giai-sz\u0171r\u00e9s.pdf\">Reumatol\u00f3giai sz\u0171r\u00e9s<\/a><br><a href=\"http:\/\/efimezotur.mediacenter11.hu\/wp-content\/uploads\/2019\/01\/Sz\u00e1j\u00fcregi-daganat-sz\u0171r\u00e9s.pdf\">Sz\u00e1j\u00fcregi daganat sz\u0171r\u00e9s<\/a><br><a href=\"http:\/\/efimezotur.mediacenter11.hu\/wp-content\/uploads\/2019\/01\/Szem\u00e9szeti-sz\u0171r\u00e9s.pdf\">Szem\u00e9szeti sz\u0171r\u00e9s<\/a><\/p>\n<p><a href=\"http:\/\/efimezotur.mediacenter11.hu\/wp-content\/uploads\/2019\/05\/efi_plak\u00e1t.pdf\">EG\u00c9SZS\u00c9GNAP 2019<\/a><br><a href=\"http:\/\/efimezotur.mediacenter11.hu\/wp-content\/uploads\/2020\/01\/EFI-programok-2019.pdf\">Eg\u00e9szs\u00e9gfejleszt\u00e9si Iroda (EFI) 2019. \u00e9vi Programjai<\/a><\/p>\n<p><a href=\"http:\/\/efimezotur.mediacenter11.hu\/wp-content\/uploads\/2020\/01\/LEK-programok-2019-Arch\u00edvum.pdf\">Lelki Eg\u00e9szs\u00e9g K\u00f6zpont (LEK) 2019. \u00e9vi Programjai<\/a><\/p>\n<p>&nbsp;<\/p>\n<p>&nbsp;<\/p>\n<p>&nbsp;<\/p>\n\n\n<p><\/p>\n","protected":false},"excerpt":{"rendered":"<p>2025 programok 2023-2024 programok 2023 programok EG\u00c9SZS\u00c9GNAP 20182018. \u00e9v sz\u0171r\u00e9seiAZ ORSZ\u00c1G GERINCTORN\u00c1JAN\u0151gy\u00f3gy\u00e1szati sz\u0171r\u00e9sReumatol\u00f3giai sz\u0171r\u00e9sSz\u00e1j\u00fcregi daganat sz\u0171r\u00e9sSzem\u00e9szeti sz\u0171r\u00e9s EG\u00c9SZS\u00c9GNAP 2019Eg\u00e9szs\u00e9gfejleszt\u00e9si Iroda (EFI) 2019. \u00e9vi Programjai Lelki Eg\u00e9szs\u00e9g K\u00f6zpont (LEK) 2019. \u00e9vi Programjai &nbsp; &nbsp; &nbsp;<\/p>\n","protected":false},"author":2,"featured_media":0,"parent":0,"menu_order":0,"comment_status":"closed","ping_status":"closed","template":"","meta":{"ngg_post_thumbnail":0,"footnotes":""},"class_list":["post-967","page","type-page","status-publish","hentry"],"_links":{"self":[{"href":"https:\/\/efimezotur.hu\/index.php?rest_route=\/wp\/v2\/pages\/967","targetHints":{"allow":["GET"]}}],"collection":[{"href":"https:\/\/efimezotur.hu\/index.php?rest_route=\/wp\/v2\/pages"}],"about":[{"href":"https:\/\/efimezotur.hu\/index.php?rest_route=\/wp\/v2\/types\/page"}],"author":[{"embeddable":true,"href":"https:\/\/efimezotur.hu\/index.php?rest_route=\/wp\/v2\/users\/2"}],"replies":[{"embeddable":true,"href":"https:\/\/efimezotur.hu\/index.php?rest_route=%2Fwp%2Fv2%2Fcomments&post=967"}],"version-history":[{"count":21,"href":"https:\/\/efimezotur.hu\/index.php?rest_route=\/wp\/v2\/pages\/967\/revisions"}],"predecessor-version":[{"id":2062,"href":"https:\/\/efimezotur.hu\/index.php?rest_route=\/wp\/v2\/pages\/967\/revisions\/2062"}],"wp:attachment":[{"href":"https:\/\/efimezotur.hu\/index.php?rest_route=%2Fwp%2Fv2%2Fmedia&parent=967"}],"curies":[{"name":"wp","href":"https:\/\/api.w.org\/{rel}","templated":true}]}}